{"id":591448,"date":"2025-03-04T23:22:14","date_gmt":"2025-03-04T22:22:14","guid":{"rendered":"https:\/\/shop.kustom.ch\/?post_type=product&#038;p=591448"},"modified":"2026-03-31T09:10:10","modified_gmt":"2026-03-31T08:10:10","slug":"damen-service-shorts-4-wege-stretch","status":"publish","type":"product","link":"https:\/\/shop.kustom.ch\/it\/prodotto\/damen-service-shorts-4-wege-stretch\/","title":{"rendered":"Pantaloncini di servizio da donna elasticizzati in 4 direzioni"},"content":{"rendered":"<p>Pantaloncini di servizio antigraffio con vestibilit\u00e0 femminile, in un tessuto elasticizzato a 4 vie incredibilmente confortevole e tollerante, che pu\u00f2 essere indossato sia nel tempo libero che al lavoro. I pantaloncini hanno una vestibilit\u00e0 pi\u00f9 stretta e un elastico in vita per un comfort ancora maggiore.<\/p>\n<p>DETTAGLI: Buone superfici per la finitura. Bottoni nascosti. Zip in plastica al cavallo. Anello a D in vita. FUNZIONALIT\u00c0: Senza graffi. Vestibilit\u00e0 regolare. CARATTERISTICHE PRINCIPALI: Artigiano. Donna. TESSUTO: Donna. nero. Stretch. Stretch. TASCHE: Tasca sulla gamba sinistra con patta e bottone magnetico nascosto e tasca interna per cellulare in rete. Tasca interna con zip nascosta. Tasca portadocumenti pieghevole con portacoltelli e portapenne. ISTRUZIONI DI LAVAGGIO: Non lavare a secco. RINFORZO: tasche rinforzate in CORDURA\u00ae.<\/p>\n<p>Poliammide 92%, elastan 8%, doppio tessuto, elasticizzato in 4 direzioni, 230 g\/m\u00b2.<\/p>","protected":false},"excerpt":{"rendered":"<p>Eine kratzfreie Service-Shorts mit Damen-Passform in einem fantastisch komfortablen und nachgiebigen 4-Wege-Stretch, die sowohl in der Freizeit als auch bei der Arbeit getragen werden kann. Die Shorts hat eine engere Passform und einen Gummizug im Bund f\u00fcr noch besseren Komfort. DETAILS: Gute Oberfl\u00e4chen f\u00fcr Veredelung. Verdeckte Kn\u00f6pfe. Kunststoff-Reissverschluss im Schritt. D-Ring am Bund. FUNKTIONALIT\u00c4T: Kratzfrei. [&hellip;]<\/p>\n","protected":false},"featured_media":591476,"template":"","meta":[],"product_brand":[],"product_cat":[4198],"product_tag":[],"class_list":{"0":"post-591448","1":"product","2":"type-product","3":"status-publish","4":"has-post-thumbnail","6":"product_cat-shorts","7":"pa_brand-blaklaeder","8":"pa_brand-type-workwear","9":"pa_filter-color-blau","10":"pa_filter-color-grau","11":"pa_filter-color-schwarz","13":"first","14":"instock","15":"sale","16":"taxable","17":"shipping-taxable","18":"purchasable","19":"product-type-variable","20":"add-to-wishlist-before_image"},"exclude_global_add_ons":[],"addons":[],"acf":[],"_links":{"self":[{"href":"https:\/\/shop.kustom.ch\/it\/wp-json\/wp\/v2\/product\/591448"}],"collection":[{"href":"https:\/\/shop.kustom.ch\/it\/wp-json\/wp\/v2\/product"}],"about":[{"href":"https:\/\/shop.kustom.ch\/it\/wp-json\/wp\/v2\/types\/product"}],"wp:featuredmedia":[{"embeddable":true,"href":"https:\/\/shop.kustom.ch\/it\/wp-json\/wp\/v2\/media\/591476"}],"wp:attachment":[{"href":"https:\/\/shop.kustom.ch\/it\/wp-json\/wp\/v2\/media?parent=591448"}],"wp:term":[{"taxonomy":"product_brand","embeddable":true,"href":"https:\/\/shop.kustom.ch\/it\/wp-json\/wp\/v2\/product_brand?post=591448"},{"taxonomy":"product_cat","embeddable":true,"href":"https:\/\/shop.kustom.ch\/it\/wp-json\/wp\/v2\/product_cat?post=591448"},{"taxonomy":"product_tag","embeddable":true,"href":"https:\/\/shop.kustom.ch\/it\/wp-json\/wp\/v2\/product_tag?post=591448"}],"curies":[{"name":"wp","href":"https:\/\/api.w.org\/{rel}","templated":true}]}}