{"id":591384,"date":"2025-03-04T23:21:34","date_gmt":"2025-03-04T22:21:34","guid":{"rendered":"https:\/\/shop.kustom.ch\/?post_type=product&#038;p=591384"},"modified":"2026-03-31T09:10:03","modified_gmt":"2026-03-31T08:10:03","slug":"damen-service-arbeitshose-4-wege-stretch","status":"publish","type":"product","link":"https:\/\/shop.kustom.ch\/it\/prodotto\/damen-service-arbeitshose-4-wege-stretch\/","title":{"rendered":"Pantaloni da lavoro da donna elasticizzati in 4 direzioni"},"content":{"rendered":"<p>Pantaloni da lavoro di servizio resistenti ai graffi, appositamente studiati per la figura femminile. Realizzati in comode fibre elastiche in 4 direzioni, possono essere indossati sia al lavoro che nel tempo libero all'aperto. I pantaloni hanno una vestibilit\u00e0 pi\u00f9 sottile e un aspetto pi\u00f9 aderente, che oggi \u00e8 molto apprezzato da chi li indossa. L'elastico in vita offre un maggiore comfort. L'orlo \u00e8 regolabile e l'inserto in rete sul retro del ginocchio garantisce una maggiore ventilazione. Le spiacevoli giornate di lavoro sono ormai solo un lontano ricordo.<\/p>\n<p>CHIUSURA: Polsini delle gambe regolabili con bottoni. DETTAGLI: Buone superfici per le finiture. Bottone in metallo. Zip in plastica al cavallo. Anello a D in vita. FUNZIONALIT\u00c0: 4 vie elasticizzate. Gambe dei pantaloni particolarmente ergonomiche. CARATTERISTICHE PRINCIPALI: Artigianale. REFLEX: Dettagli riflettenti neri. TESSUTO: Disponibile per uomo e donna. nero. Non graffia. Industria \/ Servizio. TASCHE: Tasca sulla coscia con zip. Tasca interna con zip nascosta. Tasca portadocumenti pieghevole con portacoltelli e portapenne. ISTRUZIONI DI LAVAGGIO: Non lavare a secco. RINFORZO: estremit\u00e0 delle gambe rinforzate in CORDURA\u00ae.<\/p>\n<p>Poliammide 92%, elastan 8%, doppio tessuto, elasticizzato in 4 direzioni, 230 g\/m\u00b2.<\/p>","protected":false},"excerpt":{"rendered":"<p>Kratzerresistente Service Arbeitshose speziell f\u00fcr die weibliche Figur entworfen. Hergestellt aus komfortablen 4-Wege-Stretch Fasern, die sowohl bei der Arbeit als auch f\u00fcr den Freizeiteinsatz im Freien getragen werden kann. Die Hose hat eine schlankere Passform und sieht enger aus, was heute bei vielen Tr\u00e4gern beliebt ist. Der elastische Bund sorgt f\u00fcr zus\u00e4tzlichen Komfort. Der Saum [&hellip;]<\/p>\n","protected":false},"featured_media":591412,"template":"","meta":[],"product_brand":[],"product_cat":[4185],"product_tag":[],"class_list":{"0":"post-591384","1":"product","2":"type-product","3":"status-publish","4":"has-post-thumbnail","6":"product_cat-hosen","7":"pa_brand-blaklaeder","8":"pa_brand-type-workwear","9":"pa_filter-color-blau","10":"pa_filter-color-gelb","11":"pa_filter-color-grau","12":"pa_filter-color-rot","13":"pa_filter-color-schwarz","15":"first","16":"instock","17":"sale","18":"taxable","19":"shipping-taxable","20":"purchasable","21":"product-type-variable","22":"add-to-wishlist-before_image"},"exclude_global_add_ons":[],"addons":[],"acf":[],"_links":{"self":[{"href":"https:\/\/shop.kustom.ch\/it\/wp-json\/wp\/v2\/product\/591384"}],"collection":[{"href":"https:\/\/shop.kustom.ch\/it\/wp-json\/wp\/v2\/product"}],"about":[{"href":"https:\/\/shop.kustom.ch\/it\/wp-json\/wp\/v2\/types\/product"}],"wp:featuredmedia":[{"embeddable":true,"href":"https:\/\/shop.kustom.ch\/it\/wp-json\/wp\/v2\/media\/591412"}],"wp:attachment":[{"href":"https:\/\/shop.kustom.ch\/it\/wp-json\/wp\/v2\/media?parent=591384"}],"wp:term":[{"taxonomy":"product_brand","embeddable":true,"href":"https:\/\/shop.kustom.ch\/it\/wp-json\/wp\/v2\/product_brand?post=591384"},{"taxonomy":"product_cat","embeddable":true,"href":"https:\/\/shop.kustom.ch\/it\/wp-json\/wp\/v2\/product_cat?post=591384"},{"taxonomy":"product_tag","embeddable":true,"href":"https:\/\/shop.kustom.ch\/it\/wp-json\/wp\/v2\/product_tag?post=591384"}],"curies":[{"name":"wp","href":"https:\/\/api.w.org\/{rel}","templated":true}]}}