{"id":591253,"date":"2025-03-04T23:19:39","date_gmt":"2025-03-04T22:19:39","guid":{"rendered":"https:\/\/shop.kustom.ch\/?post_type=product&#038;p=591253"},"modified":"2026-03-31T09:09:29","modified_gmt":"2026-03-31T08:09:29","slug":"damen-industrie-arbeitshose-stretch","status":"publish","type":"product","link":"https:\/\/shop.kustom.ch\/it\/prodotto\/damen-industrie-arbeitshose-stretch\/","title":{"rendered":"Pantaloni da lavoro industriali da donna elasticizzati"},"content":{"rendered":"<p>Pantaloni industriali con taglio femminile. Questi pantaloni industriali lavabili e antigraffio con tasche per ginocchiere sono realizzati in un'accogliente tela di cotone elasticizzata in due direzioni e sono elasticizzati in vita per aumentare il comfort. I pantaloni sono dotati di dettagli riflettenti che consentono di essere visibili in caso di necessit\u00e0. Disponibile anche come modello da uomo 1466.<\/p>\n<p>DETTAGLI: Anello a D. Bottoni nascosti. Cucitura interna della gamba con tripla impuntura. Zip in metallo sul cavallo. Vita elasticizzata. FUNZIONALIT\u00c0: Senza graffi. Gambe dei pantaloni particolarmente ergonomiche. PROPRIET\u00c0 PRINCIPALI: Lavoratore di magazzino. EN 14004. REFLEX: Dettagli riflettenti sulla gamba. TESSUTO: Donna. blu. Stretch. Stretch. TASCHE: Tasche sulla gamba con soffietto e patta, bottoni metallici nascosti. Tasca posteriore, una con patta. Tasca interna per cellulare. Tasche esterne per ginocchiere. Tasca interna con zip nascosta. Tasca interna porta metro pieghevole. ISTRUZIONI DI LAVAGGIO: Non lavare a secco. LAVAGGIO: lavanderia industriale EN ISO 15797. CERTIFICAZIONE: EN 14404:2004+A1:2010 insieme alla ginocchiera 4057.<\/p>\n<p>98% cotone, 2% elastolefina, tela, 285 g\/m\u00b2<\/p>","protected":false},"excerpt":{"rendered":"<p>Eine Industriehose mit Damenschnitt. Diese industriell waschbare, kratzfreie Hose mit Kniepolstertaschen besteht aus einem gem\u00fctlichen Baumwoll-Canvas mit Zwei-Wege-Stretch und ist in der Taille elastisch, um den Komfort zu erh\u00f6hen. Die Hose hat reflektierende Details, damit Sie bei Bedarf gesehen werden. Auch als Herrenmodell 1466 erh\u00e4ltlich. DETAILS: D-Ring. Verdeckte Kn\u00f6pfe. Innenbeinnaht mit 3-fach-Naht. Metall-Reissverschluss im Schritt. [&hellip;]<\/p>\n","protected":false},"featured_media":591309,"template":"","meta":[],"product_brand":[],"product_cat":[4185],"product_tag":[],"class_list":{"0":"post-591253","1":"product","2":"type-product","3":"status-publish","4":"has-post-thumbnail","6":"product_cat-hosen","7":"pa_brand-blaklaeder","8":"pa_brand-type-workwear","9":"pa_filter-color-blau","10":"pa_filter-color-grau","11":"pa_filter-color-schwarz","13":"first","14":"instock","15":"sale","16":"taxable","17":"shipping-taxable","18":"purchasable","19":"product-type-variable","20":"add-to-wishlist-before_image"},"exclude_global_add_ons":[],"addons":[],"acf":[],"_links":{"self":[{"href":"https:\/\/shop.kustom.ch\/it\/wp-json\/wp\/v2\/product\/591253"}],"collection":[{"href":"https:\/\/shop.kustom.ch\/it\/wp-json\/wp\/v2\/product"}],"about":[{"href":"https:\/\/shop.kustom.ch\/it\/wp-json\/wp\/v2\/types\/product"}],"wp:featuredmedia":[{"embeddable":true,"href":"https:\/\/shop.kustom.ch\/it\/wp-json\/wp\/v2\/media\/591309"}],"wp:attachment":[{"href":"https:\/\/shop.kustom.ch\/it\/wp-json\/wp\/v2\/media?parent=591253"}],"wp:term":[{"taxonomy":"product_brand","embeddable":true,"href":"https:\/\/shop.kustom.ch\/it\/wp-json\/wp\/v2\/product_brand?post=591253"},{"taxonomy":"product_cat","embeddable":true,"href":"https:\/\/shop.kustom.ch\/it\/wp-json\/wp\/v2\/product_cat?post=591253"},{"taxonomy":"product_tag","embeddable":true,"href":"https:\/\/shop.kustom.ch\/it\/wp-json\/wp\/v2\/product_tag?post=591253"}],"curies":[{"name":"wp","href":"https:\/\/api.w.org\/{rel}","templated":true}]}}