{"id":591246,"date":"2025-03-04T23:19:38","date_gmt":"2025-03-04T22:19:38","guid":{"rendered":"https:\/\/shop.kustom.ch\/?post_type=product&#038;p=591246"},"modified":"2026-03-31T09:09:25","modified_gmt":"2026-03-31T08:09:25","slug":"damen-industrie-arbeitshose","status":"publish","type":"product","link":"https:\/\/shop.kustom.ch\/it\/prodotto\/damen-industrie-arbeitshose\/","title":{"rendered":"Pantaloni da lavoro industriali da donna"},"content":{"rendered":"<p>Pantaloni da lavoro industriali\/servizi con uno speciale taglio femminile. Questi pantaloni hanno una vita elasticizzata, gambe affusolate e varie tasche posizionate in modo intelligente, come le tasche posteriori con patta, le tasche sulle gambe con tasca per cellulare, tasca per righello, tasca per documenti e tasca per penne. Leggeri e molto comodi, questi pantaloni sono ideali per un'ampia gamma di applicazioni.<\/p>\n<p>CHIUSURA: possibilit\u00e0 di estensione sul fondo della gamba. DETTAGLI: Tasca per carte d'identit\u00e0 staccabile. Bottoni a pressione in metallo. Zip in plastica sul cavallo. Vita elasticizzata. FUNZIONALIT\u00c0: Taglia donna. CARATTERISTICHE PRINCIPALI: Artigianale. TESSUTO: Donna. blu. Industria \/ Servizio. TASCHE: Tasca sulla gamba con tasca per cellulare, tasca per carte d'identit\u00e0 e tasche per penne. Tasca posteriore con patta. Tasche laterali. Tasca porta metro pieghevole. ISTRUZIONI DI LAVAGGIO: Stiratura - media. LAVAGGIO: Lavanderia industriale EN ISO 15797.<\/p>\n<p>65% poliestere, 35% cotone, twill, 240 g\/m\u00b2<\/p>","protected":false},"excerpt":{"rendered":"<p>Industrie\/Service Arbeitshose mit eigenem Damenschnitt. Diese Bundhose hat einen elastischen Bund, enger geschnittene Beine und verschiedene, geschickt platzierte Taschen, wie zum Beispiel Ges\u00e4sstaschen mit Patte, Beintaschen mit Handytasche, Zollstocktasche, ID-Tasche und Stiftfach. Federleicht und sehr komfortabel &#8211; das macht diese Bundhose ideal f\u00fcr ein breites Einsatzgebiet. ABSCHLUSS: Verl\u00e4ngerungsm\u00f6glichkeit am Beinsaum. DETAILS: Abnehmbare Ausweistasche. Metall-Druckkn\u00f6pfe. Kunststoff-Reissverschluss [&hellip;]<\/p>\n","protected":false},"featured_media":530736,"template":"","meta":[],"product_brand":[],"product_cat":[4185],"product_tag":[],"class_list":{"0":"post-591246","1":"product","2":"type-product","3":"status-publish","4":"has-post-thumbnail","6":"product_cat-hosen","7":"pa_brand-blaklaeder","8":"pa_brand-type-workwear","9":"pa_filter-color-blau","10":"pa_filter-color-grau","11":"pa_filter-color-rot","12":"pa_filter-color-schwarz","14":"first","15":"instock","16":"sale","17":"taxable","18":"shipping-taxable","19":"purchasable","20":"product-type-variable","21":"add-to-wishlist-before_image"},"exclude_global_add_ons":[],"addons":[],"acf":[],"_links":{"self":[{"href":"https:\/\/shop.kustom.ch\/it\/wp-json\/wp\/v2\/product\/591246"}],"collection":[{"href":"https:\/\/shop.kustom.ch\/it\/wp-json\/wp\/v2\/product"}],"about":[{"href":"https:\/\/shop.kustom.ch\/it\/wp-json\/wp\/v2\/types\/product"}],"wp:featuredmedia":[{"embeddable":true,"href":"https:\/\/shop.kustom.ch\/it\/wp-json\/wp\/v2\/media\/530736"}],"wp:attachment":[{"href":"https:\/\/shop.kustom.ch\/it\/wp-json\/wp\/v2\/media?parent=591246"}],"wp:term":[{"taxonomy":"product_brand","embeddable":true,"href":"https:\/\/shop.kustom.ch\/it\/wp-json\/wp\/v2\/product_brand?post=591246"},{"taxonomy":"product_cat","embeddable":true,"href":"https:\/\/shop.kustom.ch\/it\/wp-json\/wp\/v2\/product_cat?post=591246"},{"taxonomy":"product_tag","embeddable":true,"href":"https:\/\/shop.kustom.ch\/it\/wp-json\/wp\/v2\/product_tag?post=591246"}],"curies":[{"name":"wp","href":"https:\/\/api.w.org\/{rel}","templated":true}]}}