{"id":591178,"date":"2025-03-04T23:18:54","date_gmt":"2025-03-04T22:18:54","guid":{"rendered":"https:\/\/shop.kustom.ch\/?post_type=product&#038;p=591178"},"modified":"2026-03-31T09:08:48","modified_gmt":"2026-03-31T08:08:48","slug":"winteroverall-2","status":"publish","type":"product","link":"https:\/\/shop.kustom.ch\/it\/prodotto\/winteroverall-2\/","title":{"rendered":"Inverno in generale"},"content":{"rendered":"<p>CHIUSURA: Polsini regolabili con chiusura a velcro. Polsini elasticizzati regolabili. DETTAGLI: Cappuccio staccabile con fodera calda. Cuciture nastrate. Ampi passanti per cintura sul retro e sui lati. Gonna da neve con chiusura in velcro e bottone. Vita elasticizzata. CHIUSURA ANTERIORE: cerniera in plastica nascosta. FUNZIONALIT\u00c0: Materiale antivento e impermeabile con traspirabilit\u00e0, cuciture nastrate. PROPRIET\u00c0 PRINCIPALI: Artigianale. Uomo. EN 343. REFLEX: Materiale riflettente su spalle, maniche e gambe. TESSUTO: Giallo alta visibilit\u00e0. Traspirabilit\u00e0. Vento\/umido\/freddo. TASCHE: Tasca sulle gambe con patta. Tasca sul petto con zip idrorepellente e fodera in pile. Tasca posteriore con soffietto e patta. Tasca interna con zip. Tasche interne per ginocchiere. Tasche anteriori con cerniere idrorepellenti. Tasca per regolo pieghevole con tasca aggiuntiva. ISTRUZIONI DI LAVAGGIO: Non candeggiare. CERTIFICAZIONE: EN 14404:2004+A1:2010 insieme alle ginocchiere 4027, 4057, 4058 e 4032. EN 342. EN 343, classe 3.1. Non certificato High Vis.<\/p>\n<p>100% poliestere, Oxford, rivestito, impermeabile 15.000 mm, antivento, traspirante Ret 8.5, 200g\/m\u00b2<\/p>","protected":false},"excerpt":{"rendered":"<p>ABSCHLUSS: Verstellbare Beinabschl\u00fcsse mit Klettverschluss. Verstellbare \u00c4rmelb\u00fcndchen mit Gummizug. DETAILS: Abnehmbare Kapuze mit Warmfutter. Verschweisste N\u00e4hte. Breite G\u00fcrtelschlaufen hinten und an den Seiten. Schneefang mit Klettverschluss und Knopf. Gummizug an der Taille. FRONTVERSCHLUSS: Verdeckter Reissverschluss aus Kunststoff. FUNKTIONALIT\u00c4T: Wind- &amp;amp; wasserdichtes Material mit Atmungsaktivit\u00e4t, verschweisste N\u00e4hte. HAUPTEIGENSCHAFTEN: Handwerker. Herren. EN 343. REFLEX: Reflexmaterial an Schultern, [&hellip;]<\/p>\n","protected":false},"featured_media":591220,"template":"","meta":[],"product_brand":[],"product_cat":[10454],"product_tag":[],"class_list":{"0":"post-591178","1":"product","2":"type-product","3":"status-publish","4":"has-post-thumbnail","6":"product_cat-overalls","7":"pa_brand-blaklaeder","8":"pa_brand-type-workwear","9":"pa_filter-color-gelb","10":"pa_filter-color-schwarz","12":"first","13":"instock","14":"sale","15":"taxable","16":"shipping-taxable","17":"purchasable","18":"product-type-variable","19":"add-to-wishlist-before_image"},"exclude_global_add_ons":[],"addons":[],"acf":[],"_links":{"self":[{"href":"https:\/\/shop.kustom.ch\/it\/wp-json\/wp\/v2\/product\/591178"}],"collection":[{"href":"https:\/\/shop.kustom.ch\/it\/wp-json\/wp\/v2\/product"}],"about":[{"href":"https:\/\/shop.kustom.ch\/it\/wp-json\/wp\/v2\/types\/product"}],"wp:featuredmedia":[{"embeddable":true,"href":"https:\/\/shop.kustom.ch\/it\/wp-json\/wp\/v2\/media\/591220"}],"wp:attachment":[{"href":"https:\/\/shop.kustom.ch\/it\/wp-json\/wp\/v2\/media?parent=591178"}],"wp:term":[{"taxonomy":"product_brand","embeddable":true,"href":"https:\/\/shop.kustom.ch\/it\/wp-json\/wp\/v2\/product_brand?post=591178"},{"taxonomy":"product_cat","embeddable":true,"href":"https:\/\/shop.kustom.ch\/it\/wp-json\/wp\/v2\/product_cat?post=591178"},{"taxonomy":"product_tag","embeddable":true,"href":"https:\/\/shop.kustom.ch\/it\/wp-json\/wp\/v2\/product_tag?post=591178"}],"curies":[{"name":"wp","href":"https:\/\/api.w.org\/{rel}","templated":true}]}}