{"id":591114,"date":"2025-03-04T23:18:10","date_gmt":"2025-03-04T22:18:10","guid":{"rendered":"https:\/\/shop.kustom.ch\/?post_type=product&#038;p=591114"},"modified":"2026-03-31T09:08:46","modified_gmt":"2026-03-31T08:08:46","slug":"winteroverall","status":"publish","type":"product","link":"https:\/\/shop.kustom.ch\/it\/prodotto\/winteroverall\/","title":{"rendered":"Inverno in generale"},"content":{"rendered":"<p>Una tuta che rende pi\u00f9 facile ed efficiente il lavoro quotidiano. \u00c8 bello e pratico che non ci sia uno spazio nella parte posteriore quando ci si piega in avanti. Materiale shell antivento e impermeabile. Cuciture nastrate e tasche con cerniere impermeabili. Altre caratteristiche importanti sono le cerniere bidirezionali sul davanti e sulle gambe. Tasche interne per ginocchiere e cappuccio staccabile.<\/p>\n<p>CHIUSURA: Polsini regolabili con cerniera e velcro. Polsino interno con foro per il pollice. DETTAGLI: Tasca per carte d'identit\u00e0 staccabile. Soffietti sulla schiena. Cappuccio staccabile e regolabile. Colletto foderato in pile. Cuciture nastrate. Inserto elasticizzato sul retro. Passanti. Gonna da neve con chiusura a velcro e bottone. Vita elasticizzata. CHIUSURA ANTERIORE: Patta antivento interna. FUNZIONALIT\u00c0: Inserto elasticizzato sul retro. CARATTERISTICHE PRINCIPALI: Roofer. Uomo. EN 343. REFLEX: Dettagli riflettenti sulla gamba. TESSUTO: nero. Tasche per ginocchiere. Vento \/ bagnato \/ freddo. TASCHE: Tasca sul petto con zip idrorepellente. Tasca interna per cellulare. Tasca interna con zip. Tasche interne per ginocchiere. Tasche anteriori con cerniere idrorepellenti. Tasca porta metro pieghevole con tasca aggiuntiva e porta coltello. ISTRUZIONI DI LAVAGGIO: 40\u00b0 C. CERTIFICAZIONE: EN 14404:2004+A1:2010 insieme alle ginocchiere 4027, 4057, 4058 e 4032. EN 342. EN 343, classe 3.1<\/p>\n<p>100% poliestere, Oxford, rivestito, impermeabile 15.000 mm, antivento, traspirante Ret 8.5, 200g\/m\u00b2<\/p>","protected":false},"excerpt":{"rendered":"<p>Ein Overall, der Ihren Arbeitsalltag einfacher und effizienter macht. Sch\u00f6n und praktisch, dass hinten keine L\u00fccke entsteht, wenn man sich nach vorne beugt. Wind- und wasserdichtes Shell-Material. Verschweisste N\u00e4hte und Taschen mit wasserdichten Reissverschl\u00fcssen. Weitere grossartige Merkmale sind Zwei-Wege-Reissverschl\u00fcsse an der Vorderseite und an den Beinen. Kniepolstertaschen innen und abnehmbare Kapuze. ABSCHLUSS: Verstellbarer Beinabschluss mit [&hellip;]<\/p>\n","protected":false},"featured_media":591164,"template":"","meta":[],"product_brand":[],"product_cat":[10454],"product_tag":[],"class_list":{"0":"post-591114","1":"product","2":"type-product","3":"status-publish","4":"has-post-thumbnail","6":"product_cat-overalls","7":"pa_brand-blaklaeder","8":"pa_brand-type-workwear","9":"pa_filter-color-blau","10":"pa_filter-color-schwarz","12":"first","13":"instock","14":"sale","15":"taxable","16":"shipping-taxable","17":"purchasable","18":"product-type-variable","19":"add-to-wishlist-before_image"},"exclude_global_add_ons":[],"addons":[],"acf":[],"_links":{"self":[{"href":"https:\/\/shop.kustom.ch\/it\/wp-json\/wp\/v2\/product\/591114"}],"collection":[{"href":"https:\/\/shop.kustom.ch\/it\/wp-json\/wp\/v2\/product"}],"about":[{"href":"https:\/\/shop.kustom.ch\/it\/wp-json\/wp\/v2\/types\/product"}],"wp:featuredmedia":[{"embeddable":true,"href":"https:\/\/shop.kustom.ch\/it\/wp-json\/wp\/v2\/media\/591164"}],"wp:attachment":[{"href":"https:\/\/shop.kustom.ch\/it\/wp-json\/wp\/v2\/media?parent=591114"}],"wp:term":[{"taxonomy":"product_brand","embeddable":true,"href":"https:\/\/shop.kustom.ch\/it\/wp-json\/wp\/v2\/product_brand?post=591114"},{"taxonomy":"product_cat","embeddable":true,"href":"https:\/\/shop.kustom.ch\/it\/wp-json\/wp\/v2\/product_cat?post=591114"},{"taxonomy":"product_tag","embeddable":true,"href":"https:\/\/shop.kustom.ch\/it\/wp-json\/wp\/v2\/product_tag?post=591114"}],"curies":[{"name":"wp","href":"https:\/\/api.w.org\/{rel}","templated":true}]}}