{"id":590926,"date":"2025-03-04T23:15:40","date_gmt":"2025-03-04T22:15:40","guid":{"rendered":"https:\/\/shop.kustom.ch\/?post_type=product&#038;p=590926"},"modified":"2026-03-31T09:08:27","modified_gmt":"2026-03-31T08:08:27","slug":"high-vis-winteroverall","status":"publish","type":"product","link":"https:\/\/shop.kustom.ch\/it\/prodotto\/high-vis-winteroverall\/","title":{"rendered":"Tuta invernale High Vis"},"content":{"rendered":"<p>Tuta invernale antivento e impermeabile, classe 1 high vis, con cuciture nastrate e fodera imbottita per il calore necessario alle basse temperature. La tuta \u00e8 elasticizzata nella parte posteriore per garantire una migliore flessibilit\u00e0 e un soffietto nella schiena per una maggiore libert\u00e0 di movimento. Il cappuccio \u00e8 staccabile e adatto a caschi e protezioni auricolari. La tuta \u00e8 dotata di tasche interne per le ginocchiere, di una cerniera laterale a due vie fino alla cintura e di un portamartello in vita su entrambi i lati. \u00c8 possibile aggiungere le tasche portachiodi 2170 staccabili, vendute separatamente. Disponibile nelle taglie extra corte XXSS, XSS, SS, MS, LS, XLS, XXLS, XXXLS, 4XLS (-4 cm rispetto alle taglie normali).<\/p>\n<p>CHIUSURA: pu\u00f2 essere aperta nella parte superiore dei fianchi con una cerniera. Polsini delle gambe regolabili con chiusura in velcro. Polsini regolabili con chiusura in velcro. DETTAGLI: anello a D. Soffietti sulla schiena. Stampa riflettente sul retro del cappuccio. Cappuccio staccabile e regolabile con fodera calda. Moschettoni in metallo. Colletto foderato in pile. Zip laterale a due vie. Passanti su entrambi i lati del petto per microfoni e altre attrezzature. Gonna da neve con chiusura a velcro e bottone. Vita elasticizzata. CHIUSURA ANTERIORE: Zip bidirezionale nascosta in plastica. FUNZIONALIT\u00c0: Inserto in rete sulla scapola. REGOLAZIONE TAGLIA: Per ottenere diverse lunghezze interne delle gambe, offriamo la 6720 in due lunghezze. Taglia L: LS=corto 78 cm, L=82 cm. Per maggiori informazioni, consultare la tabella delle taglie. PROPRIET\u00c0 PRINCIPALI: Lavoratori stradali ed edili. Unisex. EN 14004. REFLEX: strisce riflettenti a trasferimento larghe 50 mm. SIMBOLI: Antivento. TASCHE: Tasca sulla gamba con patta e tasca per cellulare. Tasche sul petto con cerniere idrorepellenti. Tasca posteriore con zip. Tasca interna in rete. Tasche interne per ginocchiere. Tasche per chiodi in CORDURA\u00ae vendute separatamente (art. 2170). Tasche laterali con cerniera. Tasca portapenne sulla manica. Tasca per regolo pieghevole con portacoltelli e tasca portapenne. ISTRUZIONI DI LAVAGGIO: Numero di lavaggi: 20, non stirare. CERTIFICAZIONE: EN 14404:2004+A1:2010 insieme alle ginocchiere 4027, 4057, 4058 e 4032. EN 342. EN 343, classe 4.1. EN ISO 20471, classe 1.<\/p>\n<p>100% poliestere, Oxford, rivestito, impermeabile 15.000 mm, antivento, traspirante Ret 8.5, 200g\/m\u00b2<\/p>","protected":false},"excerpt":{"rendered":"<p>Ein wind- und wasserdichter Winteroverall, Klasse 1 High Vis, mit versiegelten N\u00e4hten und wattiertem Futter f\u00fcr die n\u00f6tige W\u00e4rme bei niedrigen Temperaturen. Der Overall hat Stretch am R\u00fccken, um eine bessere Flexibilit\u00e4t zu gew\u00e4hrleisten und einen Faltenbalg im R\u00fccken f\u00fcr mehr Bewegungsfreiheit. Die Kapuze ist abnehmbar und f\u00fcr Helme und Ohrensch\u00fctzer geeignet. Der Overall besitzt [&hellip;]<\/p>\n","protected":false},"featured_media":590962,"template":"","meta":[],"product_brand":[],"product_cat":[10454],"product_tag":[],"class_list":{"0":"post-590926","1":"product","2":"type-product","3":"status-publish","4":"has-post-thumbnail","6":"product_cat-overalls","7":"pa_brand-blaklaeder","8":"pa_brand-type-workwear","9":"pa_filter-color-blau","10":"pa_filter-color-gelb","12":"first","13":"instock","14":"sale","15":"taxable","16":"shipping-taxable","17":"purchasable","18":"product-type-variable","19":"add-to-wishlist-before_image"},"exclude_global_add_ons":[],"addons":[],"acf":[],"_links":{"self":[{"href":"https:\/\/shop.kustom.ch\/it\/wp-json\/wp\/v2\/product\/590926"}],"collection":[{"href":"https:\/\/shop.kustom.ch\/it\/wp-json\/wp\/v2\/product"}],"about":[{"href":"https:\/\/shop.kustom.ch\/it\/wp-json\/wp\/v2\/types\/product"}],"wp:featuredmedia":[{"embeddable":true,"href":"https:\/\/shop.kustom.ch\/it\/wp-json\/wp\/v2\/media\/590962"}],"wp:attachment":[{"href":"https:\/\/shop.kustom.ch\/it\/wp-json\/wp\/v2\/media?parent=590926"}],"wp:term":[{"taxonomy":"product_brand","embeddable":true,"href":"https:\/\/shop.kustom.ch\/it\/wp-json\/wp\/v2\/product_brand?post=590926"},{"taxonomy":"product_cat","embeddable":true,"href":"https:\/\/shop.kustom.ch\/it\/wp-json\/wp\/v2\/product_cat?post=590926"},{"taxonomy":"product_tag","embeddable":true,"href":"https:\/\/shop.kustom.ch\/it\/wp-json\/wp\/v2\/product_tag?post=590926"}],"curies":[{"name":"wp","href":"https:\/\/api.w.org\/{rel}","templated":true}]}}