{"id":590925,"date":"2025-03-04T23:15:40","date_gmt":"2025-03-04T22:15:40","guid":{"rendered":"https:\/\/shop.kustom.ch\/?post_type=product&#038;p=590925"},"modified":"2026-03-31T09:08:26","modified_gmt":"2026-03-31T08:08:26","slug":"flammschutz-overall-2","status":"publish","type":"product","link":"https:\/\/shop.kustom.ch\/it\/prodotto\/flammschutz-overall-2\/","title":{"rendered":"Protezione dalle fiamme in generale"},"content":{"rendered":"<p>Tuta idrorepellente e ignifuga, con estremit\u00e0 delle maniche regolabili, piega di movimento sul retro e cintura regolabile per un comfort ottimale. L'indumento \u00e8 resistente e dispone di una cerniera nascosta, di pratiche tasche con pattina e di una tasca per il righello che facilita il lavoro. Adatto al lavaggio industriale. Certificato secondo le norme EN 1149-5, EN ISO 11611, EN 13034, EN ISO 11612, IEC 61482-2. ATPV: 16,0 cal\/cm\u00b2, HAF: 82,0%.<\/p>\n<p>CHIUSURA: Polsini regolabili con bottoni a pressione. DETTAGLI: Soffietti sul retro. Etichette di certificazione esterne. Passanti su entrambi i lati del petto per rilevatore di gas \/ analizzatore di ossigeno \/ microfono. Vita elastica regolabile. CHIUSURA ANTERIORE: Abbottonatura nascosta con bottoni in metallo. FUNZIONALIT\u00c0: repellente all'olio, allo sporco e all'acqua. PROPRIET\u00c0 PRINCIPALI: Saldatore. Uomo. EN ISO 11611. TESSUTO: blu. Ritardante di fiamma. TASCHE: tasca sul petto con anello a D. Tasche posteriori con patta. Tasca interna. Tasche anteriori con patta e bottone a pressione. Tasca porta metro pieghevole. ISTRUZIONI DI LAVAGGIO: PRO: adatto all'asciugatura in tamburo. CERTIFICAZIONE: EN 1149-5. 20 lavaggi max. EN ISO 11611, classe 1 A1+A2. EN ISO 11612 A1, A2, B1, C1, E3, F1. ATPV - 16 cal\/cm\u00b2<\/p>\n<p>85% cotone, 14% poliestere, 1% antistatico, twill, ritardante la fiamma, antistatico, 350 g\/m\u00b2<\/p>","protected":false},"excerpt":{"rendered":"<p>\u00d6l-, schmutz- und wasserabweisender, flammhemmender Overall mit verstellbaren \u00c4rmelenden, Bewegungsfalte am R\u00fccken und verstellbarem Bund f\u00fcr optimalen Komfort. Das Kleidungsst\u00fcck ist strapazierf\u00e4hig und hat einen verdeckten Reissverschluss, praktische Taschen mit Patten und eine Zollstocktasche, die Ihnen die Arbeit erleichtern. Industriew\u00e4sche geeignet. Zertifiziert nach EN 1149-5, EN ISO 11611, EN 13034, EN ISO 11612, IEC 61482-2. [&hellip;]<\/p>\n","protected":false},"featured_media":590961,"template":"","meta":[],"product_brand":[],"product_cat":[10454],"product_tag":[],"class_list":{"0":"post-590925","1":"product","2":"type-product","3":"status-publish","4":"has-post-thumbnail","6":"product_cat-overalls","7":"pa_brand-blaklaeder","8":"pa_brand-type-workwear","9":"pa_filter-color-blau","11":"first","12":"instock","13":"sale","14":"taxable","15":"shipping-taxable","16":"purchasable","17":"product-type-variable","18":"add-to-wishlist-before_image"},"exclude_global_add_ons":[],"addons":[],"acf":[],"_links":{"self":[{"href":"https:\/\/shop.kustom.ch\/it\/wp-json\/wp\/v2\/product\/590925"}],"collection":[{"href":"https:\/\/shop.kustom.ch\/it\/wp-json\/wp\/v2\/product"}],"about":[{"href":"https:\/\/shop.kustom.ch\/it\/wp-json\/wp\/v2\/types\/product"}],"wp:featuredmedia":[{"embeddable":true,"href":"https:\/\/shop.kustom.ch\/it\/wp-json\/wp\/v2\/media\/590961"}],"wp:attachment":[{"href":"https:\/\/shop.kustom.ch\/it\/wp-json\/wp\/v2\/media?parent=590925"}],"wp:term":[{"taxonomy":"product_brand","embeddable":true,"href":"https:\/\/shop.kustom.ch\/it\/wp-json\/wp\/v2\/product_brand?post=590925"},{"taxonomy":"product_cat","embeddable":true,"href":"https:\/\/shop.kustom.ch\/it\/wp-json\/wp\/v2\/product_cat?post=590925"},{"taxonomy":"product_tag","embeddable":true,"href":"https:\/\/shop.kustom.ch\/it\/wp-json\/wp\/v2\/product_tag?post=590925"}],"curies":[{"name":"wp","href":"https:\/\/api.w.org\/{rel}","templated":true}]}}