{"id":590902,"date":"2025-03-04T23:15:04","date_gmt":"2025-03-04T22:15:04","guid":{"rendered":"https:\/\/shop.kustom.ch\/?post_type=product&#038;p=590902"},"modified":"2026-03-31T09:08:20","modified_gmt":"2026-03-31T08:08:20","slug":"multinorm-overall","status":"publish","type":"product","link":"https:\/\/shop.kustom.ch\/it\/prodotto\/multinorm-overall\/","title":{"rendered":"Multinorm complessivamente"},"content":{"rendered":"<p>Tuta multi-norma idrorepellente che offre la massima protezione quando si lavora in condizioni estreme. \u00c8 realizzata in materiale resistente e ha una vestibilit\u00e0 comoda grazie alla coulisse regolabile in vita, alle pieghe di movimento sulla schiena e ai polsini regolabili. La tuta \u00e8 dotata di tasche esterne per ginocchiere rinforzate con ProtalT. Adatta al lavaggio industriale. Certificata secondo le norme EN 14404, EN 1149-5, EN ISO 11611, EN 13034, EN ISO 20471, EN ISO 11612, IEC 61482-2.<\/p>\n<p>CHIUSURA: Polsini regolabili con bottoni a pressione. DETTAGLI: Tasca portadocumenti staccabile per indumenti ignifughi. Soffietti sul retro. Etichette di certificazione esterne. Collo alto con cerniera. Coulisse regolabile in vita. CHIUSURA ANTERIORE: Chiusura anteriore con bottoni a pressione metallici nascosti. FUNZIONALIT\u00c0: Repellente all'olio, allo sporco e all'acqua. PROPRIET\u00c0 PRINCIPALI: Artigiano. Uomo. EN ISO 11612. REFLEX: strisce riflettenti ignifughe con doppie cuciture. TESSUTO: Giallo alta visibilit\u00e0. Tasche per ginocchiere. Protezione dalle fiamme. TASCHE: Tasca sulla gamba con soffietto, tasca per cellulare e tasca per penna. Tasche sul petto con patta. Tasche posteriori con soffietto e patta. Tasca interna con chiusura a velcro. Tasche esterne per ginocchiere. Tasche interne con pattina. Tasca per regolo pieghevole con portacoltelli e portapenne. ISTRUZIONI DI LAVAGGIO: Non candeggiare. RINFORZO: CORDURA\u00ae\/Kevlar\u00ae\/Protal\u00ae - rinforzato sulle ginocchia. CERTIFICAZIONE: EN 1149-5. 20 lavaggi max. EN 14404:2004+A1:2010 insieme alle ginocchiere 4027 e 4057. EN ISO 11611, classe 1 A1+A2. EN ISO 11612 A1, A2, B1, C1, E3, F1. Massimo 50 cicli di lavaggio. IEC 61482-2, APC 1<\/p>\n<p>75% cotone, 24% poliestere, 1% antistatico, twill, ritardante di fiamma, antistatico, 350 g\/m\u00b2<\/p>","protected":false},"excerpt":{"rendered":"<p>\u00d6l-, schmutz- und wasserabweisender Multinorm-Overall, der Ihnen maximalen Schutz bei Arbeiten unter extremen Bedingungen bietet. Er ist aus strapazierf\u00e4higem Material gefertigt und hat eine bequeme Passform mit einem durch Kordelzug verstellbaren Bund, Bewegungsfalten am R\u00fccken und verstellbaren \u00c4rmelabschl\u00fcssen. Der Overall verf\u00fcgt \u00fcber zus\u00e4tzliche ProtalT-verst\u00e4rkte Kniepolstertaschen aussen. Industriew\u00e4sche geeignet. Zertifiziert nach EN 14404, EN 1149-5, EN [&hellip;]<\/p>\n","protected":false},"featured_media":590959,"template":"","meta":[],"product_brand":[],"product_cat":[10454],"product_tag":[],"class_list":{"0":"post-590902","1":"product","2":"type-product","3":"status-publish","4":"has-post-thumbnail","6":"product_cat-overalls","7":"pa_brand-blaklaeder","8":"pa_brand-type-workwear","9":"pa_filter-color-blau","10":"pa_filter-color-gelb","12":"first","13":"instock","14":"sale","15":"taxable","16":"shipping-taxable","17":"purchasable","18":"product-type-variable","19":"add-to-wishlist-before_image"},"exclude_global_add_ons":[],"addons":[],"acf":[],"_links":{"self":[{"href":"https:\/\/shop.kustom.ch\/it\/wp-json\/wp\/v2\/product\/590902"}],"collection":[{"href":"https:\/\/shop.kustom.ch\/it\/wp-json\/wp\/v2\/product"}],"about":[{"href":"https:\/\/shop.kustom.ch\/it\/wp-json\/wp\/v2\/types\/product"}],"wp:featuredmedia":[{"embeddable":true,"href":"https:\/\/shop.kustom.ch\/it\/wp-json\/wp\/v2\/media\/590959"}],"wp:attachment":[{"href":"https:\/\/shop.kustom.ch\/it\/wp-json\/wp\/v2\/media?parent=590902"}],"wp:term":[{"taxonomy":"product_brand","embeddable":true,"href":"https:\/\/shop.kustom.ch\/it\/wp-json\/wp\/v2\/product_brand?post=590902"},{"taxonomy":"product_cat","embeddable":true,"href":"https:\/\/shop.kustom.ch\/it\/wp-json\/wp\/v2\/product_cat?post=590902"},{"taxonomy":"product_tag","embeddable":true,"href":"https:\/\/shop.kustom.ch\/it\/wp-json\/wp\/v2\/product_tag?post=590902"}],"curies":[{"name":"wp","href":"https:\/\/api.w.org\/{rel}","templated":true}]}}