{"id":590860,"date":"2025-03-04T23:14:26","date_gmt":"2025-03-04T22:14:26","guid":{"rendered":"https:\/\/shop.kustom.ch\/?post_type=product&#038;p=590860"},"modified":"2026-03-31T09:08:19","modified_gmt":"2026-03-31T08:08:19","slug":"high-vis-overall","status":"publish","type":"product","link":"https:\/\/shop.kustom.ch\/it\/prodotto\/high-vis-overall\/","title":{"rendered":"Tuta High Vis"},"content":{"rendered":"<p>Tasche sul petto con patta e chiusura a velcro. Tasche laterali aperte, di cui una con anello a D. Tasche su gambe e schiena con soffietto e patta. Porta martello. Tasca per regolo pieghevole con portapenne e portacoltelli. Lunghezza della manica regolabile con chiusura in velcro. Tasca per cellulare all'interno. Tasca interna per ginocchiere. Nastro riflettente da 50 mm. Tasca per carta d'identit\u00e0. Certificato secondo la norma EN 471 Classe 3, lo standard europeo per gli indumenti ad alta visibilit\u00e0.<\/p>\n<p>CHIUSURA: Polsini regolabili con chiusura in velcro. Polsini regolabili con chiusura in velcro. DETTAGLI: Tasca per carte d'identit\u00e0 incassata. Soffietti sulla schiena. Collo alto con cerniera. Vita elastica regolabile. CHIUSURA ANTERIORE: Zip metallica bidirezionale nascosta e rinforzata. PROPRIET\u00c0 PRINCIPALI: Lavoratori stradali ed edili. Uomo. EN 14004. REFLEX: materiale riflettente intorno alle gambe. TESSUTO: Giallo alta visibilit\u00e0. Tasche per ginocchiere. Protezione ad alta visibilit\u00e0. TASCHE: Tasca sulle gambe con soffietto e patta. Tasche sul petto con pattina e chiusura a velcro. Tasche posteriori con soffietto e patta. Tasca interna per cellulare. Tasche interne per ginocchiere. Tasche oblique. Tasca per regolo pieghevole con portacoltelli e portapenne. ISTRUZIONI DI LAVAGGIO: lavaggio industriale X 50. PRO: adatto all'asciugatura in tamburo. LAVAGGIO: lavanderia industriale EN ISO 15797. CERTIFICAZIONE: EN 14404:2004+A1:2010 insieme alle ginocchiere 4027, 4057, 4058 e 4032. Gli indumenti di classe 2 e 3 in arancione sono conformi alla norma RIS-3279-TOM Edizione 2.<\/p>\n<p>85% poliestere, 15% cotone, raso, 300g\/m\u00b2<\/p>","protected":false},"excerpt":{"rendered":"<p>Brusttaschen mit Patten und Klettverschluss. Offene Seitentaschen, eine davon mit einem D-Ring. Bein- und Ges\u00e4sstaschen mit Balg und Patte. Hammerhalter. Zollstocktasche mit Stifttasche und Messerhalter. Verstellbare \u00c4rmell\u00e4nge mit Klettverschluss. Handytasche auf der Innenseite. Kniepolstertasche innen. 50 mm reflektierendes Band. Ausweistasche. Zertifiziert nach EN 471 Klasse 3, der europ\u00e4ischen Norm f\u00fcr Warnschutzkleidung. ABSCHLUSS: Verstellbare Beinabschl\u00fcsse mit [&hellip;]<\/p>\n","protected":false},"featured_media":590912,"template":"","meta":[],"product_brand":[],"product_cat":[10454],"product_tag":[],"class_list":{"0":"post-590860","1":"product","2":"type-product","3":"status-publish","4":"has-post-thumbnail","6":"product_cat-overalls","7":"pa_brand-blaklaeder","8":"pa_brand-type-workwear","9":"pa_filter-color-blau","10":"pa_filter-color-gelb","11":"pa_filter-color-orange","12":"pa_filter-color-rot","13":"pa_filter-color-schwarz","15":"first","16":"instock","17":"sale","18":"taxable","19":"shipping-taxable","20":"purchasable","21":"product-type-variable","22":"add-to-wishlist-before_image"},"exclude_global_add_ons":[],"addons":[],"acf":[],"_links":{"self":[{"href":"https:\/\/shop.kustom.ch\/it\/wp-json\/wp\/v2\/product\/590860"}],"collection":[{"href":"https:\/\/shop.kustom.ch\/it\/wp-json\/wp\/v2\/product"}],"about":[{"href":"https:\/\/shop.kustom.ch\/it\/wp-json\/wp\/v2\/types\/product"}],"wp:featuredmedia":[{"embeddable":true,"href":"https:\/\/shop.kustom.ch\/it\/wp-json\/wp\/v2\/media\/590912"}],"wp:attachment":[{"href":"https:\/\/shop.kustom.ch\/it\/wp-json\/wp\/v2\/media?parent=590860"}],"wp:term":[{"taxonomy":"product_brand","embeddable":true,"href":"https:\/\/shop.kustom.ch\/it\/wp-json\/wp\/v2\/product_brand?post=590860"},{"taxonomy":"product_cat","embeddable":true,"href":"https:\/\/shop.kustom.ch\/it\/wp-json\/wp\/v2\/product_cat?post=590860"},{"taxonomy":"product_tag","embeddable":true,"href":"https:\/\/shop.kustom.ch\/it\/wp-json\/wp\/v2\/product_tag?post=590860"}],"curies":[{"name":"wp","href":"https:\/\/api.w.org\/{rel}","templated":true}]}}