{"id":590797,"date":"2025-03-04T23:13:42","date_gmt":"2025-03-04T22:13:42","guid":{"rendered":"https:\/\/shop.kustom.ch\/?post_type=product&#038;p=590797"},"modified":"2026-03-31T09:08:12","modified_gmt":"2026-03-31T08:08:12","slug":"overall-2","status":"publish","type":"product","link":"https:\/\/shop.kustom.ch\/it\/prodotto\/overall-2\/","title":{"rendered":"In generale"},"content":{"rendered":"<p>Proteggetevi da sporco e schizzi con questo abbigliamento da lavoro dotato di soluzioni intelligenti per le tasche e altri dettagli preziosi come la tasca rinforzata per il regolo pieghevole, la schiena elasticizzata regolabile, la cerniera bidirezionale nascosta e la cucitura rinforzata sul cavallo.<\/p>\n<p>CHIUSURA: Polsini regolabili. DETTAGLI: Cuciture rinforzate sul cavallo. Vita elastica regolabile. CHIUSURA ANTERIORE: Zip bidirezionale nascosta in metallo. CARATTERISTICHE PRINCIPALI: Potere pulente. Uomo. TESSUTO: blu. Industria \/ Servizio. TASCHE: Tasche sul petto, una con patta e bottone a pressione, una con tasca portapenne. Tasche posteriori rinforzate. Tasche laterali. Tasca porta metro pieghevole. ISTRUZIONI DI LAVAGGIO: Lavaggio a secco - normale P<\/p>\n<p>65% poliestere, 35% cotone, twill, 240 g\/m\u00b2<\/p>","protected":false},"excerpt":{"rendered":"<p>Sch\u00fctzen Sie sich vor Schmutz und Spritzern in dieser Arbeitskleidung mit intelligenten Taschenl\u00f6sungen und anderen wertvollen Details wie einer verst\u00e4rkten Zollstocktasche, einem verstellbaren Gummizug im R\u00fccken, einem verdeckten Zwei-Wege-Reissverschluss und einer verst\u00e4rkten Schrittnaht. ABSCHLUSS: Verstellbare \u00c4rmelb\u00fcndchen. DETAILS: Verst\u00e4rkte N\u00e4hte am Schritt. Verstellbare elastische Taille. FRONTVERSCHLUSS: Verdeckter Zwei-Wege-Metall-Reissverschluss. HAUPTEIGENSCHAFTEN: Reinigungskraft. Herren. STOFF: blau. Industrie \/ Service. [&hellip;]<\/p>\n","protected":false},"featured_media":590818,"template":"","meta":[],"product_brand":[],"product_cat":[10454],"product_tag":[],"class_list":{"0":"post-590797","1":"product","2":"type-product","3":"status-publish","4":"has-post-thumbnail","6":"product_cat-overalls","7":"pa_brand-blaklaeder","8":"pa_brand-type-workwear","9":"pa_filter-color-blau","10":"pa_filter-color-schwarz","12":"first","13":"instock","14":"sale","15":"taxable","16":"shipping-taxable","17":"purchasable","18":"product-type-variable","19":"add-to-wishlist-before_image"},"exclude_global_add_ons":[],"addons":[],"acf":[],"_links":{"self":[{"href":"https:\/\/shop.kustom.ch\/it\/wp-json\/wp\/v2\/product\/590797"}],"collection":[{"href":"https:\/\/shop.kustom.ch\/it\/wp-json\/wp\/v2\/product"}],"about":[{"href":"https:\/\/shop.kustom.ch\/it\/wp-json\/wp\/v2\/types\/product"}],"wp:featuredmedia":[{"embeddable":true,"href":"https:\/\/shop.kustom.ch\/it\/wp-json\/wp\/v2\/media\/590818"}],"wp:attachment":[{"href":"https:\/\/shop.kustom.ch\/it\/wp-json\/wp\/v2\/media?parent=590797"}],"wp:term":[{"taxonomy":"product_brand","embeddable":true,"href":"https:\/\/shop.kustom.ch\/it\/wp-json\/wp\/v2\/product_brand?post=590797"},{"taxonomy":"product_cat","embeddable":true,"href":"https:\/\/shop.kustom.ch\/it\/wp-json\/wp\/v2\/product_cat?post=590797"},{"taxonomy":"product_tag","embeddable":true,"href":"https:\/\/shop.kustom.ch\/it\/wp-json\/wp\/v2\/product_tag?post=590797"}],"curies":[{"name":"wp","href":"https:\/\/api.w.org\/{rel}","templated":true}]}}