{"id":590777,"date":"2025-03-04T23:13:39","date_gmt":"2025-03-04T22:13:39","guid":{"rendered":"https:\/\/shop.kustom.ch\/?post_type=product&#038;p=590777"},"modified":"2026-03-31T09:08:07","modified_gmt":"2026-03-31T08:08:07","slug":"industrie-overall-stretch-2","status":"publish","type":"product","link":"https:\/\/shop.kustom.ch\/it\/prodotto\/industrie-overall-stretch-2\/","title":{"rendered":"Industria Stretch complessiva"},"content":{"rendered":"<p>Una tuta molto comoda e flessibile, realizzata in accogliente tela di cotone elasticizzata in due direzioni, antigraffio e lavabile industrialmente. Con dettagli riflettenti per essere visibili in caso di necessit\u00e0.<\/p>\n<p>CHIUSURA: possibilit\u00e0 di estensione sull'orlo della gamba. DETTAGLI: Anello a D. Bottoni nascosti. Colletto rialzato. Cucitura interna della gamba con tripla impuntura. Vita elastica regolabile. CHIUSURA ANTERIORE: zip metallica bidirezionale nascosta e rinforzata. FUNZIONALIT\u00c0: elasticizzato a 2 vie. Gambe dei pantaloni particolarmente ergonomiche. CARATTERISTICHE PRINCIPALI: Potere pulente. Unisex. EN 14004. REFLEX: materiale riflettente sulle maniche. TESSUTO: blu. Non graffia. Industria \/ Servizio. TASCHE: Tasche sulle gambe con soffietto e patta, bottoni metallici a scomparsa. Tasche sul petto con soffietto e patta. Tasca posteriore, una con patta. Tasca interna per cellulare. Tasche esterne per ginocchiere. Tasca portapenne sulla manica. Tasche laterali. Tasca interna porta metro pieghevole. ISTRUZIONI DI LAVAGGIO: Non candeggiare. LAVAGGIO: lavanderia industriale EN ISO 15797. CERTIFICAZIONE: EN 14404:2004+A1:2010 insieme alla ginocchiera 4057.<\/p>\n<p>98% cotone, 2% elastolefina, tela, 285 g\/m\u00b2<\/p>","protected":false},"excerpt":{"rendered":"<p>Ein sehr bequemer, flexibler Overall aus gem\u00fctlichem Baumwoll-Canvas mit Zwei-Wege-Stretch, der kratzfrei und industriell waschbar ist. Mit reflektierenden Details, damit Sie bei Bedarf gesehen werden. ABSCHLUSS: Verl\u00e4ngerungsm\u00f6glichkeit am Beinsaum. DETAILS: D-Ring. Verdeckte Kn\u00f6pfe. Stehkragen. Innenbeinnaht mit 3-fach-Naht. Verstellbare elastische Taille. FRONTVERSCHLUSS: Verdeckter, verst\u00e4rkter Zwei-Wege-Reissverschluss aus Metall. FUNKTIONALIT\u00c4T: 2-Wege-Stretch. Besonders ergonomisch geformte Hosenbeine. HAUPTEIGENSCHAFTEN: Reinigungskraft. Unisex. [&hellip;]<\/p>\n","protected":false},"featured_media":590816,"template":"","meta":[],"product_brand":[],"product_cat":[10448],"product_tag":[],"class_list":{"0":"post-590777","1":"product","2":"type-product","3":"status-publish","4":"has-post-thumbnail","6":"product_cat-latzhose","7":"pa_brand-blaklaeder","8":"pa_brand-type-workwear","9":"pa_filter-color-blau","10":"pa_filter-color-grau","11":"pa_filter-color-schwarz","13":"first","14":"instock","15":"sale","16":"taxable","17":"shipping-taxable","18":"purchasable","19":"product-type-variable","20":"add-to-wishlist-before_image"},"exclude_global_add_ons":[],"addons":[],"acf":[],"_links":{"self":[{"href":"https:\/\/shop.kustom.ch\/it\/wp-json\/wp\/v2\/product\/590777"}],"collection":[{"href":"https:\/\/shop.kustom.ch\/it\/wp-json\/wp\/v2\/product"}],"about":[{"href":"https:\/\/shop.kustom.ch\/it\/wp-json\/wp\/v2\/types\/product"}],"wp:featuredmedia":[{"embeddable":true,"href":"https:\/\/shop.kustom.ch\/it\/wp-json\/wp\/v2\/media\/590816"}],"wp:attachment":[{"href":"https:\/\/shop.kustom.ch\/it\/wp-json\/wp\/v2\/media?parent=590777"}],"wp:term":[{"taxonomy":"product_brand","embeddable":true,"href":"https:\/\/shop.kustom.ch\/it\/wp-json\/wp\/v2\/product_brand?post=590777"},{"taxonomy":"product_cat","embeddable":true,"href":"https:\/\/shop.kustom.ch\/it\/wp-json\/wp\/v2\/product_cat?post=590777"},{"taxonomy":"product_tag","embeddable":true,"href":"https:\/\/shop.kustom.ch\/it\/wp-json\/wp\/v2\/product_tag?post=590777"}],"curies":[{"name":"wp","href":"https:\/\/api.w.org\/{rel}","templated":true}]}}