{"id":590722,"date":"2025-03-04T23:12:59","date_gmt":"2025-03-04T22:12:59","guid":{"rendered":"https:\/\/shop.kustom.ch\/?post_type=product&#038;p=590722"},"modified":"2026-03-31T09:08:00","modified_gmt":"2026-03-31T08:08:00","slug":"industrie-overall-stretch","status":"publish","type":"product","link":"https:\/\/shop.kustom.ch\/it\/prodotto\/industrie-overall-stretch\/","title":{"rendered":"Industria Stretch complessiva"},"content":{"rendered":"<p>Questa tuta incredibilmente comoda e flessibile, resistente ai graffi, \u00e8 realizzata interamente in materiale elasticizzato a 2 vie ed \u00e8 adatta al lavaggio industriale. Le strisce riflettenti garantiscono una maggiore visibilit\u00e0, se necessario.<\/p>\n<p>CHIUSURA: possibilit\u00e0 di estensione sul fondo gamba. Polsini regolabili con bottoni metallici nascosti. DETTAGLI: anello a D. Bottoni a pressione in metallo. Colletto rialzato. Cucitura interna della gamba con tripla impuntura. Vita elastica regolabile. CHIUSURA ANTERIORE: Chiusura anteriore con bottoni a pressione metallici nascosti. FUNZIONALIT\u00c0: Non graffia. Maniche preformate. CARATTERISTICHE PRINCIPALI: Meccanico. Uomo. REFLEX: Materiale riflettente sulle maniche. TESSUTO: Giallo alta visibilit\u00e0. Antigraffio. Stretch. TASCHE: Tasche sulle gambe con soffietto e patta, bottoni metallici nascosti. Tasche sul petto con soffietto e patta. Tasca posteriore, una con patta. Tasca interna per cellulare. Tasca portapenne sulla manica. Tasche laterali. Tasca interna porta metro pieghevole. ISTRUZIONI DI LAVAGGIO: Stiratura - media. LAVAGGIO: lavanderia industriale EN ISO 15797.<\/p>\n<p>63% poliestere, 33% cotone, 4% elastofin, twill, elasticizzato, 260 g\/m\u00b2<\/p>","protected":false},"excerpt":{"rendered":"<p>Dieser unglaublich bequeme und flexible, kratzerresistente Overall ist komplett aus 2-Wege-Stretch Material gefertigt und eignet sich f\u00fcr die Industriew\u00e4sche. Reflexstreifen sorgen bei Bedarf f\u00fcr zus\u00e4tzliche Sichtbarkeit. ABSCHLUSS: Verl\u00e4ngerungsm\u00f6glichkeit am Beinsaum. Verstellbarer Armabschluss mit versteckten Metallkn\u00f6pfen. DETAILS: D-Ring. Metall-Druckkn\u00f6pfe. Stehkragen. Innenbeinnaht mit 3-fach-Naht. Verstellbare elastische Taille. FRONTVERSCHLUSS: Frontverschluss mit verdeckten Metall-Druckkn\u00f6pfen. FUNKTIONALIT\u00c4T: Kratzfrei. Vorgeformte \u00c4rmel. HAUPTEIGENSCHAFTEN: [&hellip;]<\/p>\n","protected":false},"featured_media":590765,"template":"","meta":[],"product_brand":[],"product_cat":[10454],"product_tag":[],"class_list":{"0":"post-590722","1":"product","2":"type-product","3":"status-publish","4":"has-post-thumbnail","6":"product_cat-overalls","7":"pa_brand-blaklaeder","8":"pa_brand-type-workwear","9":"pa_filter-color-gelb","10":"pa_filter-color-schwarz","12":"first","13":"instock","14":"sale","15":"taxable","16":"shipping-taxable","17":"purchasable","18":"product-type-variable","19":"add-to-wishlist-before_image"},"exclude_global_add_ons":[],"addons":[],"acf":[],"_links":{"self":[{"href":"https:\/\/shop.kustom.ch\/it\/wp-json\/wp\/v2\/product\/590722"}],"collection":[{"href":"https:\/\/shop.kustom.ch\/it\/wp-json\/wp\/v2\/product"}],"about":[{"href":"https:\/\/shop.kustom.ch\/it\/wp-json\/wp\/v2\/types\/product"}],"wp:featuredmedia":[{"embeddable":true,"href":"https:\/\/shop.kustom.ch\/it\/wp-json\/wp\/v2\/media\/590765"}],"wp:attachment":[{"href":"https:\/\/shop.kustom.ch\/it\/wp-json\/wp\/v2\/media?parent=590722"}],"wp:term":[{"taxonomy":"product_brand","embeddable":true,"href":"https:\/\/shop.kustom.ch\/it\/wp-json\/wp\/v2\/product_brand?post=590722"},{"taxonomy":"product_cat","embeddable":true,"href":"https:\/\/shop.kustom.ch\/it\/wp-json\/wp\/v2\/product_cat?post=590722"},{"taxonomy":"product_tag","embeddable":true,"href":"https:\/\/shop.kustom.ch\/it\/wp-json\/wp\/v2\/product_tag?post=590722"}],"curies":[{"name":"wp","href":"https:\/\/api.w.org\/{rel}","templated":true}]}}