{"id":590640,"date":"2025-03-04T23:11:43","date_gmt":"2025-03-04T22:11:43","guid":{"rendered":"https:\/\/shop.kustom.ch\/?post_type=product&#038;p=590640"},"modified":"2026-03-31T09:07:55","modified_gmt":"2026-03-31T08:07:55","slug":"multinorm-overall-inhaerent","status":"publish","type":"product","link":"https:\/\/shop.kustom.ch\/it\/prodotto\/multinorm-overall-inhaerent\/","title":{"rendered":"Multinorm Globale intrinseco"},"content":{"rendered":"<p>Tuta da lavoro idrorepellente e antiolio realizzata con un tessuto intrinsecamente ignifugo, ovvero le cui propriet\u00e0 ignifughe sono naturalmente presenti nelle fibre. Questa tuta morbida consente una buona libert\u00e0 di movimento e le ginocchia sono rinforzate con tessuto CORDURA\u00ae\/Kevlar\u00ae\/Protal\u00ae. Ha molte soluzioni intelligenti per le tasche, progettate per soddisfare gli standard di certificazione. Le tasche soggette a un'usura eccessiva sono rinforzate due volte per prolungarne la durata. Nella tasca \u00e8 presente un'apertura per accedere agli indumenti sottostanti. Il tessuto ripstop offre un'eccezionale resistenza agli strappi. Testato e approvato per 50 lavaggi. Tutte le taglie C possono essere estese alle taglie C-150. Certificato secondo le norme EN 14404, EN 1149-5, EN ISO 11611, EN 13034, EN ISO 20471, EN ISO 11612, IEC 61482-2. ATPV: 11 cal\/cm\u00b2.<\/p>\n<p>CHIUSURA: possibilit\u00e0 di estensione sul fondo gamba. Larghezza del fondo gamba regolabile con bottoni a pressione in plastica. Polsini regolabili con bottoni a pressione. DETTAGLI: Tasca portadocumenti staccabile per indumenti ignifughi. Etichette di certificazione esterne. Bottoni a pressione in plastica. Collo alto con cerniera. Passanti su entrambi i lati del petto per rilevatore di gas \/ analizzatore di ossigeno \/ microfono. Spallacci in colore contrastante. Vita regolabile. CHIUSURA ANTERIORE: Chiusura anteriore con bottoni a pressione in plastica nascosti. FUNZIONALIT\u00c0: Senza metallo. PROPRIET\u00c0 PRINCIPALI: Artigiano. Uomo. EN 13034. REFLEX: strisce riflettenti sulle spalle. TESSUTO: Giallo alta visibilit\u00e0. Tasche per ginocchiere. Protezione dalle fiamme. TASCHE: Tasca sulla gamba con soffietto, tasca per cellulare e tasca per penna. Tasche sul petto con zip nascosta. Tasche posteriori rinforzate con soffietto e patta. Tasche esterne per ginocchiere. Tasche anteriori con patta e bottone a pressione. Tasca rinforzata per regolo pieghevole con portacoltelli e portapenne. ISTRUZIONI DI LAVAGGIO: PRO: adatto all'asciugatura in asciugatrice. RINFORZO: CORDURA\u00ae\/Kevlar\u00ae\/Protal\u00ae - rinforzato sulle ginocchia. CERTIFICAZIONE: ATPV Rating: 32 cal\/cm\u00b2, CAT 3. max. 50 lavaggi. Max. 20 lavaggi. EN 14404:2004+A1:2010 insieme alle ginocchiere 4027 e 4057. ELIM - 10 cal\/cm\u00b2. Max. 50 lavaggi. EN ISO 11612 A1, A2, B1, C1, E2, F1. EN ISO 20471, classe 3<\/p>\n<p>44% modacrilico, 30% cotone, 20% poliammide FR, 5% aramide, 1% antistatico, ripstop, ignifugo, antistatico, 260 g\/m\u00b2<\/p>","protected":false},"excerpt":{"rendered":"<p>\u00d6l-, schmutz- und wasserabweisender Overall aus einem inh\u00e4rent schwer entflammbaren Gewebe, d. h. die schwer entflammbaren Eigenschaften sind von Natur aus in den Fasern vorhanden. Dieser weiche Overall erm\u00f6glicht eine gute Bewegungsfreiheit und die Knie sind mit CORDURA\u00ae\/Kevlar\u00ae\/Protal\u00ae-Gewebe verst\u00e4rkt. Er verf\u00fcgt \u00fcber viele intelligente Taschenl\u00f6sungen, entwickelt um den Zertifizierungsstandards zu entsprechen. Taschen, die einem \u00fcberm\u00e4ssigen [&hellip;]<\/p>\n","protected":false},"featured_media":590654,"template":"","meta":[],"product_brand":[],"product_cat":[10454],"product_tag":[],"class_list":{"0":"post-590640","1":"product","2":"type-product","3":"status-publish","4":"has-post-thumbnail","6":"product_cat-overalls","7":"pa_brand-blaklaeder","8":"pa_brand-type-workwear","9":"pa_filter-color-blau","10":"pa_filter-color-gelb","11":"pa_filter-color-orange","13":"first","14":"instock","15":"sale","16":"taxable","17":"shipping-taxable","18":"purchasable","19":"product-type-variable","20":"add-to-wishlist-before_image"},"exclude_global_add_ons":[],"addons":[],"acf":[],"_links":{"self":[{"href":"https:\/\/shop.kustom.ch\/it\/wp-json\/wp\/v2\/product\/590640"}],"collection":[{"href":"https:\/\/shop.kustom.ch\/it\/wp-json\/wp\/v2\/product"}],"about":[{"href":"https:\/\/shop.kustom.ch\/it\/wp-json\/wp\/v2\/types\/product"}],"wp:featuredmedia":[{"embeddable":true,"href":"https:\/\/shop.kustom.ch\/it\/wp-json\/wp\/v2\/media\/590654"}],"wp:attachment":[{"href":"https:\/\/shop.kustom.ch\/it\/wp-json\/wp\/v2\/media?parent=590640"}],"wp:term":[{"taxonomy":"product_brand","embeddable":true,"href":"https:\/\/shop.kustom.ch\/it\/wp-json\/wp\/v2\/product_brand?post=590640"},{"taxonomy":"product_cat","embeddable":true,"href":"https:\/\/shop.kustom.ch\/it\/wp-json\/wp\/v2\/product_cat?post=590640"},{"taxonomy":"product_tag","embeddable":true,"href":"https:\/\/shop.kustom.ch\/it\/wp-json\/wp\/v2\/product_tag?post=590640"}],"curies":[{"name":"wp","href":"https:\/\/api.w.org\/{rel}","templated":true}]}}