{"id":590595,"date":"2025-03-04T23:11:08","date_gmt":"2025-03-04T22:11:08","guid":{"rendered":"https:\/\/shop.kustom.ch\/?post_type=product&#038;p=590595"},"modified":"2026-03-31T09:07:47","modified_gmt":"2026-03-31T08:07:47","slug":"flammschutz-overall","status":"publish","type":"product","link":"https:\/\/shop.kustom.ch\/it\/prodotto\/flammschutz-overall\/","title":{"rendered":"Protezione dalle fiamme in generale"},"content":{"rendered":"<p>Tuta antifiamma idrorepellente e antiolio con numerose tasche e cerniera metallica nascosta. Pieghe di movimento sulla schiena e gomiti preformati per un maggiore comfort. I dettagli riflettenti aumentano la visibilit\u00e0. Adatta al lavaggio industriale. Il tessuto ha una resistenza all'arco elettrico pari a IEC\/EN 61482-1-1 ATPV: 16,0 cal\/cm\u00b2. Certificato secondo le norme EN 14404, EN 1149-5, EN ISO 11611, EN 13034, EN ISO 11612, IEC 61482-2. ATPV: 16,0 cal\/cm\u00b2.<\/p>\n<p>CHIUSURA: Polsini regolabili con bottoni a pressione. DETTAGLI: Tasca portadocumenti staccabile per indumenti ignifughi. Soffietti sul retro. Etichette di certificazione esterne. Vita elastica regolabile. CHIUSURA ANTERIORE: Zip metallica a due vie, nascosta e rinforzata. FUNZIONALIT\u00c0: Repellente all'olio, allo sporco e all'acqua. PROPRIET\u00c0 PRINCIPALI: Elettricista. Uomo. EN 13034. REFLEX: dettagli riflettenti. TESSUTO: nero. Tasche per ginocchiere. Protezione dalle fiamme. TASCHE: Tasca sulla gamba con patta e tasca supplementare per attrezzi. Tasche sul petto con cerniera. Tasche posteriori con soffietto e patta. Tasche interne per ginocchiere. Tasche interne con pattina. Tasca per regolo pieghevole con portacoltelli e portapenne. ISTRUZIONI DI LAVAGGIO: Non lavare a secco. CERTIFICAZIONE: EN 1149-5. EN 13034 tipo 6. EN 14404:2004+A1:2010 insieme alle ginocchiere 4027, 4057, 4058 e 4032. EN ISO 11611, classe 1 A1+A2. EN ISO 11612 A1, A2, B1, C1, E3, F1. ATPV - 16 cal\/cm\u00b2<\/p>\n<p>85% cotone, 14% poliestere, 1% antistatico, twill, ritardante la fiamma, antistatico, 350 g\/m\u00b2<\/p>","protected":false},"excerpt":{"rendered":"<p>\u00d6l-, schmutz- und wasserabweisender Flammschutz Overall mit vielen Taschen und verstecktem Metallreissverschluss. Bewegungsfalte am R\u00fccken und vorgeformte Ellb\u00f6gen f\u00fcr erh\u00f6hten Komfort. Reflexdetails erh\u00f6hen die Sichtbarkeit. Industriew\u00e4sche geeignet. Der Stoff hat eine Lichtbogenfestigkeit von IEC\/EN 61482-1-1 ATPV: 16,0 cal\/cm\u00b2. Zertifiziert nach EN 14404, EN 1149-5, EN ISO 11611, EN 13034, EN ISO 11612, IEC 61482-2. ATPV: [&hellip;]<\/p>\n","protected":false},"featured_media":590652,"template":"","meta":[],"product_brand":[],"product_cat":[10454],"product_tag":[],"class_list":{"0":"post-590595","1":"product","2":"type-product","3":"status-publish","4":"has-post-thumbnail","6":"product_cat-overalls","7":"pa_brand-blaklaeder","8":"pa_brand-type-workwear","9":"pa_filter-color-grau","10":"pa_filter-color-schwarz","12":"first","13":"instock","14":"sale","15":"taxable","16":"shipping-taxable","17":"purchasable","18":"product-type-variable","19":"add-to-wishlist-before_image"},"exclude_global_add_ons":[],"addons":[],"acf":[],"_links":{"self":[{"href":"https:\/\/shop.kustom.ch\/it\/wp-json\/wp\/v2\/product\/590595"}],"collection":[{"href":"https:\/\/shop.kustom.ch\/it\/wp-json\/wp\/v2\/product"}],"about":[{"href":"https:\/\/shop.kustom.ch\/it\/wp-json\/wp\/v2\/types\/product"}],"wp:featuredmedia":[{"embeddable":true,"href":"https:\/\/shop.kustom.ch\/it\/wp-json\/wp\/v2\/media\/590652"}],"wp:attachment":[{"href":"https:\/\/shop.kustom.ch\/it\/wp-json\/wp\/v2\/media?parent=590595"}],"wp:term":[{"taxonomy":"product_brand","embeddable":true,"href":"https:\/\/shop.kustom.ch\/it\/wp-json\/wp\/v2\/product_brand?post=590595"},{"taxonomy":"product_cat","embeddable":true,"href":"https:\/\/shop.kustom.ch\/it\/wp-json\/wp\/v2\/product_cat?post=590595"},{"taxonomy":"product_tag","embeddable":true,"href":"https:\/\/shop.kustom.ch\/it\/wp-json\/wp\/v2\/product_tag?post=590595"}],"curies":[{"name":"wp","href":"https:\/\/api.w.org\/{rel}","templated":true}]}}