{"id":590469,"date":"2025-03-04T23:09:23","date_gmt":"2025-03-04T22:09:23","guid":{"rendered":"https:\/\/shop.kustom.ch\/?post_type=product&#038;p=590469"},"modified":"2026-03-31T09:07:39","modified_gmt":"2026-03-31T08:07:39","slug":"damen-strickjacke-mit-softshell","status":"publish","type":"product","link":"https:\/\/shop.kustom.ch\/it\/prodotto\/damen-strickjacke-mit-softshell\/","title":{"rendered":"Cardigan da donna con softshell"},"content":{"rendered":"<p>Un cardigan dal taglio femminile, con un bel colletto e una qualit\u00e0 di pile imbattibilmente confortevole. Questa giacca con zip a due vie sul davanti \u00e8 realizzata in un materiale unico che pu\u00f2 essere descritto come un pile tridimensionale. Il materiale spazzolato conferisce alla giacca un aspetto tridimensionale, un comfort morbido ed elastico e il calore necessario. La giacca \u00e8 rinforzata con materiale softshell sulle maniche, sulle spalle e sull'orlo posteriore per aumentarne la durata e, non essendoci softshell nella zona ascellare, la ventilazione \u00e8 migliorata. La giacca presenta eccellenti superfici profilate, ma \u00e8 adatta sia al lavoro che al tempo libero. Disponibile anche come modello da uomo 5942.<\/p>\n<p>CHIUSURA: Schiena allungata. Polsini elasticizzati. DETTAGLI: spalle rinforzate. CHIUSURA ANTERIORE: zip bidirezionale in plastica. FUNZIONALIT\u00c0: Taglio sartoriale. CARATTERISTICHE PRINCIPALI: Pescatore. TESSUTO: Donna. nero. Inserto elasticizzato. Vento\/umido\/freddo. TASCHE: Tasca sul petto con zip. Tasche anteriori con zip. ISTRUZIONI DI LAVAGGIO: 40\u00b0 C<\/p>\n<p>97% poliestere, 3% elastan, maglia jacquard, spazzolato su un lato, elasticizzato, 290 g\/m\u00b2<\/p>","protected":false},"excerpt":{"rendered":"<p>Eine Strickjacke im Damenschnitt, mit sch\u00f6nem Kragen und unschlagbar komfortabler Fleecequalit\u00e4t. Diese Jacke mit Zwei-Wege-Reissverschluss an der Vorderseite ist aus einem einzigartigen Material gefertigt, das am besten als dreidimensionales Fleece beschrieben werden kann. Das geb\u00fcrstete Material verleiht der Jacke ihr Aussehen mit 3D-Muster, geschmeidigem, elastischem Komfort und W\u00e4rme, wenn man sie am meisten braucht. Die [&hellip;]<\/p>\n","protected":false},"featured_media":590522,"template":"","meta":[],"product_brand":[],"product_cat":[4186],"product_tag":[],"class_list":{"0":"post-590469","1":"product","2":"type-product","3":"status-publish","4":"has-post-thumbnail","6":"product_cat-jacken","7":"pa_brand-blaklaeder","8":"pa_brand-type-workwear","9":"pa_filter-color-gruen","10":"pa_filter-color-schwarz","12":"first","13":"instock","14":"sale","15":"taxable","16":"shipping-taxable","17":"purchasable","18":"product-type-variable","19":"add-to-wishlist-before_image"},"exclude_global_add_ons":[],"addons":[],"acf":[],"_links":{"self":[{"href":"https:\/\/shop.kustom.ch\/it\/wp-json\/wp\/v2\/product\/590469"}],"collection":[{"href":"https:\/\/shop.kustom.ch\/it\/wp-json\/wp\/v2\/product"}],"about":[{"href":"https:\/\/shop.kustom.ch\/it\/wp-json\/wp\/v2\/types\/product"}],"wp:featuredmedia":[{"embeddable":true,"href":"https:\/\/shop.kustom.ch\/it\/wp-json\/wp\/v2\/media\/590522"}],"wp:attachment":[{"href":"https:\/\/shop.kustom.ch\/it\/wp-json\/wp\/v2\/media?parent=590469"}],"wp:term":[{"taxonomy":"product_brand","embeddable":true,"href":"https:\/\/shop.kustom.ch\/it\/wp-json\/wp\/v2\/product_brand?post=590469"},{"taxonomy":"product_cat","embeddable":true,"href":"https:\/\/shop.kustom.ch\/it\/wp-json\/wp\/v2\/product_cat?post=590469"},{"taxonomy":"product_tag","embeddable":true,"href":"https:\/\/shop.kustom.ch\/it\/wp-json\/wp\/v2\/product_tag?post=590469"}],"curies":[{"name":"wp","href":"https:\/\/api.w.org\/{rel}","templated":true}]}}