{"id":590324,"date":"2025-03-04T23:07:30","date_gmt":"2025-03-04T22:07:30","guid":{"rendered":"https:\/\/shop.kustom.ch\/?post_type=product&#038;p=590324"},"modified":"2026-03-31T09:07:33","modified_gmt":"2026-03-31T08:07:33","slug":"strickjacke-mit-softshell","status":"publish","type":"product","link":"https:\/\/shop.kustom.ch\/it\/prodotto\/strickjacke-mit-softshell\/","title":{"rendered":"Cardigan con softshell"},"content":{"rendered":"<p>Un cardigan con cappuccio dal design alla moda e dalla qualit\u00e0 del pile imbattibilmente confortevole. Questa giacca ha un materiale nuovo ed esclusivo che pu\u00f2 essere descritto come un pile tridimensionale. Il materiale spazzolato conferisce alla giacca il suo aspetto con un comfort elastico e flessibile e il calore necessario. Gli inserti softshell di rinforzo sono posizionati nelle aree esposte della giacca per una maggiore durata e, non essendoci inserti softshell sotto le braccia, la ventilazione \u00e8 migliorata. La 5940 ha un'eccellente profilatura, ma si adatta bene sia al lavoro quotidiano che al tempo libero. \u00c8 garantito che vi piacer\u00e0.<\/p>\n<p>CHIUSURA: Schiena allungata. Polsini elasticizzati. DETTAGLI: Cappuccio fisso. Spalle rinforzate. CHIUSURA ANTERIORE: Zip in plastica. CARATTERISTICHE PRINCIPALI: Autista. TESSUTO: Uomo. nero. Vento\/umido\/freddo. TASCHE: Tasca sul petto con zip. Tasche anteriori con zip. ISTRUZIONI DI LAVAGGIO: Non candeggiare.<\/p>\n<p>97% poliestere, 3% elastan, maglia jacquard, spazzolato su un lato, elasticizzato, 290 g\/m\u00b2<\/p>","protected":false},"excerpt":{"rendered":"<p>Eine Strickjacke mit Kapuze in modischem Design und unschlagbar komfortabler Fleece-Qualit\u00e4t. Diese Jacke hat ein neues, einzigartiges Material, das sich am besten als dreidimensionales Fleece beschreiben l\u00e4sst. Das geb\u00fcrstete Material verleiht der Jacke ihr Aussehen mit elastischem und geschmeidigem Komfort und W\u00e4rme bei Bedarf. F\u00fcr eine erh\u00f6hte Haltbarkeit sind in den exponierten Bereichen der Jacke [&hellip;]<\/p>\n","protected":false},"featured_media":590353,"template":"","meta":[],"product_brand":[],"product_cat":[4186],"product_tag":[],"class_list":{"0":"post-590324","1":"product","2":"type-product","3":"status-publish","4":"has-post-thumbnail","6":"product_cat-jacken","7":"pa_brand-blaklaeder","8":"pa_brand-type-workwear","9":"pa_filter-color-blau","10":"pa_filter-color-grau","11":"pa_filter-color-gruen","12":"pa_filter-color-orange","13":"pa_filter-color-rot","14":"pa_filter-color-schwarz","16":"first","17":"instock","18":"sale","19":"taxable","20":"shipping-taxable","21":"purchasable","22":"product-type-variable","23":"add-to-wishlist-before_image"},"exclude_global_add_ons":[],"addons":[],"acf":[],"_links":{"self":[{"href":"https:\/\/shop.kustom.ch\/it\/wp-json\/wp\/v2\/product\/590324"}],"collection":[{"href":"https:\/\/shop.kustom.ch\/it\/wp-json\/wp\/v2\/product"}],"about":[{"href":"https:\/\/shop.kustom.ch\/it\/wp-json\/wp\/v2\/types\/product"}],"wp:featuredmedia":[{"embeddable":true,"href":"https:\/\/shop.kustom.ch\/it\/wp-json\/wp\/v2\/media\/590353"}],"wp:attachment":[{"href":"https:\/\/shop.kustom.ch\/it\/wp-json\/wp\/v2\/media?parent=590324"}],"wp:term":[{"taxonomy":"product_brand","embeddable":true,"href":"https:\/\/shop.kustom.ch\/it\/wp-json\/wp\/v2\/product_brand?post=590324"},{"taxonomy":"product_cat","embeddable":true,"href":"https:\/\/shop.kustom.ch\/it\/wp-json\/wp\/v2\/product_cat?post=590324"},{"taxonomy":"product_tag","embeddable":true,"href":"https:\/\/shop.kustom.ch\/it\/wp-json\/wp\/v2\/product_tag?post=590324"}],"curies":[{"name":"wp","href":"https:\/\/api.w.org\/{rel}","templated":true}]}}