{"id":590200,"date":"2025-03-04T23:05:07","date_gmt":"2025-03-04T22:05:07","guid":{"rendered":"https:\/\/shop.kustom.ch\/?post_type=product&#038;p=590200"},"modified":"2026-03-31T09:06:59","modified_gmt":"2026-03-31T08:06:59","slug":"microfleece-jacke-3","status":"publish","type":"product","link":"https:\/\/shop.kustom.ch\/it\/prodotto\/microfleece-jacke-3\/","title":{"rendered":"Giacca in micropile"},"content":{"rendered":"<p>Giacca in pile slim-fit, anti-pilling, ideale come secondo strato. Questa giacca in pile \u00e8 dotata di materiale elasticizzato sui lati, due tasche interne e logo Bl\u00e5kl\u00e4der sul collo.<\/p>\n<p>CHIUSURA: Schiena allungata. DETTAGLI: Stampa del logo sul collo. Inserto elasticizzato sul fianco e sulle maniche. CHIUSURA ANTERIORE: Patta antivento con fodera in pile all'interno. CARATTERISTICHE PRINCIPALI: Autista. TESSUTO: Uomo. bianco. Vento\/umido\/freddo. TASCHE: Tasche anteriori con zip e due tasche interne. ISTRUZIONI DI LAVAGGIO: Non centrifugare.<\/p>\n<p>100 poliestere %, micropile, anti-pilling, 170 g\/m\u00b2<\/p>","protected":false},"excerpt":{"rendered":"<p>Schmal geschnittene, Anti-Pilling Fleecejacke, die sich ideal als zweite Lage eignet. Diese Fleecejacke hat Stretchmaterial an den Seiten, zwei innenliegende Taschen und Bl\u00e5kl\u00e4der Logo am Nacken. ABSCHLUSS: Verl\u00e4ngerter R\u00fccken. DETAILS: Logo-Aufdruck im Nacken. Stretch-Einsatz an der Seite und den \u00c4rmeln. FRONTVERSCHLUSS: Windleiste mit Fleecefutter innen. HAUPTEIGENSCHAFTEN: Fahrer. STOFF: Herren. weiss. Wind \/ N\u00e4sse \/ K\u00e4lte. [&hellip;]<\/p>\n","protected":false},"featured_media":590248,"template":"","meta":[],"product_brand":[],"product_cat":[4186],"product_tag":[],"class_list":{"0":"post-590200","1":"product","2":"type-product","3":"status-publish","4":"has-post-thumbnail","6":"product_cat-jacken","7":"pa_brand-blaklaeder","8":"pa_brand-type-workwear","9":"pa_filter-color-grau","10":"pa_filter-color-schwarz","11":"pa_filter-color-weiss","13":"first","14":"instock","15":"sale","16":"taxable","17":"shipping-taxable","18":"purchasable","19":"product-type-variable","20":"add-to-wishlist-before_image"},"exclude_global_add_ons":[],"addons":[],"acf":[],"_links":{"self":[{"href":"https:\/\/shop.kustom.ch\/it\/wp-json\/wp\/v2\/product\/590200"}],"collection":[{"href":"https:\/\/shop.kustom.ch\/it\/wp-json\/wp\/v2\/product"}],"about":[{"href":"https:\/\/shop.kustom.ch\/it\/wp-json\/wp\/v2\/types\/product"}],"wp:featuredmedia":[{"embeddable":true,"href":"https:\/\/shop.kustom.ch\/it\/wp-json\/wp\/v2\/media\/590248"}],"wp:attachment":[{"href":"https:\/\/shop.kustom.ch\/it\/wp-json\/wp\/v2\/media?parent=590200"}],"wp:term":[{"taxonomy":"product_brand","embeddable":true,"href":"https:\/\/shop.kustom.ch\/it\/wp-json\/wp\/v2\/product_brand?post=590200"},{"taxonomy":"product_cat","embeddable":true,"href":"https:\/\/shop.kustom.ch\/it\/wp-json\/wp\/v2\/product_cat?post=590200"},{"taxonomy":"product_tag","embeddable":true,"href":"https:\/\/shop.kustom.ch\/it\/wp-json\/wp\/v2\/product_tag?post=590200"}],"curies":[{"name":"wp","href":"https:\/\/api.w.org\/{rel}","templated":true}]}}