{"id":590179,"date":"2025-03-04T23:04:34","date_gmt":"2025-03-04T22:04:34","guid":{"rendered":"https:\/\/shop.kustom.ch\/?post_type=product&#038;p=590179"},"modified":"2026-03-31T09:06:59","modified_gmt":"2026-03-31T08:06:59","slug":"microfleece-jacke-2","status":"publish","type":"product","link":"https:\/\/shop.kustom.ch\/it\/prodotto\/microfleece-jacke-2\/","title":{"rendered":"Giacca in micropile"},"content":{"rendered":"<p>Calda, sottile e flessibile. Giacca in micropile con comodi inserti elasticizzati ai lati per garantire una vestibilit\u00e0 perfetta. Marchio con il logo Blakl\u00e4der. Perfetta da indossare come 2 strati. Ideale da abbinare a giacche softshell o shell.<\/p>\n<p>CHIUSURA: Schiena allungata. DETTAGLI: Stampa del logo sul collo. Inserto elasticizzato sul fianco e sulle maniche. CHIUSURA ANTERIORE: Patta antivento interna. CARATTERISTICHE PRINCIPALI: Autista. TESSUTO: Uomo. grigio. Vento\/umido\/freddo. TASCHE: Tasche anteriori con zip e due tasche interne. ISTRUZIONI DI LAVAGGIO: Non candeggiare.<\/p>\n<p>100 poliestere %, micropile, anti-pilling, 170 g\/m\u00b2<\/p>","protected":false},"excerpt":{"rendered":"<p>Warm, d\u00fcnn und flexibel. Mikrofleece-Jacke mit angenehmen Stretch-Eins\u00e4tzen an den Seiten, die eine perfekte Passform gew\u00e4hrleisten. Mit Blakl\u00e4der-Logo gebrandet. Perfekt als 2-Lage zu tragen. Optimal kombinierbar mit Softshell-Jacken oder Shell-Jacken. ABSCHLUSS: Verl\u00e4ngerter R\u00fccken. DETAILS: Logo-Aufdruck im Nacken. Stretch-Einsatz an der Seite und den \u00c4rmeln. FRONTVERSCHLUSS: Windleiste innen. HAUPTEIGENSCHAFTEN: Fahrer. STOFF: Herren. grau. Wind \/ N\u00e4sse [&hellip;]<\/p>\n","protected":false},"featured_media":590227,"template":"","meta":[],"product_brand":[],"product_cat":[4186],"product_tag":[],"class_list":{"0":"post-590179","1":"product","2":"type-product","3":"status-publish","4":"has-post-thumbnail","6":"product_cat-jacken","7":"pa_brand-blaklaeder","8":"pa_brand-type-workwear","9":"pa_filter-color-grau","10":"pa_filter-color-rot","12":"first","13":"instock","14":"sale","15":"taxable","16":"shipping-taxable","17":"purchasable","18":"product-type-variable","19":"add-to-wishlist-before_image"},"exclude_global_add_ons":[],"addons":[],"acf":[],"_links":{"self":[{"href":"https:\/\/shop.kustom.ch\/it\/wp-json\/wp\/v2\/product\/590179"}],"collection":[{"href":"https:\/\/shop.kustom.ch\/it\/wp-json\/wp\/v2\/product"}],"about":[{"href":"https:\/\/shop.kustom.ch\/it\/wp-json\/wp\/v2\/types\/product"}],"wp:featuredmedia":[{"embeddable":true,"href":"https:\/\/shop.kustom.ch\/it\/wp-json\/wp\/v2\/media\/590227"}],"wp:attachment":[{"href":"https:\/\/shop.kustom.ch\/it\/wp-json\/wp\/v2\/media?parent=590179"}],"wp:term":[{"taxonomy":"product_brand","embeddable":true,"href":"https:\/\/shop.kustom.ch\/it\/wp-json\/wp\/v2\/product_brand?post=590179"},{"taxonomy":"product_cat","embeddable":true,"href":"https:\/\/shop.kustom.ch\/it\/wp-json\/wp\/v2\/product_cat?post=590179"},{"taxonomy":"product_tag","embeddable":true,"href":"https:\/\/shop.kustom.ch\/it\/wp-json\/wp\/v2\/product_tag?post=590179"}],"curies":[{"name":"wp","href":"https:\/\/api.w.org\/{rel}","templated":true}]}}