{"id":590138,"date":"2025-03-04T23:03:55","date_gmt":"2025-03-04T22:03:55","guid":{"rendered":"https:\/\/shop.kustom.ch\/?post_type=product&#038;p=590138"},"modified":"2026-03-31T09:06:50","modified_gmt":"2026-03-31T08:06:50","slug":"shell-jacke","status":"publish","type":"product","link":"https:\/\/shop.kustom.ch\/it\/prodotto\/shell-jacke\/","title":{"rendered":"Giacca a guscio"},"content":{"rendered":"<p>Giacca di protezione dalle intemperie pratica e facile da spostare, realizzata in un materiale elasticizzato liscio, morbido e silenzioso che garantisce un elevato livello di comfort e libert\u00e0 di movimento. La giacca \u00e8 antivento e impermeabile, con cuciture nastrate e dettagli riflettenti sapientemente posizionati su fronte, schiena, cappuccio e maniche per una maggiore visibilit\u00e0. La fodera in rete spazzolata aumenta la traspirabilit\u00e0 e la membrana del materiale esterno impedisce all'umidit\u00e0 di penetrare, per rimanere asciutti tutto il giorno. Certificato secondo la norma EN 343.<\/p>\n<p>CHIUSURA: Vita regolabile con coulisse. Polsini con polsini interni. DETTAGLI: cerniera nella fodera per facilitare la rifinitura del tessuto. Tasca per carte d'identit\u00e0 a scomparsa. Cappuccio staccabile e regolabile con fodera in rete. Colletto foderato in pile. CHIUSURA ANTERIORE: zip nascosta in plastica rinforzata. FUNZIONALIT\u00c0: ventilazione sul retro. CARATTERISTICHE PRINCIPALI: Lumberjack. EN 343. REFLEX: Dettagli riflettenti su fronte, schiena, cappuccio e maniche. TESSUTO: Disponibile per uomo e donna. rosso. antivento. Vento\/umido\/freddo. TASCHE: Tasche sul petto con zip. Tasca interna per documenti. Tasca interna per cellulare. Tasca interna in rete. Tasche a fessura con zip e fodera in pile. ISTRUZIONI DI LAVAGGIO: Non stirare. CERTIFICAZIONE: EN 343, classe 4.4.<\/p>\n<p>100% poliestere, twill, elasticizzato, spalmato, impermeabile 11.000 mm, antivento, traspirante Ret 6.3, 150 g\/m\u00b2<\/p>","protected":false},"excerpt":{"rendered":"<p>Praktische und bewegungsfreundliche Wetterschutz-Jacke aus einem glatten, weichen und leisen Stretch-Material, das Ihnen hohen Tragekomfort und Bewegungsfreiheit gew\u00e4hrleistet. Die Jacke ist wind- und wasserdicht mit verklebten N\u00e4hten und mit geschickt platzierten, reflektierenden Details an Vorderseite, R\u00fccken, Kapuze und \u00c4rmel f\u00fcr erh\u00f6hte Sichtbarkeit ausgestattet. Das aufgeraute Mesh Futter erh\u00f6ht die Atmungsaktivit\u00e4t und die Membrane des Aussenmaterials [&hellip;]<\/p>\n","protected":false},"featured_media":590189,"template":"","meta":[],"product_brand":[],"product_cat":[4186],"product_tag":[],"class_list":{"0":"post-590138","1":"product","2":"type-product","3":"status-publish","4":"has-post-thumbnail","6":"product_cat-jacken","7":"pa_brand-blaklaeder","8":"pa_brand-type-workwear","9":"pa_filter-color-rot","10":"pa_filter-color-schwarz","12":"first","13":"instock","14":"sale","15":"taxable","16":"shipping-taxable","17":"purchasable","18":"product-type-variable","19":"add-to-wishlist-before_image"},"exclude_global_add_ons":[],"addons":[],"acf":[],"_links":{"self":[{"href":"https:\/\/shop.kustom.ch\/it\/wp-json\/wp\/v2\/product\/590138"}],"collection":[{"href":"https:\/\/shop.kustom.ch\/it\/wp-json\/wp\/v2\/product"}],"about":[{"href":"https:\/\/shop.kustom.ch\/it\/wp-json\/wp\/v2\/types\/product"}],"wp:featuredmedia":[{"embeddable":true,"href":"https:\/\/shop.kustom.ch\/it\/wp-json\/wp\/v2\/media\/590189"}],"wp:attachment":[{"href":"https:\/\/shop.kustom.ch\/it\/wp-json\/wp\/v2\/media?parent=590138"}],"wp:term":[{"taxonomy":"product_brand","embeddable":true,"href":"https:\/\/shop.kustom.ch\/it\/wp-json\/wp\/v2\/product_brand?post=590138"},{"taxonomy":"product_cat","embeddable":true,"href":"https:\/\/shop.kustom.ch\/it\/wp-json\/wp\/v2\/product_cat?post=590138"},{"taxonomy":"product_tag","embeddable":true,"href":"https:\/\/shop.kustom.ch\/it\/wp-json\/wp\/v2\/product_tag?post=590138"}],"curies":[{"name":"wp","href":"https:\/\/api.w.org\/{rel}","templated":true}]}}