{"id":590073,"date":"2025-03-04T23:02:43","date_gmt":"2025-03-04T22:02:43","guid":{"rendered":"https:\/\/shop.kustom.ch\/?post_type=product&#038;p=590073"},"modified":"2026-03-31T09:06:49","modified_gmt":"2026-03-31T08:06:49","slug":"high-vis-shell-jacke","status":"publish","type":"product","link":"https:\/\/shop.kustom.ch\/it\/prodotto\/high-vis-shell-jacke\/","title":{"rendered":"Giacca a conchiglia ad alta visibilit\u00e0"},"content":{"rendered":"<p>Giacca softshell foderata in rete, antivento e idrorepellente, con cuciture nastrate. Perfetta per le fresche giornate autunnali e invernali o per le temperature gelide, con un ulteriore strato di pile sotto. Con cappuccio staccabile e regolabile, schiena allungata e tasca per carte d'identit\u00e0 a scomparsa. Certificata secondo la norma EN ISO 20471, abbigliamento ad alta visibilit\u00e0, XS-S classe 2, M e superiori classe 3.<\/p>\n<p>CHIUSURA: Schiena allungata. Polsini con polsini interni. DETTAGLI: cerniera nella fodera per facilitare la rifinitura del tessuto. Tasca per carte d'identit\u00e0 a scomparsa. Cappuccio staccabile e regolabile con fodera in rete. Colletto foderato in pile. CHIUSURA ANTERIORE: patta antivento con fodera in pile all'interno. FUNZIONALIT\u00c0: ventilazione sul retro. PROPRIET\u00c0 PRINCIPALI: Lavoratori stradali ed edili. EN ISO 20471. REFLEX: strisce riflettenti a trasferimento larghe 50 mm. TESSUTO: Disponibile per uomo e donna. Giallo alta visibilit\u00e0. Impermeabile. Alta visibilit\u00e0. TASCHE: Tasca sul petto con zip. Tasca frontale per documenti. Tasca interna in rete. Tasche a fessura con zip e fodera in pile. ISTRUZIONI DI LAVAGGIO: Numero di lavaggi: 20, non centrifugare. CERTIFICAZIONE: EN 343, classe 4.4. EN ISO 20471, XS-S classe 2, M e oltre classe 3.<\/p>\n<p>100% poliestere, twill, elasticizzato, spalmato, impermeabile 11.000 mm, antivento, traspirante Ret 6.3, 150 g\/m\u00b2<\/p>","protected":false},"excerpt":{"rendered":"<p>Eine Mesh-gef\u00fctterte, wind- und wasserabweisende Softshell-Jacke mit versiegelten N\u00e4hten. Perfekt f\u00fcr k\u00fchle Herbst- und Wintertage oder bei frostigeren Temperaturen mit einer Extra-Fleece-Lage darunter. Mit abnehmbarer und verstellbarer Kapuze, verl\u00e4ngertem R\u00fccken und versenkbarer Ausweistasche. Zertifiziert nach EN ISO 20471, Warnschutzkleidung mit hoher Sichtbarkeit, XS-S Klasse 2, M und h\u00f6her Klasse 3. ABSCHLUSS: Verl\u00e4ngerter R\u00fccken. \u00c4rmelb\u00fcndchen mit [&hellip;]<\/p>\n","protected":false},"featured_media":590116,"template":"","meta":[],"product_brand":[],"product_cat":[4186],"product_tag":[],"class_list":{"0":"post-590073","1":"product","2":"type-product","3":"status-publish","4":"has-post-thumbnail","6":"product_cat-jacken","7":"pa_brand-blaklaeder","8":"pa_brand-type-workwear","9":"pa_filter-color-blau","10":"pa_filter-color-gelb","11":"pa_filter-color-grau","12":"pa_filter-color-orange","13":"pa_filter-color-rot","14":"pa_filter-color-schwarz","16":"first","17":"instock","18":"sale","19":"taxable","20":"shipping-taxable","21":"purchasable","22":"product-type-variable","23":"add-to-wishlist-before_image"},"exclude_global_add_ons":[],"addons":[],"acf":[],"_links":{"self":[{"href":"https:\/\/shop.kustom.ch\/it\/wp-json\/wp\/v2\/product\/590073"}],"collection":[{"href":"https:\/\/shop.kustom.ch\/it\/wp-json\/wp\/v2\/product"}],"about":[{"href":"https:\/\/shop.kustom.ch\/it\/wp-json\/wp\/v2\/types\/product"}],"wp:featuredmedia":[{"embeddable":true,"href":"https:\/\/shop.kustom.ch\/it\/wp-json\/wp\/v2\/media\/590116"}],"wp:attachment":[{"href":"https:\/\/shop.kustom.ch\/it\/wp-json\/wp\/v2\/media?parent=590073"}],"wp:term":[{"taxonomy":"product_brand","embeddable":true,"href":"https:\/\/shop.kustom.ch\/it\/wp-json\/wp\/v2\/product_brand?post=590073"},{"taxonomy":"product_cat","embeddable":true,"href":"https:\/\/shop.kustom.ch\/it\/wp-json\/wp\/v2\/product_cat?post=590073"},{"taxonomy":"product_tag","embeddable":true,"href":"https:\/\/shop.kustom.ch\/it\/wp-json\/wp\/v2\/product_tag?post=590073"}],"curies":[{"name":"wp","href":"https:\/\/api.w.org\/{rel}","templated":true}]}}