{"id":590050,"date":"2025-03-04T23:02:10","date_gmt":"2025-03-04T22:02:10","guid":{"rendered":"https:\/\/shop.kustom.ch\/?post_type=product&#038;p=590050"},"modified":"2026-03-31T09:06:40","modified_gmt":"2026-03-31T08:06:40","slug":"damen-kapuzenjacke","status":"publish","type":"product","link":"https:\/\/shop.kustom.ch\/it\/prodotto\/damen-kapuzenjacke\/","title":{"rendered":"Giacca con cappuccio da donna"},"content":{"rendered":"<p>Giacca con cappuccio da donna con cappuccio fisso, regolabile e foderato in pile, morbido e confortevole. Le robuste cerniere e i polsini delle maniche e dell'orlo garantiscono stabilit\u00e0. <\/p>\n<p>CHIUSURA: vita a coste. Polsini con risvolto. DETTAGLI: Cappuccio fisso e regolabile. Etichetta cucita sulle maniche. CHIUSURA ANTERIORE: Patta antivento con fodera in pile all'interno. FUNZIONALIT\u00c0: Taglia donna. CARATTERISTICHE PRINCIPALI: Artigiano. Donna. TESSUTO: Donna. nero. Vento \/ bagnato \/ freddo. TASCHE: Tasche anteriori con cerniera. ISTRUZIONI DI LAVAGGIO: Non stirare.<\/p>\n<p>100% poliestere, maglia a 2 strati e sherpa 430 g\/m\u00b2<\/p>","protected":false},"excerpt":{"rendered":"<p>Eine Kapuzenjacke f\u00fcr Damen mit einer festen, einstellbaren und Pile gef\u00fctterten Kapuze, die sich weich und bequem anf\u00fchlt. Robuste Reissverschl\u00fcsse und B\u00fcndchen an \u00c4rmeln und Saum bieten Stabilit\u00e4t. ABSCHLUSS: Gerippter Bund. Armabschluss mit B\u00fcndchen. DETAILS: Feste, verstellbare Kapuze. Aufgen\u00e4htes Label auf den \u00c4rmeln. FRONTVERSCHLUSS: Windleiste mit Fleecefutter innen. FUNKTIONALIT\u00c4T: Damengr\u00f6sse. HAUPTEIGENSCHAFTEN: Handwerker. Damen. STOFF: Damen. [&hellip;]<\/p>\n","protected":false},"featured_media":590112,"template":"","meta":[],"product_brand":[],"product_cat":[4184],"product_tag":[],"class_list":{"0":"post-590050","1":"product","2":"type-product","3":"status-publish","4":"has-post-thumbnail","6":"product_cat-hoodies-pullover","7":"pa_brand-blaklaeder","8":"pa_brand-type-workwear","9":"pa_filter-color-schwarz","11":"first","12":"instock","13":"sale","14":"taxable","15":"shipping-taxable","16":"purchasable","17":"product-type-variable","18":"add-to-wishlist-before_image"},"exclude_global_add_ons":[],"addons":[],"acf":[],"_links":{"self":[{"href":"https:\/\/shop.kustom.ch\/it\/wp-json\/wp\/v2\/product\/590050"}],"collection":[{"href":"https:\/\/shop.kustom.ch\/it\/wp-json\/wp\/v2\/product"}],"about":[{"href":"https:\/\/shop.kustom.ch\/it\/wp-json\/wp\/v2\/types\/product"}],"wp:featuredmedia":[{"embeddable":true,"href":"https:\/\/shop.kustom.ch\/it\/wp-json\/wp\/v2\/media\/590112"}],"wp:attachment":[{"href":"https:\/\/shop.kustom.ch\/it\/wp-json\/wp\/v2\/media?parent=590050"}],"wp:term":[{"taxonomy":"product_brand","embeddable":true,"href":"https:\/\/shop.kustom.ch\/it\/wp-json\/wp\/v2\/product_brand?post=590050"},{"taxonomy":"product_cat","embeddable":true,"href":"https:\/\/shop.kustom.ch\/it\/wp-json\/wp\/v2\/product_cat?post=590050"},{"taxonomy":"product_tag","embeddable":true,"href":"https:\/\/shop.kustom.ch\/it\/wp-json\/wp\/v2\/product_tag?post=590050"}],"curies":[{"name":"wp","href":"https:\/\/api.w.org\/{rel}","templated":true}]}}