{"id":590010,"date":"2025-03-04T23:01:37","date_gmt":"2025-03-04T22:01:37","guid":{"rendered":"https:\/\/shop.kustom.ch\/?post_type=product&#038;p=590010"},"modified":"2026-03-31T09:06:39","modified_gmt":"2026-03-31T08:06:39","slug":"leichte-gefuetterte-damen-winterjacke","status":"publish","type":"product","link":"https:\/\/shop.kustom.ch\/it\/prodotto\/leichte-gefuetterte-damen-winterjacke\/","title":{"rendered":"Giacca invernale da donna leggera e foderata"},"content":{"rendered":"<p>Giacca da donna leggermente foderata con fodera AirMesh, ideale per le condizioni climatiche leggermente pi\u00f9 fredde. Grazie alla sua struttura, l'AirMesh isola in condizioni di freddo, mentre traspira e trasporta l'umidit\u00e0. Ci\u00f2 conferisce al capo una migliore vestibilit\u00e0 e libert\u00e0 di movimento. La giacca \u00e8 antivento e impermeabile, con traspirabilit\u00e0 e cuciture nastrate. La giacca bicolore \u00e8 dotata di zip bidirezionale, dettagli riflettenti e cappuccio staccabile. Fa parte della collezione Unite ed \u00e8 disponibile in tre diverse combinazioni di colori. Certificata secondo la norma EN 343.<\/p>\n<p>CHIUSURA: vita regolabile con coulisse. Polsini regolabili. DETTAGLI: cerniera nella fodera per facilitare la rifinitura del tessuto. Stampa del logo sul petto. Cappuccio staccabile e regolabile con fodera in rete. CHIUSURA ANTERIORE: cerniera in plastica a due vie. FUNZIONALIT\u00c0: materiale antivento e impermeabile con traspirabilit\u00e0, cuciture nastrate. CARATTERISTICHE PRINCIPALI: Artigianale. EN 343. REFLEX: Stampa riflettente su maniche e cappuccio. TESSUTO: Disponibile per uomo e donna. antivento. Vento\/umido\/freddo. TASCHE: Tasche sul petto con zip. Tasche anteriori con cerniera. ISTRUZIONI DI LAVAGGIO: Non stirare. CERTIFICAZIONE: EN 343, classe 3.2.<\/p>\n<p>100% poliestere, Oxford, rivestito, impermeabile 15.000 mm, antivento, traspirante Ret 8.5, 200g\/m\u00b2<\/p>","protected":false},"excerpt":{"rendered":"<p>Eine leicht gef\u00fctterte Jacke f\u00fcr Damen mit AirMesh Futter, das ideal f\u00fcr etwas k\u00fchlere Wetterbedingungen geeignet ist. Dank seiner Konstruktion isoliert das AirMesh unter kalten Bedingungen w\u00e4hrend es atmet und Feuchtigkeit transportiert. Dies gibt dem Kleidungsst\u00fcck eine bessere Passform und Bewegungsfreiheit. Die Jacke ist wind- und wasserdicht mit Atmungsaktivit\u00e4t und verklebten N\u00e4hten. Die zweifarbige Jacke [&hellip;]<\/p>\n","protected":false},"featured_media":590058,"template":"","meta":[],"product_brand":[],"product_cat":[4186],"product_tag":[],"class_list":{"0":"post-590010","1":"product","2":"type-product","3":"status-publish","4":"has-post-thumbnail","6":"product_cat-jacken","7":"pa_brand-blaklaeder","8":"pa_brand-type-workwear","9":"pa_filter-color-blau","10":"pa_filter-color-gelb","12":"first","13":"instock","14":"sale","15":"taxable","16":"shipping-taxable","17":"purchasable","18":"product-type-variable","19":"add-to-wishlist-before_image"},"exclude_global_add_ons":[],"addons":[],"acf":[],"_links":{"self":[{"href":"https:\/\/shop.kustom.ch\/it\/wp-json\/wp\/v2\/product\/590010"}],"collection":[{"href":"https:\/\/shop.kustom.ch\/it\/wp-json\/wp\/v2\/product"}],"about":[{"href":"https:\/\/shop.kustom.ch\/it\/wp-json\/wp\/v2\/types\/product"}],"wp:featuredmedia":[{"embeddable":true,"href":"https:\/\/shop.kustom.ch\/it\/wp-json\/wp\/v2\/media\/590058"}],"wp:attachment":[{"href":"https:\/\/shop.kustom.ch\/it\/wp-json\/wp\/v2\/media?parent=590010"}],"wp:term":[{"taxonomy":"product_brand","embeddable":true,"href":"https:\/\/shop.kustom.ch\/it\/wp-json\/wp\/v2\/product_brand?post=590010"},{"taxonomy":"product_cat","embeddable":true,"href":"https:\/\/shop.kustom.ch\/it\/wp-json\/wp\/v2\/product_cat?post=590010"},{"taxonomy":"product_tag","embeddable":true,"href":"https:\/\/shop.kustom.ch\/it\/wp-json\/wp\/v2\/product_tag?post=590010"}],"curies":[{"name":"wp","href":"https:\/\/api.w.org\/{rel}","templated":true}]}}