{"id":589988,"date":"2025-03-04T23:01:04","date_gmt":"2025-03-04T22:01:04","guid":{"rendered":"https:\/\/shop.kustom.ch\/?post_type=product&#038;p=589988"},"modified":"2026-03-31T09:06:33","modified_gmt":"2026-03-31T08:06:33","slug":"damen-multinorm-jacke-inhaerent","status":"publish","type":"product","link":"https:\/\/shop.kustom.ch\/it\/prodotto\/damen-multinorm-jacke-inhaerent\/","title":{"rendered":"Giacca multinorm da donna Inherent"},"content":{"rendered":"<p>Giacca antifiamma da donna realizzata in resistente materiale ripstop con buona resistenza agli strappi per sopportare i rigori del lavoro. La giacca \u00e8 idrorepellente, resistente all'olio e allo sporco e presenta dettagli eleganti come le doppie tasche sul petto con cerniera nascosta, la schiena allungata e l'orlo regolabile con chiusura in velcro per una vestibilit\u00e0 confortevole. Ha strisce riflettenti cucite resistenti alla fiamma, chiusure in velcro sulle maniche e un collo alto per una buona protezione. Testato e approvato per 50 lavaggi. Certificato secondo le norme EN 1149-5, EN ISO 11611, EN 13034, EN ISO 20471, EN ISO 11612, IEC 61482-2. ATPV: 11 cal\/cm\u00b2.<\/p>\n<p>CHIUSURA: Vita regolabile con chiusura a velcro. Polsini regolabili con bottoni a pressione. DETTAGLI: Etichette di certificazione esterne. Bottoni in plastica. Collo alto con cerniera. Passanti su entrambi i lati del petto per rilevatore di gas \/ analizzatore di ossigeno \/ microfono. CHIUSURA ANTERIORE: Chiusura anteriore con bottoni a pressione in plastica nascosti. FUNZIONALIT\u00c0: Repellente all'olio, allo sporco e all'acqua. PROPRIET\u00c0 PRINCIPALI: Artigianale. EN ISO 11612. REFLEX: Strisce riflettenti ignifughe con doppia cucitura. TESSUTO: Disponibile per uomo e donna. Giallo alta visibilit\u00e0. Senza metallo. Ritardante di fiamma. TASCHE: Tasca sul petto con anello a D. Tasche anteriori con patta e bottoni a pressione. ISTRUZIONI DI LAVAGGIO: Non stirare. CERTIFICAZIONE: ATPV Rating: 32 cal\/cm\u00b2, CAT 3. max. 50 lavaggi. EN 13034 PB (6). ATPV - 11 cal\/cm\u00b2. Max. 50 lavaggi. Max. 50 lavaggi. Certificazione gruppo C<\/p>\n<p>44% modacrilico, 30% cotone, 20% poliammide FR, 5% aramide, 1% antistatico, ripstop, ignifugo, antistatico, 260 g\/m\u00b2<\/p>","protected":false},"excerpt":{"rendered":"<p>Flammschutz Damenjacke aus einen haltbaren Ripstop Material mit guter Reissfestigkeit, um die strapazierenden Anforderungen bei der Arbeit zu \u00fcberstehen. Die \u00f6l-, schmutz- und wasserabweisende Jacke hat intelligente Details wie doppelte Brusttaschen mit verdecktem Reissverschluss, einen verl\u00e4ngerten R\u00fccken und einen einstellbaren Saum mit Klettverschluss f\u00fcr einen bequemen Sitz. Sie hat flammfeste, aufgen\u00e4hte Reflexstreifen, Klettverschl\u00fcsse an den [&hellip;]<\/p>\n","protected":false},"featured_media":590029,"template":"","meta":[],"product_brand":[],"product_cat":[4186],"product_tag":[],"class_list":{"0":"post-589988","1":"product","2":"type-product","3":"status-publish","4":"has-post-thumbnail","6":"product_cat-jacken","7":"pa_brand-blaklaeder","8":"pa_brand-type-workwear","9":"pa_filter-color-blau","10":"pa_filter-color-gelb","12":"first","13":"instock","14":"sale","15":"taxable","16":"shipping-taxable","17":"purchasable","18":"product-type-variable","19":"add-to-wishlist-before_image"},"exclude_global_add_ons":[],"addons":[],"acf":[],"_links":{"self":[{"href":"https:\/\/shop.kustom.ch\/it\/wp-json\/wp\/v2\/product\/589988"}],"collection":[{"href":"https:\/\/shop.kustom.ch\/it\/wp-json\/wp\/v2\/product"}],"about":[{"href":"https:\/\/shop.kustom.ch\/it\/wp-json\/wp\/v2\/types\/product"}],"wp:featuredmedia":[{"embeddable":true,"href":"https:\/\/shop.kustom.ch\/it\/wp-json\/wp\/v2\/media\/590029"}],"wp:attachment":[{"href":"https:\/\/shop.kustom.ch\/it\/wp-json\/wp\/v2\/media?parent=589988"}],"wp:term":[{"taxonomy":"product_brand","embeddable":true,"href":"https:\/\/shop.kustom.ch\/it\/wp-json\/wp\/v2\/product_brand?post=589988"},{"taxonomy":"product_cat","embeddable":true,"href":"https:\/\/shop.kustom.ch\/it\/wp-json\/wp\/v2\/product_cat?post=589988"},{"taxonomy":"product_tag","embeddable":true,"href":"https:\/\/shop.kustom.ch\/it\/wp-json\/wp\/v2\/product_tag?post=589988"}],"curies":[{"name":"wp","href":"https:\/\/api.w.org\/{rel}","templated":true}]}}