{"id":589946,"date":"2025-03-04T23:00:29","date_gmt":"2025-03-04T22:00:29","guid":{"rendered":"https:\/\/shop.kustom.ch\/?post_type=product&#038;p=589946"},"modified":"2026-03-31T09:06:31","modified_gmt":"2026-03-31T08:06:31","slug":"damen-high-vis-microfleece-jacke","status":"publish","type":"product","link":"https:\/\/shop.kustom.ch\/it\/prodotto\/damen-high-vis-microfleece-jacke\/","title":{"rendered":"Giacca donna in micropile ad alta visibilit\u00e0"},"content":{"rendered":"<p>Una giacca leggera e confortevole realizzata in pile anti-pilling. \u00c8 ideale da indossare come capo esterno leggero o come secondo strato. La giacca \u00e8 dotata di collo alto, chiusura a zip e ampie strisce riflettenti elasticizzate sulla parte superiore del corpo, sulle braccia e sulle spalle per una migliore visibilit\u00e0. Certificato secondo la norma EN ISO 20471, XS-M classe 2, L-&gt; classe 3.<\/p>\n<p>CHIUSURA: Fascia elastica sull'orlo inferiore. Polsini elasticizzati. DETTAGLI: Stampa - Bl\u00e5kl\u00e4der. Collo alto con cerniera. CHIUSURA ANTERIORE: Patta antivento interna. FUNZIONALIT\u00c0: Taglia donna. CARATTERISTICHE PRINCIPALI: Artigianale. EN ISO 20471. REFLEX: Materiale riflettente su corpo, maniche e spalle. TESSUTO: Disponibile per uomo e donna. Giallo alta visibilit\u00e0. Protezione ad alta visibilit\u00e0. TASCHE: Tasche anteriori con cerniera. ISTRUZIONI DI LAVAGGIO: Numero di lavaggi: 25. 60\u00b0 C. CERTIFICAZIONE: EN ISO 20471, XS-M classe 2, L-&gt; classe 3.<\/p>\n<p>100 poliestere %, micropile, anti-pilling, 170 g\/m\u00b2<\/p>","protected":false},"excerpt":{"rendered":"<p>Eine leichte und bequeme Jacke, die aus einem Antipilling Fleece besteht. Sie ist ideal als leichte Oberbekleidung oder als zweite Lage zu tragen. Die Jacke hat einen hohen Kragen, einen Reissverschluss und breite elastische Reflexstreifen am Oberk\u00f6rper, den Armen und Schultern f\u00fcr eine bessere Sichtbarkeit. Zertifiziert nach EN ISO 20471, XS-M Klasse 2, L-&gt; Klasse [&hellip;]<\/p>\n","protected":false},"featured_media":590000,"template":"","meta":[],"product_brand":[],"product_cat":[4186],"product_tag":[],"class_list":{"0":"post-589946","1":"product","2":"type-product","3":"status-publish","4":"has-post-thumbnail","6":"product_cat-jacken","7":"pa_brand-blaklaeder","8":"pa_brand-type-workwear","9":"pa_filter-color-gelb","10":"pa_filter-color-orange","11":"pa_filter-color-rot","13":"first","14":"instock","15":"sale","16":"taxable","17":"shipping-taxable","18":"purchasable","19":"product-type-variable","20":"add-to-wishlist-before_image"},"exclude_global_add_ons":[],"addons":[],"acf":[],"_links":{"self":[{"href":"https:\/\/shop.kustom.ch\/it\/wp-json\/wp\/v2\/product\/589946"}],"collection":[{"href":"https:\/\/shop.kustom.ch\/it\/wp-json\/wp\/v2\/product"}],"about":[{"href":"https:\/\/shop.kustom.ch\/it\/wp-json\/wp\/v2\/types\/product"}],"wp:featuredmedia":[{"embeddable":true,"href":"https:\/\/shop.kustom.ch\/it\/wp-json\/wp\/v2\/media\/590000"}],"wp:attachment":[{"href":"https:\/\/shop.kustom.ch\/it\/wp-json\/wp\/v2\/media?parent=589946"}],"wp:term":[{"taxonomy":"product_brand","embeddable":true,"href":"https:\/\/shop.kustom.ch\/it\/wp-json\/wp\/v2\/product_brand?post=589946"},{"taxonomy":"product_cat","embeddable":true,"href":"https:\/\/shop.kustom.ch\/it\/wp-json\/wp\/v2\/product_cat?post=589946"},{"taxonomy":"product_tag","embeddable":true,"href":"https:\/\/shop.kustom.ch\/it\/wp-json\/wp\/v2\/product_tag?post=589946"}],"curies":[{"name":"wp","href":"https:\/\/api.w.org\/{rel}","templated":true}]}}