{"id":589923,"date":"2025-03-04T22:59:57","date_gmt":"2025-03-04T21:59:57","guid":{"rendered":"https:\/\/shop.kustom.ch\/?post_type=product&#038;p=589923"},"modified":"2026-03-31T09:06:26","modified_gmt":"2026-03-31T08:06:26","slug":"flammschutz-winterjacke","status":"publish","type":"product","link":"https:\/\/shop.kustom.ch\/it\/prodotto\/flammschutz-winterjacke\/","title":{"rendered":"Giacca invernale antifiamma"},"content":{"rendered":"<p>Giacca invernale antifiamma robusta e idrorepellente, con cerniera metallica nascosta e tasche funzionali. Le pieghe di movimento sulla schiena e i gomiti preformati garantiscono un'ottima libert\u00e0 di movimento. I dettagli riflettenti aumentano la visibilit\u00e0. Il tessuto ha una resistenza all'arco elettrico pari a EN 61482-1-1 atpv 16,0 cal\/cm\u00b2. Certificato secondo le norme EN 342, EN 1149-5, EN ISO 11611, EN 13034, EN ISO 11612, IEC 61482-2.<\/p>\n<p>CHIUSURA: Vita regolabile con bottoni a pressione. Polsini regolabili con bottoni a pressione. DETTAGLI: Soffietti sul retro. Etichette di certificazione esterne. Collo alto con cerniera nascosta. CHIUSURA ANTERIORE: Cerniera metallica nascosta e rinforzata. FUNZIONALIT\u00c0: Caldamente foderato. CARATTERISTICHE PRINCIPALI: Saldatore. EN ISO 11612. REFLEX: Dettagli riflettenti. TESSUTO: Uomo. grigio. Ritardante di fiamma. TASCHE: Tasche sul petto con zip. Tasca interna per cellulare. Tasca interna. Tasche incassate con patta. ISTRUZIONI DI LAVAGGIO: Non stirare. CERTIFICAZIONE: EN 1149-5. 20 lavaggi al massimo. EN 342 insieme a 1869-1514. EN ISO 11611, classe 1 A1+A2. EN ISO 11612 A1, A2, B1, C1, E3, F1. IEC 61482-2, APC 2<\/p>\n<p>85% cotone, 14% poliestere, 1% antistatico, twill, ritardante la fiamma, antistatico, 350 g\/m\u00b2<\/p>","protected":false},"excerpt":{"rendered":"<p>Robuste, \u00f6l-, schmutz- und wasserabweisende Flammschutz Winterjacke mit verdecktem Metall-Reissverschluss und funktionellen Taschen. Bewegungsfalten am R\u00fccken und vorgeformte Ellb\u00f6gen sorgen f\u00fcr optimale Bewegungsfreiheit. Reflektierende Details erh\u00f6hen die Sichtbarkeit. Der Stoff hat eine Lichtbogenfestigkeit von EN 61482-1-1 atpv 16,0 cal\/cm\u00b2. Zertifiziert nach EN 342, EN 1149-5, EN ISO 11611, EN 13034, EN ISO 11612, IEC 61482-2. [&hellip;]<\/p>\n","protected":false},"featured_media":589961,"template":"","meta":[],"product_brand":[],"product_cat":[4186],"product_tag":[],"class_list":{"0":"post-589923","1":"product","2":"type-product","3":"status-publish","4":"has-post-thumbnail","6":"product_cat-jacken","7":"pa_brand-blaklaeder","8":"pa_brand-type-workwear","9":"pa_filter-color-grau","10":"pa_filter-color-schwarz","12":"first","13":"instock","14":"sale","15":"taxable","16":"shipping-taxable","17":"purchasable","18":"product-type-variable","19":"add-to-wishlist-before_image"},"exclude_global_add_ons":[],"addons":[],"acf":[],"_links":{"self":[{"href":"https:\/\/shop.kustom.ch\/it\/wp-json\/wp\/v2\/product\/589923"}],"collection":[{"href":"https:\/\/shop.kustom.ch\/it\/wp-json\/wp\/v2\/product"}],"about":[{"href":"https:\/\/shop.kustom.ch\/it\/wp-json\/wp\/v2\/types\/product"}],"wp:featuredmedia":[{"embeddable":true,"href":"https:\/\/shop.kustom.ch\/it\/wp-json\/wp\/v2\/media\/589961"}],"wp:attachment":[{"href":"https:\/\/shop.kustom.ch\/it\/wp-json\/wp\/v2\/media?parent=589923"}],"wp:term":[{"taxonomy":"product_brand","embeddable":true,"href":"https:\/\/shop.kustom.ch\/it\/wp-json\/wp\/v2\/product_brand?post=589923"},{"taxonomy":"product_cat","embeddable":true,"href":"https:\/\/shop.kustom.ch\/it\/wp-json\/wp\/v2\/product_cat?post=589923"},{"taxonomy":"product_tag","embeddable":true,"href":"https:\/\/shop.kustom.ch\/it\/wp-json\/wp\/v2\/product_tag?post=589923"}],"curies":[{"name":"wp","href":"https:\/\/api.w.org\/{rel}","templated":true}]}}