{"id":589751,"date":"2025-03-04T22:57:32","date_gmt":"2025-03-04T21:57:32","guid":{"rendered":"https:\/\/shop.kustom.ch\/?post_type=product&#038;p=589751"},"modified":"2026-03-31T09:06:12","modified_gmt":"2026-03-31T08:06:12","slug":"multinorm-softshell-jacke","status":"publish","type":"product","link":"https:\/\/shop.kustom.ch\/it\/prodotto\/multinorm-softshell-jacke\/","title":{"rendered":"Giacca softshell multinorm"},"content":{"rendered":"<p>Giacca softshell ad alta visibilit\u00e0, priva di metallo e poliestere, intrinsecamente ignifuga. La giacca antivento e idrorepellente \u00e8 realizzata in materiale softshell e ha un'eccellente traspirabilit\u00e0. Presenta inoltre una schiena allungata, maniche preformate e polsini alle estremit\u00e0 delle maniche, che migliorano ulteriormente il gi\u00e0 fantastico comfort di vestibilit\u00e0. La giacca \u00e8 dotata di due passanti per il fissaggio di dispositivi di misurazione di gas e ossigeno. Questo rende la giacca softshell particolarmente utile per lavorare in ambienti petrolchimici o nell'industria petrolifera e del gas, ad esempio. \u00c8 certificata in conformit\u00e0 alle norme EN 1149-5, EN 13034, EN ISO 20471, EN ISO 11611, EN ISO 11612 e IEC 61482-2.<\/p>\n<p>CHIUSURA: Polsini e vita elasticizzati. DETTAGLI: Anello a D. Etichetta esterna. Bottoni a pressione in plastica. Colletto foderato in pile. Passanti su entrambi i lati del petto per microfoni e altre attrezzature. CHIUSURA ANTERIORE: Chiusura anteriore con bottoni a pressione in plastica nascosti. FUNZIONALIT\u00c0: Senza metallo. PROPRIET\u00c0 PRINCIPALI: Lavoratori stradali ed edili. EN ISO 20471. REFLEX: strisce riflettenti a trasferimento ritardato di fiamma interrotto. TESSUTO: Uomo. Giallo alta visibilit\u00e0. Senza metallo. Ritardante di fiamma. TASCHE: Tasca sul petto con zip. Tasca interna per cellulare. Tasche anteriori con cerniera. ISTRUZIONI DI LAVAGGIO: Non lavare a secco. CERTIFICAZIONE: EN 1149-5. EN 13034 PB (6). EBT - 33 cal\/cm\u00b2. EN ISO 11611 classe 2, A1+A2. EN ISO 11612 A1,A2, B1,C2,F2. EN ISO 20471, XS-S classe 2, M e superiori classe 3.<\/p>\n<p>44% modacrilico, 29% cotone, 11% poliammide, 6% poliuretano, 5% poliestere, 3% aramide, 2% antistatico, softshell a 3 strati, ignifugo, antistatico, rivestito, schizzi chimici (EN13034), 490 g\/m\u00b2<\/p>","protected":false},"excerpt":{"rendered":"<p>Eine metall- und polyesterfreie Softshell Jacke in High Vis, die inh\u00e4rent flammhemmend ist. Die wind- und wasserabweisende Jacke besteht aus einem Softshell-Material und verf\u00fcgt \u00fcber eine hervorragende Atmungsaktivit\u00e4t. Ausserdem hat sie einen verl\u00e4ngerten R\u00fccken, vorgeformte \u00c4rmel und B\u00fcndchen an den \u00c4rmelenden, die den ohnehin schon fantastischen Tragekomfort noch verbessern. Die Jacke ist mit zwei Schlaufen, [&hellip;]<\/p>\n","protected":false},"featured_media":589787,"template":"","meta":[],"product_brand":[],"product_cat":[4186],"product_tag":[],"class_list":{"0":"post-589751","1":"product","2":"type-product","3":"status-publish","4":"has-post-thumbnail","6":"product_cat-jacken","7":"pa_brand-blaklaeder","8":"pa_brand-type-workwear","9":"pa_filter-color-blau","10":"pa_filter-color-gelb","12":"first","13":"instock","14":"sale","15":"taxable","16":"shipping-taxable","17":"purchasable","18":"product-type-variable","19":"add-to-wishlist-before_image"},"exclude_global_add_ons":[],"addons":[],"acf":[],"_links":{"self":[{"href":"https:\/\/shop.kustom.ch\/it\/wp-json\/wp\/v2\/product\/589751"}],"collection":[{"href":"https:\/\/shop.kustom.ch\/it\/wp-json\/wp\/v2\/product"}],"about":[{"href":"https:\/\/shop.kustom.ch\/it\/wp-json\/wp\/v2\/types\/product"}],"wp:featuredmedia":[{"embeddable":true,"href":"https:\/\/shop.kustom.ch\/it\/wp-json\/wp\/v2\/media\/589787"}],"wp:attachment":[{"href":"https:\/\/shop.kustom.ch\/it\/wp-json\/wp\/v2\/media?parent=589751"}],"wp:term":[{"taxonomy":"product_brand","embeddable":true,"href":"https:\/\/shop.kustom.ch\/it\/wp-json\/wp\/v2\/product_brand?post=589751"},{"taxonomy":"product_cat","embeddable":true,"href":"https:\/\/shop.kustom.ch\/it\/wp-json\/wp\/v2\/product_cat?post=589751"},{"taxonomy":"product_tag","embeddable":true,"href":"https:\/\/shop.kustom.ch\/it\/wp-json\/wp\/v2\/product_tag?post=589751"}],"curies":[{"name":"wp","href":"https:\/\/api.w.org\/{rel}","templated":true}]}}