{"id":589668,"date":"2025-03-04T22:56:24","date_gmt":"2025-03-04T21:56:24","guid":{"rendered":"https:\/\/shop.kustom.ch\/?post_type=product&#038;p=589668"},"modified":"2026-03-31T08:53:12","modified_gmt":"2026-03-31T07:53:12","slug":"damen-t-shirt-3d","status":"publish","type":"product","link":"https:\/\/shop.kustom.ch\/it\/prodotto\/damen-t-shirt-3d\/","title":{"rendered":"Maglietta da donna 3D"},"content":{"rendered":"<p>Elegante T-shirt in cotone con un taglio femminile e una stampa 3D ancora pi\u00f9 attraente sul petto con la scritta \u201aBl\u00e5kl\u00e4der\u2018. Questa T-shirt pu\u00f2 essere indossata sia al lavoro che nel tempo libero e dimostra che avete un ottimo gusto in fatto di abbigliamento da lavoro.<\/p>\n<p>DETTAGLI: Stampa - Bl\u00e5kl\u00e4der 3D. Collo rotondo. Cuciture del collo rinforzate. FUNZIONALIT\u00c0: vestibilit\u00e0 casual. CARATTERISTICHE PRINCIPALI: Costruttore di cemento. TESSUTO: Disponibile per uomo e donna. Profilo. ISTRUZIONI DI LAVAGGIO: Non candeggiare.<\/p>\n<p>100% Cotone, jersey, 150 g\/m\u00b2<\/p>","protected":false},"excerpt":{"rendered":"<p>Stylisches Baumwoll T-Shirt mit femininem Schnitt und einem noch attraktiveren 3D-Druck auf der Brust mit der Aufschrift &#8218;Bl\u00e5kl\u00e4der&#8216;. Das T-Shirt kann sowohl im Beruf als auch in der Freizeit getragen werden und zeigt, dass Sie einen ausgezeichneten Geschmack in Sachen Arbeitskleidung haben. DETAILS: Print &#8211; Bl\u00e5kl\u00e4der 3D. Rundhals. Verst\u00e4rkte Halsn\u00e4hte. FUNKTIONALIT\u00c4T: L\u00e4ssige Passform. HAUPTEIGENSCHAFTEN: Betonbauer. [&hellip;]<\/p>\n","protected":false},"featured_media":589707,"template":"","meta":[],"product_brand":[],"product_cat":[4201],"product_tag":[],"class_list":{"0":"post-589668","1":"product","2":"type-product","3":"status-publish","4":"has-post-thumbnail","6":"product_cat-t-shirts","7":"pa_brand-blaklaeder","8":"pa_brand-type-workwear","9":"pa_filter-color-blau","10":"pa_filter-color-orange","12":"first","13":"instock","14":"sale","15":"taxable","16":"shipping-taxable","17":"purchasable","18":"product-type-variable","19":"add-to-wishlist-before_image"},"exclude_global_add_ons":[],"addons":[],"acf":[],"_links":{"self":[{"href":"https:\/\/shop.kustom.ch\/it\/wp-json\/wp\/v2\/product\/589668"}],"collection":[{"href":"https:\/\/shop.kustom.ch\/it\/wp-json\/wp\/v2\/product"}],"about":[{"href":"https:\/\/shop.kustom.ch\/it\/wp-json\/wp\/v2\/types\/product"}],"wp:featuredmedia":[{"embeddable":true,"href":"https:\/\/shop.kustom.ch\/it\/wp-json\/wp\/v2\/media\/589707"}],"wp:attachment":[{"href":"https:\/\/shop.kustom.ch\/it\/wp-json\/wp\/v2\/media?parent=589668"}],"wp:term":[{"taxonomy":"product_brand","embeddable":true,"href":"https:\/\/shop.kustom.ch\/it\/wp-json\/wp\/v2\/product_brand?post=589668"},{"taxonomy":"product_cat","embeddable":true,"href":"https:\/\/shop.kustom.ch\/it\/wp-json\/wp\/v2\/product_cat?post=589668"},{"taxonomy":"product_tag","embeddable":true,"href":"https:\/\/shop.kustom.ch\/it\/wp-json\/wp\/v2\/product_tag?post=589668"}],"curies":[{"name":"wp","href":"https:\/\/api.w.org\/{rel}","templated":true}]}}