{"id":589599,"date":"2025-03-04T22:55:10","date_gmt":"2025-03-04T21:55:10","guid":{"rendered":"https:\/\/shop.kustom.ch\/?post_type=product&#038;p=589599"},"modified":"2026-03-31T08:53:03","modified_gmt":"2026-03-31T07:53:03","slug":"uv-schutz-high-vis-polo-shirt","status":"publish","type":"product","link":"https:\/\/shop.kustom.ch\/it\/prodotto\/uv-schutz-high-vis-polo-shirt\/","title":{"rendered":"Polo ad alta visibilit\u00e0 con protezione UV"},"content":{"rendered":"<p>Polo certificata High Vis con protezione UV, realizzata in leggero tessuto a maglia con struttura per la ventilazione. Il materiale ha propriet\u00e0 regolatrici dell'umidit\u00e0 per una sensazione piacevole e asciutta sul corpo. La polo presenta strisce riflettenti interrotte e propriet\u00e0 elastiche per una libert\u00e0 di movimento ottimale. Certificata secondo la norma EN ISO 20471 classe 2 e EN 13758-2 UPF 40+.<\/p>\n<p>DETTAGLI: Scollo con bottoni. Collo a coste. FUNZIONALIT\u00c0: Materiali con funzionalit\u00e0 antiodore. PROPRIET\u00c0 PRINCIPALI: Lavoratori stradali ed edili. EN ISO 20471. REFLEX: Materiale riflettente su corpo, maniche e spalle. TESSUTO: Uomo. Giallo alta visibilit\u00e0. Protezione ad alta visibilit\u00e0. ISTRUZIONI DI LAVAGGIO: Colore 5500 - max. 40\u00b0, max. 25 lavaggi. Non candeggiare. CERTIFICAZIONE: EN 13758-2 UPF 40 +. EN ISO 20471, XS-M classe 2, L-&gt; classe 3<\/p>\n<p>100% poliestere, maglia birdseye, trasporto dell'umidit\u00e0, protezione UV, 130g\/m\u00b2<\/p>","protected":false},"excerpt":{"rendered":"<p>High Vis zertifiziertes Polo Shirt mit UV-Schutz, aus leichtem Strickgewebe mit Struktur f\u00fcr die Bel\u00fcftung. Das Material hat feuchtigkeitsregulierende Eigenschaften f\u00fcr ein angenehmes und trockenes Gef\u00fchl am K\u00f6rper. Das Polo hat unterbrochene Reflexstreifen mit Stretch-Eigenschaften, f\u00fcr optimale Bewegungsfreiheit. Zertifiziert nach EN ISO 20471 Klasse 2 und EN 13758-2 UPF 40+. DETAILS: Halsausschnitt mit Kn\u00f6pfen. Gerippter [&hellip;]<\/p>\n","protected":false},"featured_media":589664,"template":"","meta":[],"product_brand":[],"product_cat":[4201],"product_tag":[],"class_list":{"0":"post-589599","1":"product","2":"type-product","3":"status-publish","4":"has-post-thumbnail","6":"product_cat-t-shirts","7":"pa_brand-blaklaeder","8":"pa_brand-type-workwear","9":"pa_filter-color-gelb","10":"pa_filter-color-orange","11":"pa_filter-color-rot","13":"first","14":"instock","15":"sale","16":"taxable","17":"shipping-taxable","18":"purchasable","19":"product-type-variable","20":"add-to-wishlist-before_image"},"exclude_global_add_ons":[],"addons":[],"acf":[],"_links":{"self":[{"href":"https:\/\/shop.kustom.ch\/it\/wp-json\/wp\/v2\/product\/589599"}],"collection":[{"href":"https:\/\/shop.kustom.ch\/it\/wp-json\/wp\/v2\/product"}],"about":[{"href":"https:\/\/shop.kustom.ch\/it\/wp-json\/wp\/v2\/types\/product"}],"wp:featuredmedia":[{"embeddable":true,"href":"https:\/\/shop.kustom.ch\/it\/wp-json\/wp\/v2\/media\/589664"}],"wp:attachment":[{"href":"https:\/\/shop.kustom.ch\/it\/wp-json\/wp\/v2\/media?parent=589599"}],"wp:term":[{"taxonomy":"product_brand","embeddable":true,"href":"https:\/\/shop.kustom.ch\/it\/wp-json\/wp\/v2\/product_brand?post=589599"},{"taxonomy":"product_cat","embeddable":true,"href":"https:\/\/shop.kustom.ch\/it\/wp-json\/wp\/v2\/product_cat?post=589599"},{"taxonomy":"product_tag","embeddable":true,"href":"https:\/\/shop.kustom.ch\/it\/wp-json\/wp\/v2\/product_tag?post=589599"}],"curies":[{"name":"wp","href":"https:\/\/api.w.org\/{rel}","templated":true}]}}