{"id":589534,"date":"2025-03-04T22:54:00","date_gmt":"2025-03-04T21:54:00","guid":{"rendered":"https:\/\/shop.kustom.ch\/?post_type=product&#038;p=589534"},"modified":"2026-03-31T08:52:51","modified_gmt":"2026-03-31T07:52:51","slug":"high-vis-t-shirt-4","status":"publish","type":"product","link":"https:\/\/shop.kustom.ch\/it\/prodotto\/high-vis-t-shirt-4\/","title":{"rendered":"Maglietta High Vis"},"content":{"rendered":"<p>T-shirt di cotone moderna, morbida e confortevole. Tessuto ad alta visibilit\u00e0 con propriet\u00e0 antiumidit\u00e0 e antiodore. Collo rotondo con cuciture rinforzate. Riflettori puntati sulla parte inferiore per una buona ventilazione e propriet\u00e0 elastiche che consentono un'eccellente libert\u00e0 di movimento. Il colore di contrasto \u00e8 in cotone 100 % e l'area ad alta visibilit\u00e0 \u00e8 in poliestere 100 %. Certificato secondo la norma EN ISO 20471, classe 1.<\/p>\n<p>DETTAGLI: Stampa - Bl\u00e5kl\u00e4der. Collo rotondo. Cuciture del collo rinforzate. CARATTERISTICHE PRINCIPALI: Artigianale. EN ISO 20471. REFLEX: Materiale riflettente su corpo, maniche e spalle. TESSUTO: Uomo. Giallo alta visibilit\u00e0. Protezione ad alta visibilit\u00e0. Materiale fluorescente in poliestere 100% ad alta visibilit\u00e0. ISTRUZIONI DI LAVAGGIO: Numero di lavaggi: 25 - si applica al colore 9955. 40\u00b0 C. CERTIFICAZIONE: EN ISO 20471, classe 1.<\/p>\n<p>100% Cotone, jersey, 180 g\/m\u00b2<\/p>","protected":false},"excerpt":{"rendered":"<p>Modernes, weiches und komfortables BaumwollT-Shirt. High Vis Stoff mit Feuchtigkeit transportierenden und geruchshemmendenEigenschaften. Rundhals mit verst\u00e4rkten Halsn\u00e4hten. Unterteilter,reflektierender Besatz f\u00fcr gute Bel\u00fcftung und Stretch Eigenschaften, diehervorragende Bewegungsfreiheit erm\u00f6glichen. Die Kontrastfarbebesteht aus 100 % Baumwolle und der Warnschutzbereich besteht aus 100 %Polyester. Zertifiziert nach EN ISO 20471, Klasse 1. DETAILS: Aufdruck &#8211; Bl\u00e5kl\u00e4der. Rundhals. Verst\u00e4rkte Halsn\u00e4hte. [&hellip;]<\/p>\n","protected":false},"featured_media":589580,"template":"","meta":[],"product_brand":[],"product_cat":[4201],"product_tag":[],"class_list":{"0":"post-589534","1":"product","2":"type-product","3":"status-publish","4":"has-post-thumbnail","6":"product_cat-t-shirts","7":"pa_brand-blaklaeder","8":"pa_brand-type-workwear","9":"pa_filter-color-blau","10":"pa_filter-color-gelb","11":"pa_filter-color-grau","12":"pa_filter-color-orange","13":"pa_filter-color-rot","14":"pa_filter-color-schwarz","16":"first","17":"instock","18":"sale","19":"taxable","20":"shipping-taxable","21":"purchasable","22":"product-type-variable","23":"add-to-wishlist-before_image"},"exclude_global_add_ons":[],"addons":[],"acf":[],"_links":{"self":[{"href":"https:\/\/shop.kustom.ch\/it\/wp-json\/wp\/v2\/product\/589534"}],"collection":[{"href":"https:\/\/shop.kustom.ch\/it\/wp-json\/wp\/v2\/product"}],"about":[{"href":"https:\/\/shop.kustom.ch\/it\/wp-json\/wp\/v2\/types\/product"}],"wp:featuredmedia":[{"embeddable":true,"href":"https:\/\/shop.kustom.ch\/it\/wp-json\/wp\/v2\/media\/589580"}],"wp:attachment":[{"href":"https:\/\/shop.kustom.ch\/it\/wp-json\/wp\/v2\/media?parent=589534"}],"wp:term":[{"taxonomy":"product_brand","embeddable":true,"href":"https:\/\/shop.kustom.ch\/it\/wp-json\/wp\/v2\/product_brand?post=589534"},{"taxonomy":"product_cat","embeddable":true,"href":"https:\/\/shop.kustom.ch\/it\/wp-json\/wp\/v2\/product_cat?post=589534"},{"taxonomy":"product_tag","embeddable":true,"href":"https:\/\/shop.kustom.ch\/it\/wp-json\/wp\/v2\/product_tag?post=589534"}],"curies":[{"name":"wp","href":"https:\/\/api.w.org\/{rel}","templated":true}]}}