{"id":589514,"date":"2025-03-04T22:53:57","date_gmt":"2025-03-04T21:53:57","guid":{"rendered":"https:\/\/shop.kustom.ch\/?post_type=product&#038;p=589514"},"modified":"2026-03-31T08:52:50","modified_gmt":"2026-03-31T07:52:50","slug":"uv-t-shirt-high-vis-6","status":"publish","type":"product","link":"https:\/\/shop.kustom.ch\/it\/prodotto\/uv-t-shirt-high-vis-6\/","title":{"rendered":"Maglietta UV High Vis"},"content":{"rendered":"<p>T-shirt High Vis con scollo rotondo in leggero tessuto a maglia con struttura di ventilazione. Il materiale ha propriet\u00e0 traspiranti per una sensazione di comfort e asciutto sul corpo. Riflessi sul fondo per una buona ventilazione e propriet\u00e0 elastiche che consentono un'eccellente libert\u00e0 di movimento. Protezione UV 40+. Certificato secondo la norma EN 13758-2 UPF 40+ e EN ISO 20471, classe 3.<\/p>\n<p>DETTAGLI: Collo rotondo. FUNZIONALIT\u00c0: Materiale con protezione UV. PROPRIET\u00c0 PRINCIPALI: Lavoratori stradali e dell'edilizia. EN 13758-2. REFLEX: strisce riflettenti a trasferimento larghe 50 mm. TESSUTO: Uomo. Giallo alta visibilit\u00e0. Protezione UV. Alta visibilit\u00e0. ISTRUZIONI DI LAVAGGIO: Colore 5500 - max. 40\u00b0, max. 25 lavaggi. Asciugatrice - bassa. CERTIFICAZIONE: EN 13758-2 UPF 40+. I capi di classe 2 e 3 in arancione sono conformi alla norma RIS-3279-TOM Edizione 2.<\/p>\n<p>100% poliestere, maglia birdseye, trasporto dell'umidit\u00e0, protezione UV, 130g\/m\u00b2<\/p>","protected":false},"excerpt":{"rendered":"<p>High Vis T-Shirt mit Rundhalsausschnitt aus leichtem Strickgewebe mit Struktur f\u00fcr die Bel\u00fcftung. Das Material hat feuchtigkeitstransportierende Eigenschaften f\u00fcr ein angenehmes und trockenes Gef\u00fchl am K\u00f6rper. Unterteilter, reflektierender Besatz f\u00fcr gute Bel\u00fcftung und Stretch Eigenschaften, die hervorragende Bewegungsfreiheit erm\u00f6glichen. UV-Schutz 40+. Zertifiziert nach EN 13758-2 UPF 40+ und EN ISO 20471, Klasse 3. DETAILS: Rundhals. [&hellip;]<\/p>\n","protected":false},"featured_media":589578,"template":"","meta":[],"product_brand":[],"product_cat":[4201],"product_tag":[],"class_list":{"0":"post-589514","1":"product","2":"type-product","3":"status-publish","4":"has-post-thumbnail","6":"product_cat-t-shirts","7":"pa_brand-blaklaeder","8":"pa_brand-type-workwear","9":"pa_filter-color-gelb","10":"pa_filter-color-orange","11":"pa_filter-color-rot","13":"first","14":"instock","15":"sale","16":"taxable","17":"shipping-taxable","18":"purchasable","19":"product-type-variable","20":"add-to-wishlist-before_image"},"exclude_global_add_ons":[],"addons":[],"acf":[],"_links":{"self":[{"href":"https:\/\/shop.kustom.ch\/it\/wp-json\/wp\/v2\/product\/589514"}],"collection":[{"href":"https:\/\/shop.kustom.ch\/it\/wp-json\/wp\/v2\/product"}],"about":[{"href":"https:\/\/shop.kustom.ch\/it\/wp-json\/wp\/v2\/types\/product"}],"wp:featuredmedia":[{"embeddable":true,"href":"https:\/\/shop.kustom.ch\/it\/wp-json\/wp\/v2\/media\/589578"}],"wp:attachment":[{"href":"https:\/\/shop.kustom.ch\/it\/wp-json\/wp\/v2\/media?parent=589514"}],"wp:term":[{"taxonomy":"product_brand","embeddable":true,"href":"https:\/\/shop.kustom.ch\/it\/wp-json\/wp\/v2\/product_brand?post=589514"},{"taxonomy":"product_cat","embeddable":true,"href":"https:\/\/shop.kustom.ch\/it\/wp-json\/wp\/v2\/product_cat?post=589514"},{"taxonomy":"product_tag","embeddable":true,"href":"https:\/\/shop.kustom.ch\/it\/wp-json\/wp\/v2\/product_tag?post=589514"}],"curies":[{"name":"wp","href":"https:\/\/api.w.org\/{rel}","templated":true}]}}