{"id":589489,"date":"2025-03-04T22:53:25","date_gmt":"2025-03-04T21:53:25","guid":{"rendered":"https:\/\/shop.kustom.ch\/?post_type=product&#038;p=589489"},"modified":"2026-03-31T08:52:32","modified_gmt":"2026-03-31T07:52:32","slug":"high-vis-t-shirt-3","status":"publish","type":"product","link":"https:\/\/shop.kustom.ch\/it\/prodotto\/high-vis-t-shirt-3\/","title":{"rendered":"Maglietta High Vis"},"content":{"rendered":"<p>Comoda T-shirt fluorescente ad alta visibilit\u00e0 con scollo rotondo e maniche corte. Il tessuto ha una buona traspirabilit\u00e0 e la maglietta \u00e8 dotata di strisce riflettenti cucite per una buona visibilit\u00e0. Certificata secondo lo standard EN ISO 20471, classe 3, abbigliamento protettivo High Vis.<\/p>\n<p>DETTAGLI: Collo rotondo. PROPRIET\u00c0 PRINCIPALI: Lavoratore su strada e in cantiere. RIS-3279-TOM . REFLEX: Materiale riflettente sulle maniche. TESSUTO: Uomo. Giallo alta visibilit\u00e0. Alta visibilit\u00e0. ISTRUZIONI DI LAVAGGIO: Numero di lavaggi: 50, non candeggiare. CERTIFICAZIONE: Gli indumenti di classe 2 e 3 in arancione sono conformi alla norma RIS-3279-TOM, edizione 2.<\/p>\n<p>100% Poliestere, Pik\u00e9, 130g\/m\u00b2<\/p>","protected":false},"excerpt":{"rendered":"<p>Bequemes fluoreszierendes High Vis T-Shirt mit Rundhalsausschnitt und kurzen \u00c4rmeln. Der Stoff hat gute Atmungseigenschaften und das T-Shirt hat aufgen\u00e4hte Reflexstreifen f\u00fcr eine gute Sichtbarkeit. Zertifiziert nach der Norm EN ISO 20471, Klasse 3, High Vis Schutzkleidung. DETAILS: Rundhals. HAUPTEIGENSCHAFTEN: Strassen- und Bauarbeiter. RIS-3279-TOM . REFLEX: Reflexmaterial an den \u00c4rmeln. STOFF: Herren. High-Vis Gelb. Warnschutz. [&hellip;]<\/p>\n","protected":false},"featured_media":589538,"template":"","meta":[],"product_brand":[],"product_cat":[4201],"product_tag":[],"class_list":{"0":"post-589489","1":"product","2":"type-product","3":"status-publish","4":"has-post-thumbnail","6":"product_cat-t-shirts","7":"pa_brand-blaklaeder","8":"pa_brand-type-workwear","9":"pa_filter-color-gelb","10":"pa_filter-color-orange","11":"pa_filter-color-rot","13":"first","14":"instock","15":"sale","16":"taxable","17":"shipping-taxable","18":"purchasable","19":"product-type-variable","20":"add-to-wishlist-before_image"},"exclude_global_add_ons":[],"addons":[],"acf":[],"_links":{"self":[{"href":"https:\/\/shop.kustom.ch\/it\/wp-json\/wp\/v2\/product\/589489"}],"collection":[{"href":"https:\/\/shop.kustom.ch\/it\/wp-json\/wp\/v2\/product"}],"about":[{"href":"https:\/\/shop.kustom.ch\/it\/wp-json\/wp\/v2\/types\/product"}],"wp:featuredmedia":[{"embeddable":true,"href":"https:\/\/shop.kustom.ch\/it\/wp-json\/wp\/v2\/media\/589538"}],"wp:attachment":[{"href":"https:\/\/shop.kustom.ch\/it\/wp-json\/wp\/v2\/media?parent=589489"}],"wp:term":[{"taxonomy":"product_brand","embeddable":true,"href":"https:\/\/shop.kustom.ch\/it\/wp-json\/wp\/v2\/product_brand?post=589489"},{"taxonomy":"product_cat","embeddable":true,"href":"https:\/\/shop.kustom.ch\/it\/wp-json\/wp\/v2\/product_cat?post=589489"},{"taxonomy":"product_tag","embeddable":true,"href":"https:\/\/shop.kustom.ch\/it\/wp-json\/wp\/v2\/product_tag?post=589489"}],"curies":[{"name":"wp","href":"https:\/\/api.w.org\/{rel}","templated":true}]}}