{"id":589468,"date":"2025-03-04T22:52:50","date_gmt":"2025-03-04T21:52:50","guid":{"rendered":"https:\/\/shop.kustom.ch\/?post_type=product&#038;p=589468"},"modified":"2026-03-31T08:52:32","modified_gmt":"2026-03-31T07:52:32","slug":"damen-high-vis-t-shirt-2","status":"publish","type":"product","link":"https:\/\/shop.kustom.ch\/it\/prodotto\/damen-high-vis-t-shirt-2\/","title":{"rendered":"Maglietta donna High Vis"},"content":{"rendered":"<p>Una T-shirt in cotone moderna, morbida e confortevole, dal taglio femminile. Il tessuto ad alta visibilit\u00e0 ha una funzione antiumidit\u00e0 e antiodore. La T-shirt ha uno scollo rotondo con cuciture rinforzate, aree riflettenti interrotte per una buona ventilazione e propriet\u00e0 elastiche per una libert\u00e0 di movimento ottimale. La parte scura della T-shirt \u00e8 realizzata in cotone 100% e la parte a vista in poliestere 100%. Disponibile anche come modello da uomo 3421.<\/p>\n<p>DETTAGLI: Stampa - Bl\u00e5kl\u00e4der. Collo rotondo. Cuciture del collo rinforzate. CARATTERISTICHE PRINCIPALI: Lavoratori stradali ed edili. EN ISO 20471. REFLEX: strisce riflettenti a trasferimento larghe 50 mm. TESSUTO: Disponibile per uomo e donna. Giallo alta visibilit\u00e0. Protezione ad alta visibilit\u00e0. Materiale fluorescente in poliestere 100% ad alta visibilit\u00e0. ISTRUZIONI DI LAVAGGIO: Numero di lavaggi: 50, non centrifugare. CERTIFICAZIONE: Gruppo di certificazione D<\/p>\n<p>100% Cotone, jersey, 180 g\/m\u00b2<\/p>","protected":false},"excerpt":{"rendered":"<p>Ein modernes, weiches und bequemes T-Shirt aus Baumwolle im Damenschnitt. Der High Vis Stoff besitzt eine feuchtigkeitsableitende und geruchshemmende Funktion. Das T-Shirt hat einen Rundhalsausschnitt mit verst\u00e4rkter Halsnaht, unterbrochene reflektierende Bereiche f\u00fcr gute Bel\u00fcftung und Stretch-Eigenschaften f\u00fcr optimale Bewegungsfreiheit. Der dunkle Teil des T-Shirts besteht aus 100% Baumwolle und der High Vis Teil aus 100% [&hellip;]<\/p>\n","protected":false},"featured_media":589511,"template":"","meta":[],"product_brand":[],"product_cat":[4201],"product_tag":[],"class_list":{"0":"post-589468","1":"product","2":"type-product","3":"status-publish","4":"has-post-thumbnail","6":"product_cat-t-shirts","7":"pa_brand-blaklaeder","8":"pa_brand-type-workwear","9":"pa_filter-color-blau","10":"pa_filter-color-gelb","11":"pa_filter-color-orange","13":"first","14":"instock","15":"sale","16":"taxable","17":"shipping-taxable","18":"purchasable","19":"product-type-variable","20":"add-to-wishlist-before_image"},"exclude_global_add_ons":[],"addons":[],"acf":[],"_links":{"self":[{"href":"https:\/\/shop.kustom.ch\/it\/wp-json\/wp\/v2\/product\/589468"}],"collection":[{"href":"https:\/\/shop.kustom.ch\/it\/wp-json\/wp\/v2\/product"}],"about":[{"href":"https:\/\/shop.kustom.ch\/it\/wp-json\/wp\/v2\/types\/product"}],"wp:featuredmedia":[{"embeddable":true,"href":"https:\/\/shop.kustom.ch\/it\/wp-json\/wp\/v2\/media\/589511"}],"wp:attachment":[{"href":"https:\/\/shop.kustom.ch\/it\/wp-json\/wp\/v2\/media?parent=589468"}],"wp:term":[{"taxonomy":"product_brand","embeddable":true,"href":"https:\/\/shop.kustom.ch\/it\/wp-json\/wp\/v2\/product_brand?post=589468"},{"taxonomy":"product_cat","embeddable":true,"href":"https:\/\/shop.kustom.ch\/it\/wp-json\/wp\/v2\/product_cat?post=589468"},{"taxonomy":"product_tag","embeddable":true,"href":"https:\/\/shop.kustom.ch\/it\/wp-json\/wp\/v2\/product_tag?post=589468"}],"curies":[{"name":"wp","href":"https:\/\/api.w.org\/{rel}","templated":true}]}}