{"id":589433,"date":"2025-03-04T22:52:16","date_gmt":"2025-03-04T21:52:16","guid":{"rendered":"https:\/\/shop.kustom.ch\/?post_type=product&#038;p=589433"},"modified":"2026-03-31T08:52:27","modified_gmt":"2026-03-31T07:52:27","slug":"damen-sweatshirt","status":"publish","type":"product","link":"https:\/\/shop.kustom.ch\/it\/prodotto\/damen-sweatshirt\/","title":{"rendered":"Felpa da donna"},"content":{"rendered":"<p>Una felpa comoda e flessibile, dal taglio femminile, con colletto a girocollo e colori a contrasto sulle spalle. Ha polsini a costine ed \u00e8 rinforzata sulle cuciture del collo e delle spalle per una maggiore durata. Questa felpa \u00e8 perfetta per dare visibilit\u00e0 alla vostra azienda. Disponibile anche nel modello 3580 da uomo.<\/p>\n<p>CHIUSURA: vita a coste. Polsini con risvolto. DETTAGLI: Spalle in colore a contrasto. CARATTERISTICHE PRINCIPALI: Autista. Donna. TESSUTO: Donna. ISTRUZIONI DI LAVAGGIO: 60\u00b0 C<\/p>\n<p>100% Cotone, spugna francese, 320 g\/m\u00b2<\/p>","protected":false},"excerpt":{"rendered":"<p>Ein bequemes und flexibles Sweatshirt im Damenschnitt mit Rundhalskragen und Kontrastfarben an den Schultern. Es hat rippgestrickte B\u00fcndchen und ist an den Hals- und Schultern\u00e4hten f\u00fcr zus\u00e4tzliche Haltbarkeit verst\u00e4rkt. Das Sweatshirt ist perfekt f\u00fcr die Profilierung Ihres Unternehmens. Auch erh\u00e4ltlich als Herrenmodell 3580. ABSCHLUSS: Gerippter Bund. Armabschluss mit B\u00fcndchen. DETAILS: Schulterpartien in Kontrastfarbe. HAUPTEIGENSCHAFTEN: Fahrer. [&hellip;]<\/p>\n","protected":false},"featured_media":530664,"template":"","meta":[],"product_brand":[],"product_cat":[4184],"product_tag":[],"class_list":{"0":"post-589433","1":"product","2":"type-product","3":"status-publish","4":"has-post-thumbnail","6":"product_cat-hoodies-pullover","7":"pa_brand-blaklaeder","8":"pa_brand-type-workwear","9":"pa_filter-color-blau","10":"pa_filter-color-gelb","12":"first","13":"instock","14":"sale","15":"taxable","16":"shipping-taxable","17":"purchasable","18":"product-type-variable","19":"add-to-wishlist-before_image"},"exclude_global_add_ons":[],"addons":[],"acf":[],"_links":{"self":[{"href":"https:\/\/shop.kustom.ch\/it\/wp-json\/wp\/v2\/product\/589433"}],"collection":[{"href":"https:\/\/shop.kustom.ch\/it\/wp-json\/wp\/v2\/product"}],"about":[{"href":"https:\/\/shop.kustom.ch\/it\/wp-json\/wp\/v2\/types\/product"}],"wp:featuredmedia":[{"embeddable":true,"href":"https:\/\/shop.kustom.ch\/it\/wp-json\/wp\/v2\/media\/530664"}],"wp:attachment":[{"href":"https:\/\/shop.kustom.ch\/it\/wp-json\/wp\/v2\/media?parent=589433"}],"wp:term":[{"taxonomy":"product_brand","embeddable":true,"href":"https:\/\/shop.kustom.ch\/it\/wp-json\/wp\/v2\/product_brand?post=589433"},{"taxonomy":"product_cat","embeddable":true,"href":"https:\/\/shop.kustom.ch\/it\/wp-json\/wp\/v2\/product_cat?post=589433"},{"taxonomy":"product_tag","embeddable":true,"href":"https:\/\/shop.kustom.ch\/it\/wp-json\/wp\/v2\/product_tag?post=589433"}],"curies":[{"name":"wp","href":"https:\/\/api.w.org\/{rel}","templated":true}]}}