{"id":589432,"date":"2025-03-04T22:52:16","date_gmt":"2025-03-04T21:52:16","guid":{"rendered":"https:\/\/shop.kustom.ch\/?post_type=product&#038;p=589432"},"modified":"2026-03-31T08:52:21","modified_gmt":"2026-03-31T07:52:21","slug":"damen-sweater-half-zip","status":"publish","type":"product","link":"https:\/\/shop.kustom.ch\/it\/prodotto\/damen-sweater-half-zip\/","title":{"rendered":"Maglione da donna con mezza zip"},"content":{"rendered":"<p>Maglia dal taglio femminile appartenente alla famiglia Visible. Il maglione ha una cerniera sul colletto, polsini sulle maniche e una schiena allungata. Presenta dettagli riflettenti interrotti e inserti ad alta visibilit\u00e0 per una maggiore visibilit\u00e0. La parte scura del maglione \u00e8 realizzata in cotone 100%, mentre le parti ad alta visibilit\u00e0 sono in poliestere 100%. Basato sul modello da uomo 3432.<\/p>\n<p>CHIUSURA: Schiena allungata. Polsini con risvolto. DETTAGLI: Collo alto con cerniera. Inserti high vis per una maggiore visibilit\u00e0. CARATTERISTICHE PRINCIPALI: Calzamaglia. Disponibile per uomo e donna. REFLEX: Strisce riflettenti sulle spalle. TESSUTO: Disponibile per uomo e donna. giallo. Visibile. Materiale fluorescente in poliestere High Vis 100%. ISTRUZIONI DI LAVAGGIO: 60\u00b0 C. CERTIFICAZIONE: Non certificato High Vis<\/p>\n<p>100% Cotone, spugna francese, 320 g\/m\u00b2<\/p>","protected":false},"excerpt":{"rendered":"<p>Ein Sweater im Damenschnitt, der zur Visible-Familie geh\u00f6rt. Der Sweater hat einen Reissverschluss am Kragen, B\u00fcndchen an den \u00c4rmeln und einen verl\u00e4ngerten R\u00fccken. Er hat unterbrochene Reflexdetails und Eins\u00e4tze in High Vis f\u00fcr h\u00f6here Sichtbarkeit. Der dunkle Teil des Sweaters besteht aus 100% Baumwolle und die High Vis Teile aus 100% Polyester. Basiert auf dem [&hellip;]<\/p>\n","protected":false},"featured_media":589474,"template":"","meta":[],"product_brand":[],"product_cat":[4184],"product_tag":[],"class_list":{"0":"post-589432","1":"product","2":"type-product","3":"status-publish","4":"has-post-thumbnail","6":"product_cat-hoodies-pullover","7":"pa_brand-blaklaeder","8":"pa_brand-type-workwear","9":"pa_filter-color-blau","10":"pa_filter-color-gelb","11":"pa_filter-color-schwarz","13":"first","14":"instock","15":"sale","16":"taxable","17":"shipping-taxable","18":"purchasable","19":"product-type-variable","20":"add-to-wishlist-before_image"},"exclude_global_add_ons":[],"addons":[],"acf":[],"_links":{"self":[{"href":"https:\/\/shop.kustom.ch\/it\/wp-json\/wp\/v2\/product\/589432"}],"collection":[{"href":"https:\/\/shop.kustom.ch\/it\/wp-json\/wp\/v2\/product"}],"about":[{"href":"https:\/\/shop.kustom.ch\/it\/wp-json\/wp\/v2\/types\/product"}],"wp:featuredmedia":[{"embeddable":true,"href":"https:\/\/shop.kustom.ch\/it\/wp-json\/wp\/v2\/media\/589474"}],"wp:attachment":[{"href":"https:\/\/shop.kustom.ch\/it\/wp-json\/wp\/v2\/media?parent=589432"}],"wp:term":[{"taxonomy":"product_brand","embeddable":true,"href":"https:\/\/shop.kustom.ch\/it\/wp-json\/wp\/v2\/product_brand?post=589432"},{"taxonomy":"product_cat","embeddable":true,"href":"https:\/\/shop.kustom.ch\/it\/wp-json\/wp\/v2\/product_cat?post=589432"},{"taxonomy":"product_tag","embeddable":true,"href":"https:\/\/shop.kustom.ch\/it\/wp-json\/wp\/v2\/product_tag?post=589432"}],"curies":[{"name":"wp","href":"https:\/\/api.w.org\/{rel}","templated":true}]}}