{"id":589350,"date":"2025-03-04T22:51:03","date_gmt":"2025-03-04T21:51:03","guid":{"rendered":"https:\/\/shop.kustom.ch\/?post_type=product&#038;p=589350"},"modified":"2026-03-31T08:52:11","modified_gmt":"2026-03-31T07:52:11","slug":"uv-t-shirt-high-vis-5","status":"publish","type":"product","link":"https:\/\/shop.kustom.ch\/it\/prodotto\/uv-t-shirt-high-vis-5\/","title":{"rendered":"Maglietta UV High Vis"},"content":{"rendered":"<p>Se lavorate all'aperto, conoscete il valore di un abbigliamento che funzioni bene anche alle alte temperature. Questa T-shirt funzionale \u00e8 dotata di inserti in rete strategicamente posizionati nelle principali zone di sudorazione e di inserti per un trasporto ottimale dell'umidit\u00e0. Le cuciture sotto le braccia sono posizionate in modo da ridurre al minimo l'usura. Il tessuto \u00e8 trattato contro i raggi UV per proteggere dai raggi solari. La maglietta \u00e8 dotata di strisce riflettenti a trasferimento stampato che seguono il movimento del corpo. Certificata secondo la norma EN ISO 20471 Classe 2 per gli indumenti protettivi ad alta visibilit\u00e0 e EN 13758-2 UPF 40+.<\/p>\n<p>DETTAGLI: Stampa - Bl\u00e5kl\u00e4der. Collo rotondo. Cuciture strategiche per un miglior comfort sotto il braccio. Inserti per ottimizzare il trasporto dell'umidit\u00e0. FUNZIONALIT\u00c0: Materiale con protezione UV. CARATTERISTICHE PRINCIPALI: Lavoratore da giardino. RIS-3279-TOM . REFLEX: strisce riflettenti a trasferimento larghe 50 mm. TESSUTO: Uomo. Giallo alta visibilit\u00e0. Protezione UV. Alta visibilit\u00e0. ISTRUZIONI DI LAVAGGIO: Numero di lavaggi: 50, non candeggiare. CERTIFICAZIONE: EN 13758-2 UPF 40+. EN ISO 20471, classe 2<\/p>\n<p>100% poliestere, maglia birdseye, trasporto dell'umidit\u00e0, protezione UV, 130g\/m\u00b2<\/p>","protected":false},"excerpt":{"rendered":"<p>Wenn Sie draussen arbeiten, wissen Sie welchen Wert Kleidung hat, die bei hohen Temperaturen gut funktioniert. Dieses funktionelle T-Shirt hat strategisch positionierte Mesh Eins\u00e4tze in den Haupt Schweisszonen und Eins\u00e4tze f\u00fcr optimalen Feuchtigkeitstransport. Die N\u00e4hte unter den Armen sind f\u00fcr geringere Abnutzung platziert. Der Stoff ist UV behandelt, um vor Sonnenstrahlen zu sch\u00fctzen. Das T-Shirt [&hellip;]<\/p>\n","protected":false},"featured_media":589400,"template":"","meta":[],"product_brand":[],"product_cat":[4201],"product_tag":[],"class_list":{"0":"post-589350","1":"product","2":"type-product","3":"status-publish","4":"has-post-thumbnail","6":"product_cat-t-shirts","7":"pa_brand-blaklaeder","8":"pa_brand-type-workwear","9":"pa_filter-color-blau","10":"pa_filter-color-gelb","11":"pa_filter-color-orange","12":"pa_filter-color-rot","13":"pa_filter-color-schwarz","15":"first","16":"instock","17":"sale","18":"taxable","19":"shipping-taxable","20":"purchasable","21":"product-type-variable","22":"add-to-wishlist-before_image"},"exclude_global_add_ons":[],"addons":[],"acf":[],"_links":{"self":[{"href":"https:\/\/shop.kustom.ch\/it\/wp-json\/wp\/v2\/product\/589350"}],"collection":[{"href":"https:\/\/shop.kustom.ch\/it\/wp-json\/wp\/v2\/product"}],"about":[{"href":"https:\/\/shop.kustom.ch\/it\/wp-json\/wp\/v2\/types\/product"}],"wp:featuredmedia":[{"embeddable":true,"href":"https:\/\/shop.kustom.ch\/it\/wp-json\/wp\/v2\/media\/589400"}],"wp:attachment":[{"href":"https:\/\/shop.kustom.ch\/it\/wp-json\/wp\/v2\/media?parent=589350"}],"wp:term":[{"taxonomy":"product_brand","embeddable":true,"href":"https:\/\/shop.kustom.ch\/it\/wp-json\/wp\/v2\/product_brand?post=589350"},{"taxonomy":"product_cat","embeddable":true,"href":"https:\/\/shop.kustom.ch\/it\/wp-json\/wp\/v2\/product_cat?post=589350"},{"taxonomy":"product_tag","embeddable":true,"href":"https:\/\/shop.kustom.ch\/it\/wp-json\/wp\/v2\/product_tag?post=589350"}],"curies":[{"name":"wp","href":"https:\/\/api.w.org\/{rel}","templated":true}]}}