{"id":589306,"date":"2025-03-04T22:50:23","date_gmt":"2025-03-04T21:50:23","guid":{"rendered":"https:\/\/shop.kustom.ch\/?post_type=product&#038;p=589306"},"modified":"2026-03-31T08:52:04","modified_gmt":"2026-03-31T07:52:04","slug":"damen-kapuzenjacke-mit-reissverschluss-2","status":"publish","type":"product","link":"https:\/\/shop.kustom.ch\/it\/prodotto\/damen-kapuzenjacke-mit-reissverschluss-2\/","title":{"rendered":"Giacca da donna con cappuccio e zip"},"content":{"rendered":"<p>Morbida e confortevole felpa con cappuccio in morbido jersey con fodera spazzolata e zip unidirezionale. Pratica tasca a canguro con tasca interna per cellulare.<\/p>\n<p>CHIUSURA: vita a coste. Polsini con risvolto. DETTAGLI: Cappuccio fisso e regolabile. CHIUSURA ANTERIORE: Zip in plastica. FUNZIONALIT\u00c0: Taglia donna. CARATTERISTICHE PRINCIPALI: Strato a terra. Disponibile per uomo e donna. TESSUTO: Donna. blu. Profilo. TASCHE: Tasca a canguro con tasca interna per cellulare. ISTRUZIONI DI LAVAGGIO: 60\u00b0 C<\/p>\n<p>80% cotone, 20% poliestere, maglia in spugna spazzolata all'interno, 360g\/m\u00b2.<\/p>","protected":false},"excerpt":{"rendered":"<p>Weicher und bequemer Kapuzenpullover aus weichem Jersey-Strick mit geb\u00fcrstetem Futter und Einweg-Reissverschluss. Praktische K\u00e4ngurutasche mit Handytasche innen. ABSCHLUSS: Gerippter Bund. Armabschluss mit B\u00fcndchen. DETAILS: Feste, verstellbare Kapuze. FRONTVERSCHLUSS: Reissverschluss aus Kunststoff. FUNKTIONALIT\u00c4T: Damengr\u00f6sse. HAUPTEIGENSCHAFTEN: Bodenleger. Erh\u00e4ltlich f\u00fcr Damen und Herren. STOFF: Damen. blau. Profil. TASCHEN: K\u00e4ngurutasche mit Handy-Innentasche. WASCHANLEITUNG: 60\u00b0 C 80% Baumwolle, 20% Polyester, [&hellip;]<\/p>\n","protected":false},"featured_media":589366,"template":"","meta":[],"product_brand":[],"product_cat":[4184],"product_tag":[],"class_list":{"0":"post-589306","1":"product","2":"type-product","3":"status-publish","4":"has-post-thumbnail","6":"product_cat-hoodies-pullover","7":"pa_brand-blaklaeder","8":"pa_brand-type-workwear","9":"pa_filter-color-blau","10":"pa_filter-color-schwarz","12":"first","13":"instock","14":"sale","15":"taxable","16":"shipping-taxable","17":"purchasable","18":"product-type-variable","19":"add-to-wishlist-before_image"},"exclude_global_add_ons":[],"addons":[],"acf":[],"_links":{"self":[{"href":"https:\/\/shop.kustom.ch\/it\/wp-json\/wp\/v2\/product\/589306"}],"collection":[{"href":"https:\/\/shop.kustom.ch\/it\/wp-json\/wp\/v2\/product"}],"about":[{"href":"https:\/\/shop.kustom.ch\/it\/wp-json\/wp\/v2\/types\/product"}],"wp:featuredmedia":[{"embeddable":true,"href":"https:\/\/shop.kustom.ch\/it\/wp-json\/wp\/v2\/media\/589366"}],"wp:attachment":[{"href":"https:\/\/shop.kustom.ch\/it\/wp-json\/wp\/v2\/media?parent=589306"}],"wp:term":[{"taxonomy":"product_brand","embeddable":true,"href":"https:\/\/shop.kustom.ch\/it\/wp-json\/wp\/v2\/product_brand?post=589306"},{"taxonomy":"product_cat","embeddable":true,"href":"https:\/\/shop.kustom.ch\/it\/wp-json\/wp\/v2\/product_cat?post=589306"},{"taxonomy":"product_tag","embeddable":true,"href":"https:\/\/shop.kustom.ch\/it\/wp-json\/wp\/v2\/product_tag?post=589306"}],"curies":[{"name":"wp","href":"https:\/\/api.w.org\/{rel}","templated":true}]}}