{"id":589052,"date":"2025-03-04T22:46:31","date_gmt":"2025-03-04T21:46:31","guid":{"rendered":"https:\/\/shop.kustom.ch\/?post_type=product&#038;p=589052"},"modified":"2026-03-31T08:51:46","modified_gmt":"2026-03-31T07:51:46","slug":"langarm-polo-shirt","status":"publish","type":"product","link":"https:\/\/shop.kustom.ch\/it\/prodotto\/langarm-polo-shirt\/","title":{"rendered":"Polo a maniche lunghe"},"content":{"rendered":"<p>Polo a maniche lunghe con bottoni al collo e polsini elasticizzati. La camicia \u00e8 dotata di cuciture rinforzate sul collo e sulle spalle e di un colletto a costine.<\/p>\n<p>FINITURA: Polsini a coste. DETTAGLI: Scollo con bottoni. Colletto a coste. Cuciture delle spalle rinforzate. Spacchi laterali. CARATTERISTICHE PRINCIPALI: Strato a terra. TESSUTO: Uomo. Bianco. Profilo. ISTRUZIONI DI LAVAGGIO: Non centrifugare.<\/p>\n<p>cotone 60%, poliestere 40%, 220 g\/m\u00b2<\/p>","protected":false},"excerpt":{"rendered":"<p>Lang\u00e4rmeliges Poloshirt mit Kn\u00f6pfen am Hals und elastischen Manschetten. Das Shirt hat verst\u00e4rkte Hals- und Schultern\u00e4hte und einen Rippstrickkragen. ABSCHLUSS: Rippstrickb\u00fcndchen. DETAILS: Halsausschnitt mit Kn\u00f6pfen. Gerippter Kragen. Verst\u00e4rkte Schultern\u00e4hte. Schlitze an den Seiten. HAUPTEIGENSCHAFTEN: Bodenleger. STOFF: Herren. weiss. Profil. WASCHANLEITUNG: Nicht schleudern 60% Baumwolle, 40% Polyester, 220 g\/m\u00b2<\/p>","protected":false},"featured_media":589110,"template":"","meta":[],"product_brand":[],"product_cat":[4184],"product_tag":[],"class_list":{"0":"post-589052","1":"product","2":"type-product","3":"status-publish","4":"has-post-thumbnail","6":"product_cat-hoodies-pullover","7":"pa_brand-blaklaeder","8":"pa_brand-type-workwear","9":"pa_filter-color-blau","10":"pa_filter-color-grau","11":"pa_filter-color-schwarz","12":"pa_filter-color-weiss","14":"first","15":"instock","16":"sale","17":"taxable","18":"shipping-taxable","19":"purchasable","20":"product-type-variable","21":"add-to-wishlist-before_image"},"exclude_global_add_ons":[],"addons":[],"acf":[],"_links":{"self":[{"href":"https:\/\/shop.kustom.ch\/it\/wp-json\/wp\/v2\/product\/589052"}],"collection":[{"href":"https:\/\/shop.kustom.ch\/it\/wp-json\/wp\/v2\/product"}],"about":[{"href":"https:\/\/shop.kustom.ch\/it\/wp-json\/wp\/v2\/types\/product"}],"wp:featuredmedia":[{"embeddable":true,"href":"https:\/\/shop.kustom.ch\/it\/wp-json\/wp\/v2\/media\/589110"}],"wp:attachment":[{"href":"https:\/\/shop.kustom.ch\/it\/wp-json\/wp\/v2\/media?parent=589052"}],"wp:term":[{"taxonomy":"product_brand","embeddable":true,"href":"https:\/\/shop.kustom.ch\/it\/wp-json\/wp\/v2\/product_brand?post=589052"},{"taxonomy":"product_cat","embeddable":true,"href":"https:\/\/shop.kustom.ch\/it\/wp-json\/wp\/v2\/product_cat?post=589052"},{"taxonomy":"product_tag","embeddable":true,"href":"https:\/\/shop.kustom.ch\/it\/wp-json\/wp\/v2\/product_tag?post=589052"}],"curies":[{"name":"wp","href":"https:\/\/api.w.org\/{rel}","templated":true}]}}