{"id":588985,"date":"2025-03-04T22:45:50","date_gmt":"2025-03-04T21:45:50","guid":{"rendered":"https:\/\/shop.kustom.ch\/?post_type=product&#038;p=588985"},"modified":"2026-03-31T08:51:40","modified_gmt":"2026-03-31T07:51:40","slug":"uv-t-shirt-high-vis-4","status":"publish","type":"product","link":"https:\/\/shop.kustom.ch\/it\/prodotto\/uv-t-shirt-high-vis-4\/","title":{"rendered":"Maglietta UV High Vis"},"content":{"rendered":"<p>T-shirt High Vis in materiale traspirante. La maglietta \u00e8 dotata di strisce riflettenti interrotte, in materiale elasticizzato per una libert\u00e0 di movimento ottimale, e di protezione UV 40+. Certificata secondo la norma EN ISO 20471, classe 2 e EN 13758-2 UPF 40+.<\/p>\n<p>DETTAGLI: Scollo a V. FUNZIONALIT\u00c0: Materiale con protezione UV. PROPRIET\u00c0 PRINCIPALI: Lavoratore su strada e in cantiere. RIS-3279-TOM . REFLEX: Strisce riflettenti aggiuntive nelle taglie XS-S. TESSUTO: Uomo. Giallo alta visibilit\u00e0. Protezione UV. Alta visibilit\u00e0. ISTRUZIONI DI LAVAGGIO: Colore 5500 - max. 40\u00b0, max. 25 lavaggi. Asciugatrice - bassa. CERTIFICAZIONE: EN 13758-2 UPF 40 +. Certificazione gruppo A<\/p>\n<p>100% poliestere, maglia birdseye, trasporto dell'umidit\u00e0, protezione UV, 130g\/m\u00b2<\/p>","protected":false},"excerpt":{"rendered":"<p>High Vis T-Shirt aus einem feuchtigkeit-transportierenden Material. Das T-Shirt hat unterbrochene Reflexstreifen aus Stretch f\u00fcr optimale Bewegungsfreiheit, so wie UV-Schutz 40+. Zertifiziert nach EN ISO 20471, Klasse 2 und EN 13758-2 UPF 40+. DETAILS: V-Ausschnitt. FUNKTIONALIT\u00c4T: Material mit UV-Schutz. HAUPTEIGENSCHAFTEN: Strassen- und Bauarbeiter. RIS-3279-TOM . REFLEX: Zus\u00e4tzliche reflektierende Streifen in den Gr\u00f6ssen XS-S. STOFF: Herren. [&hellip;]<\/p>\n","protected":false},"featured_media":589028,"template":"","meta":[],"product_brand":[],"product_cat":[4201],"product_tag":[],"class_list":{"0":"post-588985","1":"product","2":"type-product","3":"status-publish","4":"has-post-thumbnail","6":"product_cat-t-shirts","7":"pa_brand-blaklaeder","8":"pa_brand-type-workwear","9":"pa_filter-color-gelb","10":"pa_filter-color-orange","11":"pa_filter-color-rot","13":"first","14":"instock","15":"sale","16":"taxable","17":"shipping-taxable","18":"purchasable","19":"product-type-variable","20":"add-to-wishlist-before_image"},"exclude_global_add_ons":[],"addons":[],"acf":[],"_links":{"self":[{"href":"https:\/\/shop.kustom.ch\/it\/wp-json\/wp\/v2\/product\/588985"}],"collection":[{"href":"https:\/\/shop.kustom.ch\/it\/wp-json\/wp\/v2\/product"}],"about":[{"href":"https:\/\/shop.kustom.ch\/it\/wp-json\/wp\/v2\/types\/product"}],"wp:featuredmedia":[{"embeddable":true,"href":"https:\/\/shop.kustom.ch\/it\/wp-json\/wp\/v2\/media\/589028"}],"wp:attachment":[{"href":"https:\/\/shop.kustom.ch\/it\/wp-json\/wp\/v2\/media?parent=588985"}],"wp:term":[{"taxonomy":"product_brand","embeddable":true,"href":"https:\/\/shop.kustom.ch\/it\/wp-json\/wp\/v2\/product_brand?post=588985"},{"taxonomy":"product_cat","embeddable":true,"href":"https:\/\/shop.kustom.ch\/it\/wp-json\/wp\/v2\/product_cat?post=588985"},{"taxonomy":"product_tag","embeddable":true,"href":"https:\/\/shop.kustom.ch\/it\/wp-json\/wp\/v2\/product_tag?post=588985"}],"curies":[{"name":"wp","href":"https:\/\/api.w.org\/{rel}","templated":true}]}}