{"id":588962,"date":"2025-03-04T22:45:17","date_gmt":"2025-03-04T21:45:17","guid":{"rendered":"https:\/\/shop.kustom.ch\/?post_type=product&#038;p=588962"},"modified":"2026-03-31T08:51:39","modified_gmt":"2026-03-31T07:51:39","slug":"uv-shirt-high-vis-langarm-3","status":"publish","type":"product","link":"https:\/\/shop.kustom.ch\/it\/prodotto\/uv-shirt-high-vis-langarm-3\/","title":{"rendered":"Camicia UV a maniche lunghe ad alta visibilit\u00e0"},"content":{"rendered":"<p>T-shirt Hi-Vis con protezione UV in leggero tessuto a maglia con struttura di ventilazione. Il materiale ha propriet\u00e0 traspiranti per una sensazione di comfort e asciutto sul corpo. \u00c8 dotata di strisce riflettenti interrotte, elasticizzate per una libert\u00e0 di movimento ottimale e UPF 40+. Certificato secondo la norma EN ISO 20471, XS classe 2, S-4XL classe 3, abbigliamento ad alta visibilit\u00e0 e propriet\u00e0 di protezione UV solare EN 13758-2 UPF 40+.<\/p>\n<p>DETTAGLI: Scollo a V. Maniche lunghe. FUNZIONALIT\u00c0: Materiale con protezione UV. PROPRIET\u00c0 PRINCIPALI: Lavoratori stradali ed edili. EN 13758-2. REFLEX: Materiale riflettente su busto, maniche e spalle. TESSUTO: Disponibile per uomo e donna. Colore giallo alta visibilit\u00e0. Protezione UV. Protezione ad alta visibilit\u00e0. ISTRUZIONI DI LAVAGGIO: Colore 5500 - max. 40\u00b0, max. 25 lavaggi. Non stirare. CERTIFICAZIONE: EN 13758-2 UPF 40 +. Gli indumenti di classe 2 e 3 in arancione sono conformi alla norma RIS-3279-TOM Edizione 2.<\/p>\n<p>100% poliestere, maglia birdseye, trasporto dell'umidit\u00e0, protezione UV, 130g\/m\u00b2<\/p>","protected":false},"excerpt":{"rendered":"<p>Hi-Vis-T-Shirt mit UV-Schutz aus leichtem Strickgewebe mit Struktur f\u00fcr die Bel\u00fcftung. Das Material hat feuchtigkeitstransportierende Eigenschaften f\u00fcr ein angenehmes und trockenes Gef\u00fchl am K\u00f6rper. Es hat unterbrochene Reflexstreifen mit Stretch f\u00fcr optimale Bewegungsfreiheit und UPF 40+. Zertifiziert nach EN ISO 20471, XS Klasse 2, S-4XL Klasse 3, hochsichtbare Kleidung und EN 13758-2 UPF 40+ Solar [&hellip;]<\/p>\n","protected":false},"featured_media":589025,"template":"","meta":[],"product_brand":[],"product_cat":[4201],"product_tag":[],"class_list":{"0":"post-588962","1":"product","2":"type-product","3":"status-publish","4":"has-post-thumbnail","6":"product_cat-t-shirts","7":"pa_brand-blaklaeder","8":"pa_brand-type-workwear","9":"pa_filter-color-gelb","10":"pa_filter-color-orange","11":"pa_filter-color-rot","13":"first","14":"instock","15":"sale","16":"taxable","17":"shipping-taxable","18":"purchasable","19":"product-type-variable","20":"add-to-wishlist-before_image"},"exclude_global_add_ons":[],"addons":[],"acf":[],"_links":{"self":[{"href":"https:\/\/shop.kustom.ch\/it\/wp-json\/wp\/v2\/product\/588962"}],"collection":[{"href":"https:\/\/shop.kustom.ch\/it\/wp-json\/wp\/v2\/product"}],"about":[{"href":"https:\/\/shop.kustom.ch\/it\/wp-json\/wp\/v2\/types\/product"}],"wp:featuredmedia":[{"embeddable":true,"href":"https:\/\/shop.kustom.ch\/it\/wp-json\/wp\/v2\/media\/589025"}],"wp:attachment":[{"href":"https:\/\/shop.kustom.ch\/it\/wp-json\/wp\/v2\/media?parent=588962"}],"wp:term":[{"taxonomy":"product_brand","embeddable":true,"href":"https:\/\/shop.kustom.ch\/it\/wp-json\/wp\/v2\/product_brand?post=588962"},{"taxonomy":"product_cat","embeddable":true,"href":"https:\/\/shop.kustom.ch\/it\/wp-json\/wp\/v2\/product_cat?post=588962"},{"taxonomy":"product_tag","embeddable":true,"href":"https:\/\/shop.kustom.ch\/it\/wp-json\/wp\/v2\/product_tag?post=588962"}],"curies":[{"name":"wp","href":"https:\/\/api.w.org\/{rel}","templated":true}]}}