{"id":588919,"date":"2025-03-04T22:44:42","date_gmt":"2025-03-04T21:44:42","guid":{"rendered":"https:\/\/shop.kustom.ch\/?post_type=product&#038;p=588919"},"modified":"2026-03-31T08:51:34","modified_gmt":"2026-03-31T07:51:34","slug":"uv-shirt-high-vis-langarm-2","status":"publish","type":"product","link":"https:\/\/shop.kustom.ch\/it\/prodotto\/uv-shirt-high-vis-langarm-2\/","title":{"rendered":"Camicia UV a maniche lunghe ad alta visibilit\u00e0"},"content":{"rendered":"<p>Maglia a maniche lunghe con protezione UV e scollo a V. Materiale a maglia traspirante e leggero con struttura. Propriet\u00e0 di regolazione dell'umidit\u00e0 per una sensazione di comfort e ariosit\u00e0 sul corpo. Certificato secondo la norma EN 471\/EN ISO 20471 classe 2.<\/p>\n<p>DETTAGLI: Scollo a V. Maniche lunghe. FUNZIONALIT\u00c0: Materiali con funzionalit\u00e0 antiodore. CARATTERISTICHE PRINCIPALI: Artigiano. RIS-3279-TOM . REFLEX: strisce riflettenti a trasferimento larghe 50 mm. TESSUTO: Uomo. Giallo alta visibilit\u00e0. Protezione UV. Alta visibilit\u00e0. ISTRUZIONI DI LAVAGGIO: Numero di lavaggi: 50. Asciugatrice - bassa. CERTIFICAZIONE: EN 13758-2 UPF 40 +. Gruppo di certificazione C<\/p>\n<p>100% poliestere, maglia birdseye, protezione UV, 130g\/m\u00b2<\/p>","protected":false},"excerpt":{"rendered":"<p>Lang\u00e4rmliges Shirt mit UV-Schutz und V-Auschnitt. Atmungsaktives und leichtes Strickmaterial mit Struktur. Feuchtigkeitsregulierende Eigenschaften f\u00fcr ein angenehmes und luftiges Gef\u00fchl am K\u00f6rper. Zertifiziert nach EN 471\/EN ISO 20471 Klasse 2. DETAILS: V-Ausschnitt. Lange \u00c4rmel. FUNKTIONALIT\u00c4T: Materialien mit Anti-Geruchs-Funktionalit\u00e4t. HAUPTEIGENSCHAFTEN: Handwerker. RIS-3279-TOM . REFLEX: 50 mm breite Transferreflexstreifen. STOFF: Herren. High-Vis Gelb. UV-Schutz. Warnschutz. WASCHANLEITUNG: Anzahl [&hellip;]<\/p>\n","protected":false},"featured_media":588969,"template":"","meta":[],"product_brand":[],"product_cat":[4201],"product_tag":[],"class_list":{"0":"post-588919","1":"product","2":"type-product","3":"status-publish","4":"has-post-thumbnail","6":"product_cat-t-shirts","7":"pa_brand-blaklaeder","8":"pa_brand-type-workwear","9":"pa_filter-color-gelb","10":"pa_filter-color-orange","11":"pa_filter-color-rot","13":"first","14":"instock","15":"sale","16":"taxable","17":"shipping-taxable","18":"purchasable","19":"product-type-variable","20":"add-to-wishlist-before_image"},"exclude_global_add_ons":[],"addons":[],"acf":[],"_links":{"self":[{"href":"https:\/\/shop.kustom.ch\/it\/wp-json\/wp\/v2\/product\/588919"}],"collection":[{"href":"https:\/\/shop.kustom.ch\/it\/wp-json\/wp\/v2\/product"}],"about":[{"href":"https:\/\/shop.kustom.ch\/it\/wp-json\/wp\/v2\/types\/product"}],"wp:featuredmedia":[{"embeddable":true,"href":"https:\/\/shop.kustom.ch\/it\/wp-json\/wp\/v2\/media\/588969"}],"wp:attachment":[{"href":"https:\/\/shop.kustom.ch\/it\/wp-json\/wp\/v2\/media?parent=588919"}],"wp:term":[{"taxonomy":"product_brand","embeddable":true,"href":"https:\/\/shop.kustom.ch\/it\/wp-json\/wp\/v2\/product_brand?post=588919"},{"taxonomy":"product_cat","embeddable":true,"href":"https:\/\/shop.kustom.ch\/it\/wp-json\/wp\/v2\/product_cat?post=588919"},{"taxonomy":"product_tag","embeddable":true,"href":"https:\/\/shop.kustom.ch\/it\/wp-json\/wp\/v2\/product_tag?post=588919"}],"curies":[{"name":"wp","href":"https:\/\/api.w.org\/{rel}","templated":true}]}}