{"id":588895,"date":"2025-03-04T22:44:11","date_gmt":"2025-03-04T21:44:11","guid":{"rendered":"https:\/\/shop.kustom.ch\/?post_type=product&#038;p=588895"},"modified":"2026-03-31T08:51:33","modified_gmt":"2026-03-31T07:51:33","slug":"uv-t-shirt-high-vis-3","status":"publish","type":"product","link":"https:\/\/shop.kustom.ch\/it\/prodotto\/uv-t-shirt-high-vis-3\/","title":{"rendered":"Maglietta UV High Vis"},"content":{"rendered":"<p>T-shirt UV con maniche corte e scollo a V. Morbidi riflettori seguono i vostri movimenti. Tessuto a maglia leggero con struttura per la ventilazione. Propriet\u00e0 di regolazione dell'umidit\u00e0 per una sensazione piacevole e asciutta sul corpo. Certificato secondo la norma EN 471 \/ ISO 20471 classe 2, l'indumento protegge dai raggi UV e ha un SPF di 40+. Il riflettente \u00e8 un transfer riflettente. La maglietta \u00e8 certificata EN sia per l'alta visibilit\u00e0 che per i raggi UV.<\/p>\n<p>DETTAGLI: Scollo a V. FUNZIONALIT\u00c0: Materiali con funzionalit\u00e0 antiodore. CARATTERISTICHE PRINCIPALI: Artigianale. EN ISO 20471. REFLEX: strisce riflettenti a trasferimento larghe 50 mm. TESSUTO: Uomo. Giallo alta visibilit\u00e0. Protezione UV. Alta visibilit\u00e0. ISTRUZIONI DI LAVAGGIO: Numero di lavaggi: 50, non stirare. CERTIFICAZIONE: EN 13758-2 UPF 40+. Gli indumenti di classe 2 e 3 in arancione sono conformi alla norma RIS-3279-TOM, edizione 2.<\/p>\n<p>100% poliestere, maglia birdseye, protezione UV, 130g\/m\u00b2<\/p>","protected":false},"excerpt":{"rendered":"<p>UV T-Shirt mit kurzen \u00c4rmeln und V-Ausschnitt. Weiche Reflektoren folgen der Bewegung. Leichter Strickstoff mit Struktur f\u00fcr die Bel\u00fcftung. Feuchtigkeitsregulierende Eigenschaften f\u00fcr ein angenehmes und trockenes Gef\u00fchl am K\u00f6rper. Zertifiziert nach EN 471 \/ ISO 20471 Klasse 2. Das Kleidungsst\u00fcck sch\u00fctzt vor UV-Strahlen und hat einen LSF von 40+. Der Reflex ist ein Reflextransfer. Das [&hellip;]<\/p>\n","protected":false},"featured_media":588934,"template":"","meta":[],"product_brand":[],"product_cat":[4201],"product_tag":[],"class_list":{"0":"post-588895","1":"product","2":"type-product","3":"status-publish","4":"has-post-thumbnail","6":"product_cat-t-shirts","7":"pa_brand-blaklaeder","8":"pa_brand-type-workwear","9":"pa_filter-color-gelb","10":"pa_filter-color-orange","11":"pa_filter-color-rot","13":"first","14":"instock","15":"sale","16":"taxable","17":"shipping-taxable","18":"purchasable","19":"product-type-variable","20":"add-to-wishlist-before_image"},"exclude_global_add_ons":[],"addons":[],"acf":[],"_links":{"self":[{"href":"https:\/\/shop.kustom.ch\/it\/wp-json\/wp\/v2\/product\/588895"}],"collection":[{"href":"https:\/\/shop.kustom.ch\/it\/wp-json\/wp\/v2\/product"}],"about":[{"href":"https:\/\/shop.kustom.ch\/it\/wp-json\/wp\/v2\/types\/product"}],"wp:featuredmedia":[{"embeddable":true,"href":"https:\/\/shop.kustom.ch\/it\/wp-json\/wp\/v2\/media\/588934"}],"wp:attachment":[{"href":"https:\/\/shop.kustom.ch\/it\/wp-json\/wp\/v2\/media?parent=588895"}],"wp:term":[{"taxonomy":"product_brand","embeddable":true,"href":"https:\/\/shop.kustom.ch\/it\/wp-json\/wp\/v2\/product_brand?post=588895"},{"taxonomy":"product_cat","embeddable":true,"href":"https:\/\/shop.kustom.ch\/it\/wp-json\/wp\/v2\/product_cat?post=588895"},{"taxonomy":"product_tag","embeddable":true,"href":"https:\/\/shop.kustom.ch\/it\/wp-json\/wp\/v2\/product_tag?post=588895"}],"curies":[{"name":"wp","href":"https:\/\/api.w.org\/{rel}","templated":true}]}}