{"id":588521,"date":"2025-03-04T22:39:26","date_gmt":"2025-03-04T21:39:26","guid":{"rendered":"https:\/\/shop.kustom.ch\/?post_type=product&#038;p=588521"},"modified":"2026-03-31T08:51:05","modified_gmt":"2026-03-31T07:51:05","slug":"sweatshirt-mit-half-zip","status":"publish","type":"product","link":"https:\/\/shop.kustom.ch\/it\/prodotto\/sweatshirt-mit-half-zip\/","title":{"rendered":"Felpa con mezza zip"},"content":{"rendered":"<p>Felpa morbida e confortevole con colletto e mezza zip. Il maglione ha una zip in plastica e polsini a coste. Modello classico con vestibilit\u00e0 regolare.<\/p>\n<p>CHIUSURA: Polsini con polsini. DETTAGLI: Collo alto con cerniera. CARATTERISTICHE PRINCIPALI: Giardiniere. Uomo. TESSUTO: Uomo. bianco. Profilo. ISTRUZIONI DI LAVAGGIO: Stiratura - media.<\/p>\n<p>100% Cotone, spugna francese, 320 g\/m\u00b2<\/p>","protected":false},"excerpt":{"rendered":"<p>Weiches und komfortables Sweatshirt mit Kragen und Half-Zip. Der Sweater hat einen Kunststoffreissverschluss und gerippte \u00c4rmelb\u00fcndchen. Klassisches Modell mit normalem Schnitt. ABSCHLUSS: Armabschluss mit B\u00fcndchen. DETAILS: Hoher Kragen mit Reissverschluss. HAUPTEIGENSCHAFTEN: Gartenarbeiter. Herren. STOFF: Herren. weiss. Profil. WASCHANLEITUNG: B\u00fcgeln &#8211; mittel 100% Baumwolle, French Terry, 320 g\/m\u00b2<\/p>","protected":false},"featured_media":588563,"template":"","meta":[],"product_brand":[],"product_cat":[4184],"product_tag":[],"class_list":{"0":"post-588521","1":"product","2":"type-product","3":"status-publish","4":"has-post-thumbnail","6":"product_cat-hoodies-pullover","7":"pa_brand-blaklaeder","8":"pa_brand-type-workwear","9":"pa_filter-color-blau","10":"pa_filter-color-grau","11":"pa_filter-color-rot","12":"pa_filter-color-schwarz","13":"pa_filter-color-weiss","15":"first","16":"instock","17":"sale","18":"taxable","19":"shipping-taxable","20":"purchasable","21":"product-type-variable","22":"add-to-wishlist-before_image"},"exclude_global_add_ons":[],"addons":[],"acf":[],"_links":{"self":[{"href":"https:\/\/shop.kustom.ch\/it\/wp-json\/wp\/v2\/product\/588521"}],"collection":[{"href":"https:\/\/shop.kustom.ch\/it\/wp-json\/wp\/v2\/product"}],"about":[{"href":"https:\/\/shop.kustom.ch\/it\/wp-json\/wp\/v2\/types\/product"}],"wp:featuredmedia":[{"embeddable":true,"href":"https:\/\/shop.kustom.ch\/it\/wp-json\/wp\/v2\/media\/588563"}],"wp:attachment":[{"href":"https:\/\/shop.kustom.ch\/it\/wp-json\/wp\/v2\/media?parent=588521"}],"wp:term":[{"taxonomy":"product_brand","embeddable":true,"href":"https:\/\/shop.kustom.ch\/it\/wp-json\/wp\/v2\/product_brand?post=588521"},{"taxonomy":"product_cat","embeddable":true,"href":"https:\/\/shop.kustom.ch\/it\/wp-json\/wp\/v2\/product_cat?post=588521"},{"taxonomy":"product_tag","embeddable":true,"href":"https:\/\/shop.kustom.ch\/it\/wp-json\/wp\/v2\/product_tag?post=588521"}],"curies":[{"name":"wp","href":"https:\/\/api.w.org\/{rel}","templated":true}]}}