{"id":588470,"date":"2025-03-04T22:38:20","date_gmt":"2025-03-04T21:38:20","guid":{"rendered":"https:\/\/shop.kustom.ch\/?post_type=product&#038;p=588470"},"modified":"2026-03-31T08:50:56","modified_gmt":"2026-03-31T07:50:56","slug":"sweater-mit-kragen","status":"publish","type":"product","link":"https:\/\/shop.kustom.ch\/it\/prodotto\/sweater-mit-kragen\/","title":{"rendered":"Maglione con colletto"},"content":{"rendered":"<p>La felpa a maniche lunghe con vestibilit\u00e0 classica e chiusura a zip sul collo \u00e8 un must del guardaroba. Realizzata in comodo tessuto jersey con interno spazzolato.<\/p>\n<p>CHIUSURA: Polsini con polsini. DETTAGLI: Colletto a coste con cerniera. CARATTERISTICHE PRINCIPALI: Roofer. Uomo. TESSUTO: Uomo. blu. Profilo. ISTRUZIONI DI LAVAGGIO: Asciugare a bassa temperatura.<\/p>\n<p>80% cotone, 20% poliestere, maglia in spugna spazzolata all'interno, 360g\/m\u00b2.<\/p>","protected":false},"excerpt":{"rendered":"<p>Das lang\u00e4rmelige Sweatshirt mit klassischer Passform und Reissverschluss am Hals ist ein Must-Have f\u00fcr den Kleiderschrank. Aus bequemem Jersey-Stoff mit geb\u00fcrsteter Innenseite. ABSCHLUSS: Armabschluss mit B\u00fcndchen. DETAILS: Gerippter Kragen mit Reissverschluss. HAUPTEIGENSCHAFTEN: Dachdecker. Herren. STOFF: Herren. blau. Profil. WASCHANLEITUNG: W\u00e4schetrockner &#8211; niedrig 80% Baumwolle, 20% Polyester, Strickfrottee innen aufgeb\u00fcrstet, 360g\/m\u00b2<\/p>","protected":false},"featured_media":588516,"template":"","meta":[],"product_brand":[],"product_cat":[4184],"product_tag":[],"class_list":{"0":"post-588470","1":"product","2":"type-product","3":"status-publish","4":"has-post-thumbnail","6":"product_cat-hoodies-pullover","7":"pa_brand-blaklaeder","8":"pa_brand-type-workwear","9":"pa_filter-color-blau","10":"pa_filter-color-grau","11":"pa_filter-color-schwarz","13":"first","14":"instock","15":"sale","16":"taxable","17":"shipping-taxable","18":"purchasable","19":"product-type-variable","20":"add-to-wishlist-before_image"},"exclude_global_add_ons":[],"addons":[],"acf":[],"_links":{"self":[{"href":"https:\/\/shop.kustom.ch\/it\/wp-json\/wp\/v2\/product\/588470"}],"collection":[{"href":"https:\/\/shop.kustom.ch\/it\/wp-json\/wp\/v2\/product"}],"about":[{"href":"https:\/\/shop.kustom.ch\/it\/wp-json\/wp\/v2\/types\/product"}],"wp:featuredmedia":[{"embeddable":true,"href":"https:\/\/shop.kustom.ch\/it\/wp-json\/wp\/v2\/media\/588516"}],"wp:attachment":[{"href":"https:\/\/shop.kustom.ch\/it\/wp-json\/wp\/v2\/media?parent=588470"}],"wp:term":[{"taxonomy":"product_brand","embeddable":true,"href":"https:\/\/shop.kustom.ch\/it\/wp-json\/wp\/v2\/product_brand?post=588470"},{"taxonomy":"product_cat","embeddable":true,"href":"https:\/\/shop.kustom.ch\/it\/wp-json\/wp\/v2\/product_cat?post=588470"},{"taxonomy":"product_tag","embeddable":true,"href":"https:\/\/shop.kustom.ch\/it\/wp-json\/wp\/v2\/product_tag?post=588470"}],"curies":[{"name":"wp","href":"https:\/\/api.w.org\/{rel}","templated":true}]}}