{"id":588244,"date":"2025-03-04T22:35:25","date_gmt":"2025-03-04T21:35:25","guid":{"rendered":"https:\/\/shop.kustom.ch\/?post_type=product&#038;p=588244"},"modified":"2026-03-31T08:50:41","modified_gmt":"2026-03-31T07:50:41","slug":"t-shirt-v-kragen","status":"publish","type":"product","link":"https:\/\/shop.kustom.ch\/it\/prodotto\/t-shirt-v-kragen\/","title":{"rendered":"Maglietta, scollo a V"},"content":{"rendered":"<p>T-shirt comoda ed elastica, realizzata in materiale elasticizzato. \u00c8 la maglietta ideale per le camicie di flanella, ad esempio. Scollo a V.<\/p>\n<p>DETTAGLI: Scollo a V. Cuciture rinforzate sulle spalle. FUNZIONALIT\u00c0: vestibilit\u00e0 slim. CARATTERISTICHE PRINCIPALI: Strato a terra. TESSUTO: Uomo. bianco. Profilo. ISTRUZIONI DI LAVAGGIO: Non candeggiare.<\/p>\n<p>95 % cotone, 5 % elastan, jersey, 160 g\/m\u00b2<\/p>","protected":false},"excerpt":{"rendered":"<p>Ein bequemes und dehnbares T-Shirt aus einem elastischen Material. Das perfekte Unterzieh-Shirt f\u00fcr z.B. Flanellhemden. V-Ausschnitt. DETAILS: V-Ausschnitt. Verst\u00e4rkte Schultern\u00e4hte. FUNKTIONALIT\u00c4T: Slim Fit. HAUPTEIGENSCHAFTEN: Bodenleger. STOFF: Herren. weiss. Profil. WASCHANLEITUNG: Nicht bleichen 95 % Baumwolle, 5 % Elastan, Jersey, 160 g\/m\u00b2<\/p>","protected":false},"featured_media":588269,"template":"","meta":[],"product_brand":[],"product_cat":[4201],"product_tag":[],"class_list":{"0":"post-588244","1":"product","2":"type-product","3":"status-publish","4":"has-post-thumbnail","6":"product_cat-t-shirts","7":"pa_brand-blaklaeder","8":"pa_brand-type-workwear","9":"pa_filter-color-blau","10":"pa_filter-color-grau","11":"pa_filter-color-schwarz","12":"pa_filter-color-weiss","14":"first","15":"instock","16":"sale","17":"taxable","18":"shipping-taxable","19":"purchasable","20":"product-type-variable","21":"add-to-wishlist-before_image"},"exclude_global_add_ons":[],"addons":[],"acf":[],"_links":{"self":[{"href":"https:\/\/shop.kustom.ch\/it\/wp-json\/wp\/v2\/product\/588244"}],"collection":[{"href":"https:\/\/shop.kustom.ch\/it\/wp-json\/wp\/v2\/product"}],"about":[{"href":"https:\/\/shop.kustom.ch\/it\/wp-json\/wp\/v2\/types\/product"}],"wp:featuredmedia":[{"embeddable":true,"href":"https:\/\/shop.kustom.ch\/it\/wp-json\/wp\/v2\/media\/588269"}],"wp:attachment":[{"href":"https:\/\/shop.kustom.ch\/it\/wp-json\/wp\/v2\/media?parent=588244"}],"wp:term":[{"taxonomy":"product_brand","embeddable":true,"href":"https:\/\/shop.kustom.ch\/it\/wp-json\/wp\/v2\/product_brand?post=588244"},{"taxonomy":"product_cat","embeddable":true,"href":"https:\/\/shop.kustom.ch\/it\/wp-json\/wp\/v2\/product_cat?post=588244"},{"taxonomy":"product_tag","embeddable":true,"href":"https:\/\/shop.kustom.ch\/it\/wp-json\/wp\/v2\/product_tag?post=588244"}],"curies":[{"name":"wp","href":"https:\/\/api.w.org\/{rel}","templated":true}]}}