{"id":588199,"date":"2025-03-04T22:34:46","date_gmt":"2025-03-04T21:34:46","guid":{"rendered":"https:\/\/shop.kustom.ch\/?post_type=product&#038;p=588199"},"modified":"2026-03-31T08:50:36","modified_gmt":"2026-03-31T07:50:36","slug":"high-vis-sweater","status":"publish","type":"product","link":"https:\/\/shop.kustom.ch\/it\/prodotto\/high-vis-sweater\/","title":{"rendered":"Maglione High Vis"},"content":{"rendered":"<p>Maglia ad alta visibilit\u00e0 morbida e confortevole con strisce riflettenti interrotte per una libert\u00e0 di movimento e una traspirazione ottimali. Il colore di contrasto \u00e8 in cotone 100 % e l'area ad alta visibilit\u00e0 \u00e8 in poliestere 100 %. Collo a giro, vita e polsini in maglia per un maggiore comfort. Certificato secondo la norma EN ISO 20471, classe 1.<\/p>\n<p>CHIUSURA: Polsini con risvolto. DETTAGLI: Stampa Bl\u00e5kl\u00e4der sulla spalla. Collo rotondo. Cuciture del collo rinforzate. CARATTERISTICHE PRINCIPALI: Autista. Uomo. EN ISO 20471. REFLEX: strisce riflettenti a trasferimento larghe 50 mm. TESSUTO: Uomo. blu. Trasporto. Cotone 100%. ISTRUZIONI DI LAVAGGIO: Numero di lavaggi: 25. 40\u00b0 C. CERTIFICAZIONE: EN ISO 20471, classe 1.<\/p>\n<p>100% Cotone, spugna francese, 320 g\/m\u00b2<\/p>","protected":false},"excerpt":{"rendered":"<p>Weicher und komfortabler High Vis Sweater mit unterbrochenen Reflexstreifen f\u00fcr optimale Bewegungsfreiheit und Atmungsaktivit\u00e4t. Die Kontrastfarbe besteht aus 100 % Baumwolle und der Warnschutzbereich besteht aus 100 % Polyester. Rundhalskragen, Strickbund und B\u00fcndchen f\u00fcr besseren Komfort. Zertifiziert nach EN ISO 20471, Klasse 1. ABSCHLUSS: Armabschluss mit B\u00fcndchen. DETAILS: Bl\u00e5kl\u00e4der-Aufdruck an der Schulter. Rundhals. Verst\u00e4rkte Halsn\u00e4hte. [&hellip;]<\/p>\n","protected":false},"featured_media":588223,"template":"","meta":[],"product_brand":[],"product_cat":[4184],"product_tag":[],"class_list":{"0":"post-588199","1":"product","2":"type-product","3":"status-publish","4":"has-post-thumbnail","6":"product_cat-hoodies-pullover","7":"pa_brand-blaklaeder","8":"pa_brand-type-workwear","9":"pa_filter-color-blau","10":"pa_filter-color-gelb","11":"pa_filter-color-grau","12":"pa_filter-color-orange","13":"pa_filter-color-rot","14":"pa_filter-color-schwarz","16":"first","17":"instock","18":"sale","19":"taxable","20":"shipping-taxable","21":"purchasable","22":"product-type-variable","23":"add-to-wishlist-before_image"},"exclude_global_add_ons":[],"addons":[],"acf":[],"_links":{"self":[{"href":"https:\/\/shop.kustom.ch\/it\/wp-json\/wp\/v2\/product\/588199"}],"collection":[{"href":"https:\/\/shop.kustom.ch\/it\/wp-json\/wp\/v2\/product"}],"about":[{"href":"https:\/\/shop.kustom.ch\/it\/wp-json\/wp\/v2\/types\/product"}],"wp:featuredmedia":[{"embeddable":true,"href":"https:\/\/shop.kustom.ch\/it\/wp-json\/wp\/v2\/media\/588223"}],"wp:attachment":[{"href":"https:\/\/shop.kustom.ch\/it\/wp-json\/wp\/v2\/media?parent=588199"}],"wp:term":[{"taxonomy":"product_brand","embeddable":true,"href":"https:\/\/shop.kustom.ch\/it\/wp-json\/wp\/v2\/product_brand?post=588199"},{"taxonomy":"product_cat","embeddable":true,"href":"https:\/\/shop.kustom.ch\/it\/wp-json\/wp\/v2\/product_cat?post=588199"},{"taxonomy":"product_tag","embeddable":true,"href":"https:\/\/shop.kustom.ch\/it\/wp-json\/wp\/v2\/product_tag?post=588199"}],"curies":[{"name":"wp","href":"https:\/\/api.w.org\/{rel}","templated":true}]}}