{"id":588162,"date":"2025-03-04T22:34:39","date_gmt":"2025-03-04T21:34:39","guid":{"rendered":"https:\/\/shop.kustom.ch\/?post_type=product&#038;p=588162"},"modified":"2026-03-31T08:50:35","modified_gmt":"2026-03-31T07:50:35","slug":"high-vis-sweatshirt","status":"publish","type":"product","link":"https:\/\/shop.kustom.ch\/it\/prodotto\/high-vis-sweatshirt\/","title":{"rendered":"Felpa High Vis"},"content":{"rendered":"<p>Felpa ad alta visibilit\u00e0 con una vestibilit\u00e0 perfetta e strisce riflettenti per essere visti da tutti i lati. La felpa \u00e8 dotata di zip, due tasche anteriori e un taschino sul petto. Sviluppata per il massimo comfort lavorativo e certificata secondo la norma EN 20471 classe 2 (XXS-S), classe 3 (M-&gt;), abbigliamento ad alta visibilit\u00e0.<\/p>\n<p>CHIUSURA: Vita a coste. Polsini con risvolto. DETTAGLI: Collo alto. CHIUSURA ANTERIORE: Zip in plastica. CARATTERISTICHE PRINCIPALI: Artigianale. Disponibile per uomo e donna. RIS-3279-TOM . REFLEX: Materiale riflettente su corpo, maniche e spalle. TESSUTO: Disponibile per uomo e donna. Giallo alta visibilit\u00e0. Protezione ad alta visibilit\u00e0. TASCHE: Tasca sul petto con zip. Tasche laterali con cerniera. ISTRUZIONI DI LAVAGGIO: Numero di lavaggi: 25. stiratura - bassa. CERTIFICAZIONE: Gli indumenti di classe 2 e 3 in arancione sono conformi alla norma RIS-3279-TOM, edizione 2.<\/p>\n<p>100% Poliestere, spazzolato su un lato, 240 g\/m\u00b2<\/p>","protected":false},"excerpt":{"rendered":"<p>Warnschutz-Sweatshirt mit perfekter Passform und Reflexstreifen, damit man von allen Seiten gesehen wird. Das Sweatshirt hat einen Reissverschluss, zwei Taschen vorne und eine Brusttasche. Entwickelt f\u00fcr maximalen Arbeitskomfort und zertifiziert gem\u00e4ss EN 20471 Klasse 2 (XXS-S), Klasse 3 (M-&gt;), Warnschutzkleidung mit hoher Sichtbarkeit. ABSCHLUSS: Gerippter Bund. Armabschluss mit B\u00fcndchen. DETAILS: Hoher Kragen. FRONTVERSCHLUSS: Reissverschluss aus [&hellip;]<\/p>\n","protected":false},"featured_media":588219,"template":"","meta":[],"product_brand":[],"product_cat":[4184],"product_tag":[],"class_list":{"0":"post-588162","1":"product","2":"type-product","3":"status-publish","4":"has-post-thumbnail","6":"product_cat-hoodies-pullover","7":"pa_brand-blaklaeder","8":"pa_brand-type-workwear","9":"pa_filter-color-gelb","10":"pa_filter-color-orange","11":"pa_filter-color-rot","13":"first","14":"instock","15":"sale","16":"taxable","17":"shipping-taxable","18":"purchasable","19":"product-type-variable","20":"add-to-wishlist-before_image"},"exclude_global_add_ons":[],"addons":[],"acf":[],"_links":{"self":[{"href":"https:\/\/shop.kustom.ch\/it\/wp-json\/wp\/v2\/product\/588162"}],"collection":[{"href":"https:\/\/shop.kustom.ch\/it\/wp-json\/wp\/v2\/product"}],"about":[{"href":"https:\/\/shop.kustom.ch\/it\/wp-json\/wp\/v2\/types\/product"}],"wp:featuredmedia":[{"embeddable":true,"href":"https:\/\/shop.kustom.ch\/it\/wp-json\/wp\/v2\/media\/588219"}],"wp:attachment":[{"href":"https:\/\/shop.kustom.ch\/it\/wp-json\/wp\/v2\/media?parent=588162"}],"wp:term":[{"taxonomy":"product_brand","embeddable":true,"href":"https:\/\/shop.kustom.ch\/it\/wp-json\/wp\/v2\/product_brand?post=588162"},{"taxonomy":"product_cat","embeddable":true,"href":"https:\/\/shop.kustom.ch\/it\/wp-json\/wp\/v2\/product_cat?post=588162"},{"taxonomy":"product_tag","embeddable":true,"href":"https:\/\/shop.kustom.ch\/it\/wp-json\/wp\/v2\/product_tag?post=588162"}],"curies":[{"name":"wp","href":"https:\/\/api.w.org\/{rel}","templated":true}]}}