{"id":588000,"date":"2025-03-04T22:32:18","date_gmt":"2025-03-04T21:32:18","guid":{"rendered":"https:\/\/shop.kustom.ch\/?post_type=product&#038;p=588000"},"modified":"2026-03-31T08:50:25","modified_gmt":"2026-03-31T07:50:25","slug":"high-vis-kapuzenshirt","status":"publish","type":"product","link":"https:\/\/shop.kustom.ch\/it\/prodotto\/high-vis-kapuzenshirt\/","title":{"rendered":"Felpa con cappuccio High Vis"},"content":{"rendered":"<p>Felpa con cappuccio classica e morbida, dalla vestibilit\u00e0 comoda e con chiusura a zip, realizzata in poliestere 100%. Cuciture rinforzate sulle spalle e materiale riflettente da 50 mm sul davanti e sul retro. Certificata secondo la norma EN 471, XS-S, classe 2, M-XXXL classe 3.<\/p>\n<p>CHIUSURA: vita a coste. Polsini con risvolto. DETTAGLI: Cappuccio fisso e regolabile. CHIUSURA ANTERIORE: Robusta cerniera in plastica. CARATTERISTICHE PRINCIPALI: Artigianale. EN ISO 20471. REFLEX: Materiale riflettente su corpo, maniche e spalle. TESSUTO: Uomo. Giallo alta visibilit\u00e0. Protezione ad alta visibilit\u00e0. TASCHE: Due tasche anteriori. ISTRUZIONI DI LAVAGGIO: Numero di lavaggi: 25. Stiratura - bassa. CERTIFICAZIONE: Gli indumenti di classe 2 e 3 in arancione sono conformi alla norma RIS-3279-TOM, numero 2.<\/p>\n<p>100% Poliestere, spazzolato su un lato, 240 g\/m\u00b2<\/p>","protected":false},"excerpt":{"rendered":"<p>Klassisches , weiches Kapuzenshirt mit bequemer Passform und Reissverschluss aus 100% Polyester. Verst\u00e4rkte Schultern\u00e4hte mit 50mm reflektierendem Material auf Vorder- und R\u00fcckseite. Zertifiziert nach EN 471, XS-S, Klasse 2, M-XXXL Klasse 3. ABSCHLUSS: Gerippter Bund. Armabschluss mit B\u00fcndchen. DETAILS: Feste, verstellbare Kapuze. FRONTVERSCHLUSS: Robuster Reissverschluss aus Kunststoff. HAUPTEIGENSCHAFTEN: Handwerker. EN ISO 20471. REFLEX: Reflexmaterial an [&hellip;]<\/p>\n","protected":false},"featured_media":588034,"template":"","meta":[],"product_brand":[],"product_cat":[4184],"product_tag":[],"class_list":{"0":"post-588000","1":"product","2":"type-product","3":"status-publish","4":"has-post-thumbnail","6":"product_cat-hoodies-pullover","7":"pa_brand-blaklaeder","8":"pa_brand-type-workwear","9":"pa_filter-color-gelb","10":"pa_filter-color-orange","12":"first","13":"instock","14":"sale","15":"taxable","16":"shipping-taxable","17":"purchasable","18":"product-type-variable","19":"add-to-wishlist-before_image"},"exclude_global_add_ons":[],"addons":[],"acf":[],"_links":{"self":[{"href":"https:\/\/shop.kustom.ch\/it\/wp-json\/wp\/v2\/product\/588000"}],"collection":[{"href":"https:\/\/shop.kustom.ch\/it\/wp-json\/wp\/v2\/product"}],"about":[{"href":"https:\/\/shop.kustom.ch\/it\/wp-json\/wp\/v2\/types\/product"}],"wp:featuredmedia":[{"embeddable":true,"href":"https:\/\/shop.kustom.ch\/it\/wp-json\/wp\/v2\/media\/588034"}],"wp:attachment":[{"href":"https:\/\/shop.kustom.ch\/it\/wp-json\/wp\/v2\/media?parent=588000"}],"wp:term":[{"taxonomy":"product_brand","embeddable":true,"href":"https:\/\/shop.kustom.ch\/it\/wp-json\/wp\/v2\/product_brand?post=588000"},{"taxonomy":"product_cat","embeddable":true,"href":"https:\/\/shop.kustom.ch\/it\/wp-json\/wp\/v2\/product_cat?post=588000"},{"taxonomy":"product_tag","embeddable":true,"href":"https:\/\/shop.kustom.ch\/it\/wp-json\/wp\/v2\/product_tag?post=588000"}],"curies":[{"name":"wp","href":"https:\/\/api.w.org\/{rel}","templated":true}]}}