{"id":587954,"date":"2025-03-04T22:31:44","date_gmt":"2025-03-04T21:31:44","guid":{"rendered":"https:\/\/shop.kustom.ch\/?post_type=product&#038;p=587954"},"modified":"2026-03-31T08:50:24","modified_gmt":"2026-03-31T07:50:24","slug":"high-vis-pullover","status":"publish","type":"product","link":"https:\/\/shop.kustom.ch\/it\/prodotto\/high-vis-pullover\/","title":{"rendered":"Maglione High Vis"},"content":{"rendered":"<p>Questo maglione ad alta visibilit\u00e0 \u00e8 dotato di cuciture rinforzate sul collo e sulle spalle. Polsini delle maniche a coste. Strisce riflettenti larghe 50 mm. Certificato secondo la norma EN ISO 20471, XXS-S classe 2, M-4XL classe 3, abbigliamento protettivo ad alta visibilit\u00e0.<\/p>\n<p>CHIUSURA: Vita a coste. Polsini con risvolto. DETTAGLI: Collo rotondo. PROPRIET\u00c0 PRINCIPALI: Artigianale. Uomo. EN ISO 20471. REFLEX: strisce riflettenti larghe 50 mm. TESSUTO: Uomo. Giallo alta visibilit\u00e0. Alta visibilit\u00e0. ISTRUZIONI DI LAVAGGIO: Numero di lavaggi: 25. asciugatrice - bassa. CERTIFICAZIONE: Gruppo di certificazione C -&gt;M<\/p>\n<p>100% Poliestere, spazzolato su un lato, 240 g\/m\u00b2<\/p>","protected":false},"excerpt":{"rendered":"<p>Dieser High Vis Pullover hat verst\u00e4rkte Nacken- und Schultern\u00e4hte. Gerippte \u00c4rmelb\u00fcndchen. 50 mm breite Reflexstreifen. Zertifiziert nach EN ISO 20471, XXS-S Klasse 2, M-4XL Klasse3, hochsichtbare Schutzkleidung. ABSCHLUSS: Gerippter Bund. Armabschluss mit B\u00fcndchen. DETAILS: Rundhals. HAUPTEIGENSCHAFTEN: Handwerker. Herren. EN ISO 20471. REFLEX: 50 mm breite Reflexstreifen. STOFF: Herren. High-Vis Gelb. Warnschutz. WASCHANLEITUNG: Anzahl der W\u00e4schen: [&hellip;]<\/p>\n","protected":false},"featured_media":587986,"template":"","meta":[],"product_brand":[],"product_cat":[4184],"product_tag":[],"class_list":{"0":"post-587954","1":"product","2":"type-product","3":"status-publish","4":"has-post-thumbnail","6":"product_cat-hoodies-pullover","7":"pa_brand-blaklaeder","8":"pa_brand-type-workwear","9":"pa_filter-color-gelb","10":"pa_filter-color-orange","11":"pa_filter-color-rot","13":"first","14":"instock","15":"sale","16":"taxable","17":"shipping-taxable","18":"purchasable","19":"product-type-variable","20":"add-to-wishlist-before_image"},"exclude_global_add_ons":[],"addons":[],"acf":[],"_links":{"self":[{"href":"https:\/\/shop.kustom.ch\/it\/wp-json\/wp\/v2\/product\/587954"}],"collection":[{"href":"https:\/\/shop.kustom.ch\/it\/wp-json\/wp\/v2\/product"}],"about":[{"href":"https:\/\/shop.kustom.ch\/it\/wp-json\/wp\/v2\/types\/product"}],"wp:featuredmedia":[{"embeddable":true,"href":"https:\/\/shop.kustom.ch\/it\/wp-json\/wp\/v2\/media\/587986"}],"wp:attachment":[{"href":"https:\/\/shop.kustom.ch\/it\/wp-json\/wp\/v2\/media?parent=587954"}],"wp:term":[{"taxonomy":"product_brand","embeddable":true,"href":"https:\/\/shop.kustom.ch\/it\/wp-json\/wp\/v2\/product_brand?post=587954"},{"taxonomy":"product_cat","embeddable":true,"href":"https:\/\/shop.kustom.ch\/it\/wp-json\/wp\/v2\/product_cat?post=587954"},{"taxonomy":"product_tag","embeddable":true,"href":"https:\/\/shop.kustom.ch\/it\/wp-json\/wp\/v2\/product_tag?post=587954"}],"curies":[{"name":"wp","href":"https:\/\/api.w.org\/{rel}","templated":true}]}}