{"id":587866,"date":"2025-03-04T22:30:30","date_gmt":"2025-03-04T21:30:30","guid":{"rendered":"https:\/\/shop.kustom.ch\/?post_type=product&#038;p=587866"},"modified":"2026-03-31T08:50:18","modified_gmt":"2026-03-31T07:50:18","slug":"pullover","status":"publish","type":"product","link":"https:\/\/shop.kustom.ch\/it\/prodotto\/pullover\/","title":{"rendered":"Ponticello"},"content":{"rendered":"<p>Felpa confortevole con collo rotondo a costine e cucitura del collo rinforzata. Cucitura rinforzata sulle spalle e polsini alle estremit\u00e0 delle maniche e all'orlo della maglia.<\/p>\n<p>CHIUSURA: Polsini con risvolto. DETTAGLI: Collo rotondo. Cuciture rinforzate sulle spalle. CARATTERISTICHE PRINCIPALI: Pescatore. Uomo. TESSUTO: Uomo. bianco. Profilo. ISTRUZIONI DI LAVAGGIO: Non centrifugare.<\/p>\n<p>100% Cotone, spugna francese, 320 g\/m\u00b2<\/p>","protected":false},"excerpt":{"rendered":"<p>Komfortables Sweatshirt mit rundem ripp-gestrickten Hals und verst\u00e4rkter Halsnaht. Verst\u00e4rkte Schulternaht und B\u00fcndchen am \u00c4rmelabschluss und am Saum des Shirts. ABSCHLUSS: Armabschluss mit B\u00fcndchen. DETAILS: Rundhals. Verst\u00e4rkte Schultern\u00e4hte. HAUPTEIGENSCHAFTEN: Fischer. Herren. STOFF: Herren. weiss. Profil. WASCHANLEITUNG: Nicht schleudern 100% Baumwolle, French Terry, 320 g\/m\u00b2<\/p>","protected":false},"featured_media":587892,"template":"","meta":[],"product_brand":[],"product_cat":[4184],"product_tag":[],"class_list":{"0":"post-587866","1":"product","2":"type-product","3":"status-publish","4":"has-post-thumbnail","6":"product_cat-hoodies-pullover","7":"pa_brand-blaklaeder","8":"pa_brand-type-workwear","9":"pa_filter-color-blau","10":"pa_filter-color-grau","11":"pa_filter-color-rot","12":"pa_filter-color-schwarz","13":"pa_filter-color-weiss","15":"first","16":"instock","17":"sale","18":"taxable","19":"shipping-taxable","20":"purchasable","21":"product-type-variable","22":"add-to-wishlist-before_image"},"exclude_global_add_ons":[],"addons":[],"acf":[],"_links":{"self":[{"href":"https:\/\/shop.kustom.ch\/it\/wp-json\/wp\/v2\/product\/587866"}],"collection":[{"href":"https:\/\/shop.kustom.ch\/it\/wp-json\/wp\/v2\/product"}],"about":[{"href":"https:\/\/shop.kustom.ch\/it\/wp-json\/wp\/v2\/types\/product"}],"wp:featuredmedia":[{"embeddable":true,"href":"https:\/\/shop.kustom.ch\/it\/wp-json\/wp\/v2\/media\/587892"}],"wp:attachment":[{"href":"https:\/\/shop.kustom.ch\/it\/wp-json\/wp\/v2\/media?parent=587866"}],"wp:term":[{"taxonomy":"product_brand","embeddable":true,"href":"https:\/\/shop.kustom.ch\/it\/wp-json\/wp\/v2\/product_brand?post=587866"},{"taxonomy":"product_cat","embeddable":true,"href":"https:\/\/shop.kustom.ch\/it\/wp-json\/wp\/v2\/product_cat?post=587866"},{"taxonomy":"product_tag","embeddable":true,"href":"https:\/\/shop.kustom.ch\/it\/wp-json\/wp\/v2\/product_tag?post=587866"}],"curies":[{"name":"wp","href":"https:\/\/api.w.org\/{rel}","templated":true}]}}